{"id":9225,"date":"2022-12-02T07:49:36","date_gmt":"2022-12-02T07:49:36","guid":{"rendered":"https:\/\/iris-cc.cat\/politica-de-donacions"},"modified":"2022-12-14T14:07:07","modified_gmt":"2022-12-14T14:07:07","slug":"donations-policy","status":"publish","type":"page","link":"https:\/\/iris-cc.cat\/en\/donations-policy","title":{"rendered":"Donations Policy"},"content":{"rendered":"\t\t<div data-elementor-type=\"wp-page\" data-elementor-id=\"9225\" class=\"elementor elementor-9225 elementor-9219\" data-elementor-post-type=\"page\">\n\t\t\t\t\t\t<section class=\"elementor-section elementor-top-section elementor-element elementor-element-26b1845 elementor-section-boxed elementor-section-height-default elementor-section-height-default\" data-id=\"26b1845\" data-element_type=\"section\">\n\t\t\t\t\t\t<div class=\"elementor-container elementor-column-gap-default\">\n\t\t\t\t\t<div class=\"elementor-column elementor-col-100 elementor-top-column elementor-element elementor-element-9361d7f\" data-id=\"9361d7f\" data-element_type=\"column\">\n\t\t\t<div class=\"elementor-widget-wrap elementor-element-populated\">\n\t\t\t\t\t\t<div class=\"elementor-element elementor-element-bfcc32f elementor-widget elementor-widget-heading\" data-id=\"bfcc32f\" data-element_type=\"widget\" data-widget_type=\"heading.default\">\n\t\t\t\t<div class=\"elementor-widget-container\">\n\t\t\t<h2 class=\"elementor-heading-title elementor-size-default\">Donations policy<\/h2>\t\t<\/div>\n\t\t\t\t<\/div>\n\t\t\t\t<div class=\"elementor-element elementor-element-db7372b elementor-widget elementor-widget-text-editor\" data-id=\"db7372b\" data-element_type=\"widget\" data-widget_type=\"text-editor.default\">\n\t\t\t\t<div class=\"elementor-widget-container\">\n\t\t\t\t\t\t\t<p>In compliance with Law 34\/2002, of July 11, on Services of the Information Society and Electronic Commerce, the User is informed that the owner of the website <a href=\"mailto:info@iris-cc.cat\">info@iris-cc.cat<\/a> is FUNDACI\u00d3 IRIS-CC (INSTITUT DE RECERCA I INNOVACI\u00d3 EN SCI\u00c8NCIES DE VIDA I LA SALUT A LA CATALUNYA CENTRAL), hereinafter the RESPONSIBLE, and its identification data are as follows:<\/p>\n<ul>\n<li><strong>Company name: FUNDACI\u00d3 IRIS-CC (INSTITUT OF RESEARCH AND INNOVACI\u00d3 IN LIFE SCIENCES AND HEALTH IN CENTRAL CATALONIA)<\/strong><\/li>\n<li><strong>NIF: G09998055<\/strong><\/li>\n<li><strong>Address: CTRA. OF RODA NUM. 70 08500 VIC &#8211; BARCELONA<\/strong><\/li>\n<li><strong>Telephone: 938815537<\/strong><\/li>\n<li><strong>Email: info@iris-cc.cat<\/strong><\/li>\n<li><strong>Foundations Registry: Registration number 3291 dated July 4, 2022.<\/strong><\/li>\n<\/ul>\n<p><u><br><\/u><\/p><p><u>Object<\/u><\/p>\n<p>The RESPONSIBLE will promote a solidarity model to encourage the participation of society (citizens, companies, foundations and public and private entities) in the financing of priority research areas aimed at solving people&#8217;s health problems.<\/p>\n<p>The RESPONSIBLE has research groups specialized in: aging, care for the elderly, public and community health, clinical research on prevalent diseases, regenerative medicine and the application of new technologies to health problems.<\/p>\n<p>The RESPONSIBLE offers, through this website, the possibility of making donations from the &#8220;Donations&#8221; section. Donations will always be punctual and will be used to support our research programs related to people&#8217;s health problems.<\/p>\n<p><u><br><\/u><\/p><p><u>Data treatment<\/u><\/p>\n<p>The RESPONSIBLE, in accordance with Regulation (EU) 2016\/679, of April 27, 2016, regarding the protection of natural persons about the processing of personal data and the free circulation of these data, as well as with Organic Law 3\/2018, of December 5, on the Protection of Personal Data and guarantee of digital rights, as Responsible for the Treatment of the personal data provided, indicates the following information:<\/p>\n<ul>\n<li>Purpose of data processing\n<ul>\n<li>The data will be processed for the purpose of processing the donation.<\/li>\n<li>Provide the corresponding tax certificate.<\/li>\n<\/ul>\n<\/li>\n<\/ul>\n<ul>\n<li>Legal basis for data processing\n<ul>\n<li>The legitimate basis for the processing of personal data is the consent of the interested party, by virtue of article 6.1.a) of the GDPR, as well as for compliance with a legal obligation applicable to the data RESPONSIBLE, by virtue of article 6.1 c ), regarding the processing of the tax certificate.<\/li>\n<\/ul>\n<\/li>\n<\/ul>\n<ul>\n<li>Conservation period\n<ul>\n<li>The data will not be kept for longer than necessary for which they have been collected unless there is a legal obligation.<\/li>\n<\/ul>\n<\/li>\n<\/ul>\n<ul>\n<li>International data transfers\n<ul>\n<li>No international transfer of personal data is anticipated.<\/li>\n<\/ul>\n<\/li>\n<\/ul>\n<ul>\n<li>Transfer of data to third parties\n<ul>\n<li>The RESPONSIBLE will not transfer personal data to third parties. However, in the case of being transferred to a third party, prior information would be produced requesting the express consent of the affected party under article 4.11 of Regulation (EU) 2016\/679.<\/li>\n<\/ul>\n<\/li>\n<\/ul>\n<ul>\n<li>Exercise of rights of access, rectification, deletion, limitation, portability and opposition\n<ul>\n<li>You can direct your communications and exercise the rights of access, rectification, deletion, limitation, portability and opposition through postal mail at the RESPONSIBLE CTRA. OF RODA NUM. 70 08500 VIC &#8211; BARCELONA or by email: info@iris-cc.cat along with valid legal proof, such as a photocopy of the DNI and indicating &#8220;DATA PROTECTION&#8221; in the subject line.<\/li>\n<li>Likewise, you can contact the competent Data Protection Control Authority to obtain additional information or file a claim.<\/li>\n<\/ul>\n<\/li>\n<\/ul>\n<p><u><br><\/u><\/p><p><u>Payment Methods<\/u><\/p>\n<p>The user may make donations to the RESPONSIBLE through the following form of payment:<\/p>\n<ul>\n<li>Credit card.<\/li>\n<\/ul>\n<p>All operations that involve the transmission of personal or banking data are carried out using a secure environment, a server based on the standard security technology SSL (Secure Sockets Layer ). All the information that you transmit to us travels encrypted through the network.<\/p>\n<p>Likewise, the data on your credit card are entered directly on the bank&#8217;s page, in the POS (Point of Sale Terminal of the Bank) and are not entered or registered in any server of the RESPONSIBLE.<\/p>\n<p>When paying with a VISA or MASTERCARD card, the following information will always be requested: the card number, the expiration date, and a Validation Code that matches the last 3 digits of the number printed in italics on the back of your VISA or MASTERCARD card. MASTERCARD, thus offering more guarantees regarding the security of the transaction.<\/p>\n<p>This form of payment is valid only on the web.<\/p>\n<p>When the amount of a purchase has been charged fraudulently or improperly using a payment card number, its holder may demand the immediate cancellation of the charge. In such a case, the corresponding debit and repayment entries in the accounts of the supplier and the holder will be made as soon as possible.<\/p>\n<p>However, if the purchase had been made by the cardholder and the return requirement was not a consequence of having exercised the right of withdrawal or resolution and, therefore, would have unduly required the cancellation of the corresponding charge, it will remain obligated before the RESPONSIBLE to compensate the damages caused as a consequence of said annulment.<\/p>\n<p><em>*If the user wishes to donate by bank transfer or using another payment method, they can contact the RESPONSIBLE at <\/em><a href=\"mailto:info@iris-cc.cat\"><em>info@iris-cc.cat <\/em><\/a><em>. <\/em><\/p>\n<p><u><br><\/u><\/p><p><u>Tax deductions applicable to your donations<\/u><\/p>\n<p>As a partner or donor of the RESPONSIBLE, we inform you that all donations made to our entity by a tax resident donor in Spain enjoy a deduction in the personal income tax (if the donor is a natural person) or in corporate tax (if the donor is a legal person). In the case of foreign donations, tax treatment is relegated to the laws of each country. If you require a physical donation receipt for tax reasons, you can request it by emailing <a href=\"mailto:info@iris-cc.cat\">info@iris-cc.cat <\/a>.<\/p>\n<p><u><br><\/u><\/p><p><u>How to unsubscribe<\/u><\/p>\n<p>Regular donors or members of the RESPONSIBLE may unsubscribe at any time by writing to <a href=\"mailto:info@iris-cc.cat\">info@iris-cc.cat <\/a>or by sending a postal mail to the following address: CTRA. OF RODA NUM. 70 08500 VIC &#8211; BARCELONA; specifying the reason for the withdrawal.<\/p>\n<p><u><br><\/u><\/p><p><u>Jurisdiction<\/u><\/p>\n<p>The RESPONSIBLE reserves the right to present civil or criminal actions that it deems appropriate for the improper use of its website and contents or for breach of this donation policy.<\/p>\n<p>The relationship between the user and the RESPONSIBLE will be governed by current regulations and applicable in Spanish territory. If any controversy arises, the parties may submit their conflicts to arbitration or go to the ordinary jurisdiction, complying with the rules on jurisdiction and competence in this regard. The RESPONSIBLE is domiciled at C\/ CAL XIC 28 08560 MANLLEU &#8211; BARCELONA, Spain.<\/p>\t\t\t\t\t\t<\/div>\n\t\t\t\t<\/div>\n\t\t\t\t\t<\/div>\n\t\t<\/div>\n\t\t\t\t\t<\/div>\n\t\t<\/section>\n\t\t\t\t<\/div>\n\t\t","protected":false},"excerpt":{"rendered":"<p>Donations policy In compliance with Law 34\/2002, of July 11, on Services of the Information Society and Electronic Commerce, the User is informed that the owner of the website info@iris-cc.cat is FUNDACI\u00d3 IRIS-CC (INSTITUT DE RECERCA I INNOVACI\u00d3 EN SCI\u00c8NCIES DE VIDA I LA SALUT A LA CATALUNYA CENTRAL), hereinafter the RESPONSIBLE, and its identification&hellip;<\/p>\n","protected":false},"author":1,"featured_media":0,"parent":0,"menu_order":0,"comment_status":"closed","ping_status":"closed","template":"","meta":{"footnotes":""},"class_list":["post-9225","page","type-page","status-publish","hentry"],"yoast_head":"<!-- This site is optimized with the Yoast SEO plugin v23.9 - https:\/\/yoast.com\/wordpress\/plugins\/seo\/ -->\n<title>Donations Policy - IRIS-CC<\/title>\n<meta name=\"robots\" content=\"noindex, follow\" \/>\n<meta property=\"og:locale\" content=\"en_US\" \/>\n<meta property=\"og:type\" content=\"article\" \/>\n<meta property=\"og:title\" content=\"Donations Policy - IRIS-CC\" \/>\n<meta property=\"og:description\" content=\"Donations policy In compliance with Law 34\/2002, of July 11, on Services of the Information Society and Electronic Commerce, the User is informed that the owner of the website info@iris-cc.cat is FUNDACI\u00d3 IRIS-CC (INSTITUT DE RECERCA I INNOVACI\u00d3 EN SCI\u00c8NCIES DE VIDA I LA SALUT A LA CATALUNYA CENTRAL), hereinafter the RESPONSIBLE, and its identification&hellip;\" \/>\n<meta property=\"og:url\" content=\"https:\/\/iris-cc.cat\/en\/donations-policy\" \/>\n<meta property=\"og:site_name\" content=\"IRIS-CC\" \/>\n<meta property=\"article:modified_time\" content=\"2022-12-14T14:07:07+00:00\" \/>\n<meta name=\"twitter:card\" content=\"summary_large_image\" \/>\n<meta name=\"twitter:label1\" content=\"Est. reading time\" \/>\n\t<meta name=\"twitter:data1\" content=\"6 minutes\" \/>\n<script type=\"application\/ld+json\" class=\"yoast-schema-graph\">{\"@context\":\"https:\/\/schema.org\",\"@graph\":[{\"@type\":\"WebPage\",\"@id\":\"https:\/\/iris-cc.cat\/en\/donations-policy\",\"url\":\"https:\/\/iris-cc.cat\/en\/donations-policy\",\"name\":\"Donations Policy - IRIS-CC\",\"isPartOf\":{\"@id\":\"https:\/\/iris-cc.cat\/en#website\"},\"datePublished\":\"2022-12-02T07:49:36+00:00\",\"dateModified\":\"2022-12-14T14:07:07+00:00\",\"breadcrumb\":{\"@id\":\"https:\/\/iris-cc.cat\/en\/donations-policy#breadcrumb\"},\"inLanguage\":\"en-US\",\"potentialAction\":[{\"@type\":\"ReadAction\",\"target\":[\"https:\/\/iris-cc.cat\/en\/donations-policy\"]}]},{\"@type\":\"BreadcrumbList\",\"@id\":\"https:\/\/iris-cc.cat\/en\/donations-policy#breadcrumb\",\"itemListElement\":[{\"@type\":\"ListItem\",\"position\":1,\"name\":\"Inici\",\"item\":\"https:\/\/iris-cc.cat\/en\"},{\"@type\":\"ListItem\",\"position\":2,\"name\":\"Donations Policy\"}]},{\"@type\":\"WebSite\",\"@id\":\"https:\/\/iris-cc.cat\/en#website\",\"url\":\"https:\/\/iris-cc.cat\/en\",\"name\":\"IRIS-CC\",\"description\":\"Institut de Recerca i Innovaci\u00f3 en Ci\u00e8ncies de la Vida i de la Salut a la Catalunya Central\",\"publisher\":{\"@id\":\"https:\/\/iris-cc.cat\/en#organization\"},\"potentialAction\":[{\"@type\":\"SearchAction\",\"target\":{\"@type\":\"EntryPoint\",\"urlTemplate\":\"https:\/\/iris-cc.cat\/en?s={search_term_string}\"},\"query-input\":{\"@type\":\"PropertyValueSpecification\",\"valueRequired\":true,\"valueName\":\"search_term_string\"}}],\"inLanguage\":\"en-US\"},{\"@type\":\"Organization\",\"@id\":\"https:\/\/iris-cc.cat\/en#organization\",\"name\":\"Institut de Recerca i Innovaci\u00f3 en Ci\u00e8ncies de la Vida i de la Salut a la Catalunya Central\",\"url\":\"https:\/\/iris-cc.cat\/en\",\"logo\":{\"@type\":\"ImageObject\",\"inLanguage\":\"en-US\",\"@id\":\"https:\/\/iris-cc.cat\/en#\/schema\/logo\/image\/\",\"url\":\"https:\/\/iris-cc.cat\/wp-content\/uploads\/2022\/08\/iris-cc-logo.png\",\"contentUrl\":\"https:\/\/iris-cc.cat\/wp-content\/uploads\/2022\/08\/iris-cc-logo.png\",\"width\":628,\"height\":172,\"caption\":\"Institut de Recerca i Innovaci\u00f3 en Ci\u00e8ncies de la Vida i de la Salut a la Catalunya Central\"},\"image\":{\"@id\":\"https:\/\/iris-cc.cat\/en#\/schema\/logo\/image\/\"}}]}<\/script>\n<!-- \/ Yoast SEO plugin. -->","yoast_head_json":{"title":"Donations Policy - IRIS-CC","robots":{"index":"noindex","follow":"follow"},"og_locale":"en_US","og_type":"article","og_title":"Donations Policy - IRIS-CC","og_description":"Donations policy In compliance with Law 34\/2002, of July 11, on Services of the Information Society and Electronic Commerce, the User is informed that the owner of the website info@iris-cc.cat is FUNDACI\u00d3 IRIS-CC (INSTITUT DE RECERCA I INNOVACI\u00d3 EN SCI\u00c8NCIES DE VIDA I LA SALUT A LA CATALUNYA CENTRAL), hereinafter the RESPONSIBLE, and its identification&hellip;","og_url":"https:\/\/iris-cc.cat\/en\/donations-policy","og_site_name":"IRIS-CC","article_modified_time":"2022-12-14T14:07:07+00:00","twitter_card":"summary_large_image","twitter_misc":{"Est. reading time":"6 minutes"},"schema":{"@context":"https:\/\/schema.org","@graph":[{"@type":"WebPage","@id":"https:\/\/iris-cc.cat\/en\/donations-policy","url":"https:\/\/iris-cc.cat\/en\/donations-policy","name":"Donations Policy - IRIS-CC","isPartOf":{"@id":"https:\/\/iris-cc.cat\/en#website"},"datePublished":"2022-12-02T07:49:36+00:00","dateModified":"2022-12-14T14:07:07+00:00","breadcrumb":{"@id":"https:\/\/iris-cc.cat\/en\/donations-policy#breadcrumb"},"inLanguage":"en-US","potentialAction":[{"@type":"ReadAction","target":["https:\/\/iris-cc.cat\/en\/donations-policy"]}]},{"@type":"BreadcrumbList","@id":"https:\/\/iris-cc.cat\/en\/donations-policy#breadcrumb","itemListElement":[{"@type":"ListItem","position":1,"name":"Inici","item":"https:\/\/iris-cc.cat\/en"},{"@type":"ListItem","position":2,"name":"Donations Policy"}]},{"@type":"WebSite","@id":"https:\/\/iris-cc.cat\/en#website","url":"https:\/\/iris-cc.cat\/en","name":"IRIS-CC","description":"Institut de Recerca i Innovaci\u00f3 en Ci\u00e8ncies de la Vida i de la Salut a la Catalunya Central","publisher":{"@id":"https:\/\/iris-cc.cat\/en#organization"},"potentialAction":[{"@type":"SearchAction","target":{"@type":"EntryPoint","urlTemplate":"https:\/\/iris-cc.cat\/en?s={search_term_string}"},"query-input":{"@type":"PropertyValueSpecification","valueRequired":true,"valueName":"search_term_string"}}],"inLanguage":"en-US"},{"@type":"Organization","@id":"https:\/\/iris-cc.cat\/en#organization","name":"Institut de Recerca i Innovaci\u00f3 en Ci\u00e8ncies de la Vida i de la Salut a la Catalunya Central","url":"https:\/\/iris-cc.cat\/en","logo":{"@type":"ImageObject","inLanguage":"en-US","@id":"https:\/\/iris-cc.cat\/en#\/schema\/logo\/image\/","url":"https:\/\/iris-cc.cat\/wp-content\/uploads\/2022\/08\/iris-cc-logo.png","contentUrl":"https:\/\/iris-cc.cat\/wp-content\/uploads\/2022\/08\/iris-cc-logo.png","width":628,"height":172,"caption":"Institut de Recerca i Innovaci\u00f3 en Ci\u00e8ncies de la Vida i de la Salut a la Catalunya Central"},"image":{"@id":"https:\/\/iris-cc.cat\/en#\/schema\/logo\/image\/"}}]}},"_links":{"self":[{"href":"https:\/\/iris-cc.cat\/en\/wp-json\/wp\/v2\/pages\/9225","targetHints":{"allow":["GET"]}}],"collection":[{"href":"https:\/\/iris-cc.cat\/en\/wp-json\/wp\/v2\/pages"}],"about":[{"href":"https:\/\/iris-cc.cat\/en\/wp-json\/wp\/v2\/types\/page"}],"author":[{"embeddable":true,"href":"https:\/\/iris-cc.cat\/en\/wp-json\/wp\/v2\/users\/1"}],"replies":[{"embeddable":true,"href":"https:\/\/iris-cc.cat\/en\/wp-json\/wp\/v2\/comments?post=9225"}],"version-history":[{"count":5,"href":"https:\/\/iris-cc.cat\/en\/wp-json\/wp\/v2\/pages\/9225\/revisions"}],"predecessor-version":[{"id":9824,"href":"https:\/\/iris-cc.cat\/en\/wp-json\/wp\/v2\/pages\/9225\/revisions\/9824"}],"wp:attachment":[{"href":"https:\/\/iris-cc.cat\/en\/wp-json\/wp\/v2\/media?parent=9225"}],"curies":[{"name":"wp","href":"https:\/\/api.w.org\/{rel}","templated":true}]}}