{"id":9771,"date":"2022-09-14T14:31:10","date_gmt":"2022-09-14T14:31:10","guid":{"rendered":"https:\/\/iris-cc.cat\/politica-de-cookies"},"modified":"2022-12-14T12:57:40","modified_gmt":"2022-12-14T12:57:40","slug":"cookies-policy","status":"publish","type":"page","link":"https:\/\/iris-cc.cat\/en\/cookies-policy","title":{"rendered":"Cookies Policy"},"content":{"rendered":"\t\t<div data-elementor-type=\"wp-page\" data-elementor-id=\"9771\" class=\"elementor elementor-9771 elementor-7446\" data-elementor-post-type=\"page\">\n\t\t\t\t\t\t<section class=\"elementor-section elementor-top-section elementor-element elementor-element-26b1845 elementor-section-boxed elementor-section-height-default elementor-section-height-default\" data-id=\"26b1845\" data-element_type=\"section\">\n\t\t\t\t\t\t<div class=\"elementor-container elementor-column-gap-default\">\n\t\t\t\t\t<div class=\"elementor-column elementor-col-100 elementor-top-column elementor-element elementor-element-9361d7f\" data-id=\"9361d7f\" data-element_type=\"column\">\n\t\t\t<div class=\"elementor-widget-wrap elementor-element-populated\">\n\t\t\t\t\t\t<div class=\"elementor-element elementor-element-bfcc32f elementor-widget elementor-widget-heading\" data-id=\"bfcc32f\" data-element_type=\"widget\" data-widget_type=\"heading.default\">\n\t\t\t\t<div class=\"elementor-widget-container\">\n\t\t\t<h2 class=\"elementor-heading-title elementor-size-default\">Cookies Policy<\/h2>\t\t<\/div>\n\t\t\t\t<\/div>\n\t\t\t\t<div class=\"elementor-element elementor-element-db7372b elementor-widget elementor-widget-text-editor\" data-id=\"db7372b\" data-element_type=\"widget\" data-widget_type=\"text-editor.default\">\n\t\t\t\t<div class=\"elementor-widget-container\">\n\t\t\t\t\t\t\t<p>Through this document, FUNDACI\u00d3 IRIS-CC (INSTITUT DE RECERCA I INNOVACI\u00d3 EN CI\u00c8NCIES DE LA VIDA I LA SALUT A LA CATALUNYA CENTRAL) \u201cthe Responsible\u201d, collects its Policy of collection and cookies\u2019 handle in accordance with the article 22.2. of the Law 34\/2002, on the 11th of July, of Information Society Services and Electronic Commerce Services (L.S.S.I.-C.E.)<\/p>\n<p>Cookies are store in the user&#8217;s terminal equipment (computer or mobile phone) and they collect information when you visit the webpage www.iris-cc.cat to improve its usability, know the habits and needs of the user, when it navigates, to adapt to them and get information with statistical purposes. In case the users are costumers of the Responsible, the information collected with cookies it will help with their identification when the users enter to the different tools that the Responsible, offer them to manage their services.<\/p>\n<p>The current cookies policy will be applied to those users who visit voluntarily the Responsible\u2019s webpages, fill in questionnaires, access to the tools that the Responsible, offers to its customers to manage their services or they use any other service in the webpage that implies data&#8217;s communication to provision its services.&nbsp;<\/p>\n<p>The Responsible, informs the users about their webpages, cookies and provides the current Policy to inform them about the use and the object. If, as a user, you continue the navigation through its webpages, you will get knowledge and you will accept the current Policy.<\/p>\n<p>The Responsible, uses the following types of cookies:&nbsp;<\/p>\n<p>The next ones are classified according to its ownership:&nbsp;<\/p>\n<ul>\n<li>Own cookies: directly send and manage by the Responsible,<\/li>\n<li>Third parties\u2019 cookies: send and manage by a third party external to the Responsible, in anonymously way, with the purpose to realize statistic studies of navigation through the Responsible\u2019s webpages.<\/li>\n<\/ul>\n<p>The next ones are classified according to its purpose:&nbsp;<\/p>\n<ul>\n<li>Technical and\/or personalization cookies: they facilitate the navigation when they identify the session, permit the access to restricted tools and customize the available options. They allow the provision of the service previously requested by the user.<\/li>\n<li>Analysis and\/or personalization cookies: they allow the Responsible, to know how many visits it has received in the different sections of its webpage, the user\u2019s habits and trends and, as a consequence, to improve the navigation and the service offered by the Responsible (fundamentally, Google Analytics*), as well as manage advertising spaces that are in the webpage visited by the user. the Responsible, collects all the data, as an anonymous way, with the purpose of getting profiles of navigation from the users.<\/li>\n<\/ul>\n<p>The next ones are classified according to its duration:&nbsp;<\/p>\n<ul>\n<li>Session cookies: they collect and store the data while the user is accessing to the webpage.<\/li>\n<li>Persistent cookies: they collect and store the data in the user\u2019s terminal during variable time depending on the purpose which they have been used for.<\/li>\n<\/ul>\n<p><strong><br><\/strong><\/p><p><strong>WHAT TYPE OF COOKIES DOES THE WEB USE?<\/strong><\/p>\n<table width=\"578\">\n<thead>\n<tr>\n<td colspan=\"2\" width=\"74\">\n<p>&nbsp;<strong>Cookie<\/strong><\/p>\n<\/td>\n<td colspan=\"2\" width=\"131\">\n<p><strong>Name<\/strong><\/p>\n<\/td>\n<td width=\"131\">\n<p><strong>Purpose<\/strong><\/p>\n<\/td>\n<td colspan=\"2\" width=\"223\">\n<p><strong>More information<\/strong><\/p>\n<\/td>\n<td width=\"8\">&nbsp;<\/td>\n<\/tr>\n<\/thead>\n<tbody>\n<tr>\n<td colspan=\"2\" width=\"74\">\n<p>WordPress<\/p>\n<\/td>\n<td colspan=\"2\" width=\"131\">\n<p>__wpdm_client<\/p>\n<\/td>\n<td width=\"131\">\n<p>Cookie necessary for the use of the options and services of the website<\/p>\n<\/td>\n<td colspan=\"2\" width=\"223\">\n<p><a href=\"https:\/\/es.wordpress.org\/about\/privacy\/\">https:\/\/es.wordpress.org\/about\/privacy\/<\/a><\/p>\n<\/td>\n<td width=\"8\">&nbsp;<\/td>\n<\/tr>\n<tr>\n<td colspan=\"2\" width=\"74\">\n<p>WordPress<\/p>\n<\/td>\n<td colspan=\"2\" width=\"131\">\n<p>wordpress_test_cookie<\/p>\n<\/td>\n<td width=\"131\">\n<p>This cookie is used so that the WordPress content manager checks if the browser has cookies activated and therefore, if the user accepts cookies.<\/p>\n<\/td>\n<td colspan=\"2\" width=\"223\">\n<p><a href=\"https:\/\/es.wordpress.org\/about\/privacy\/\">https:\/\/es.wordpress.org\/about\/privacy\/<\/a><\/p>\n<\/td>\n<td width=\"8\">&nbsp;<\/td>\n<\/tr>\n<tr>\n<td colspan=\"2\" width=\"74\">\n<p>WordPress<\/p>\n<\/td>\n<td colspan=\"2\" width=\"131\">\n<p>wordpress_sec_<\/p>\n<\/td>\n<td width=\"131\">\n<p>Used as a key to control a user&#8217;s access to the WordPress service<\/p>\n<\/td>\n<td colspan=\"2\" width=\"223\">\n<p><a href=\"https:\/\/es.wordpress.org\/about\/privacy\/\">https:\/\/es.wordpress.org\/about\/privacy\/<\/a><\/p>\n<\/td>\n<td width=\"8\">&nbsp;<\/td>\n<\/tr>\n<tr>\n<td colspan=\"2\" width=\"74\">\n<p>WordPress<\/p>\n<\/td>\n<td colspan=\"2\" width=\"131\">\n<p>wordpress_logged_in_<\/p>\n<\/td>\n<td width=\"131\">\n<p>WordPress cookie for logged in users<\/p>\n<\/td>\n<td colspan=\"2\" width=\"223\">\n<p><a href=\"https:\/\/es.wordpress.org\/about\/privacy\/\">https:\/\/es.wordpress.org\/about\/privacy\/<\/a><\/p>\n<\/td>\n<td width=\"8\">&nbsp;<\/td>\n<\/tr>\n<tr>\n<td width=\"72\">\n<p>WordPress<\/p>\n<\/td>\n<td colspan=\"2\" width=\"131\">\n<p>cookies_and_content_security_policy<\/p>\n<\/td>\n<td colspan=\"3\" width=\"140\">\n<p>It is used to be able to accept the cookies policy and that it does not appear every time we visit another part of the web<\/p>\n<\/td>\n<td colspan=\"2\" width=\"225\">\n<p><a href=\"https:\/\/es.wordpress.org\/about\/privacy\/\">https:\/\/es.wordpress.org\/about\/privacy\/<\/a><\/p>\n<\/td>\n<\/tr>\n<tr>\n<td width=\"72\">\n<p>WordPress<\/p>\n<\/td>\n<td colspan=\"2\" width=\"131\">\n<p>wp-settings-{time}-{UID}<\/p>\n<\/td>\n<td colspan=\"3\" width=\"140\">\n<p>The UID at the end of the cookie name contains the user ID stored in the WordPress database. It is used to store the skin of the admin interface and can be used to store the skin of the main site<\/p>\n<\/td>\n<td colspan=\"2\" width=\"225\">\n<p><a href=\"https:\/\/es.wordpress.org\/about\/privacy\/\">https:\/\/es.wordpress.org\/about\/privacy\/<\/a><\/p>\n<\/td>\n<\/tr>\n<tr>\n<td width=\"72\">\n<p>Google Analytics<\/p>\n<\/td>\n<td colspan=\"2\" width=\"131\">\n<p>__ga<\/p>\n<\/td>\n<td colspan=\"3\" width=\"140\">\n<p>It is used to identify and distinguish a user. They store a unique client identifier (Client ID), which is randomly generated. It is used to calculate user interactions (visits, user data, sessions and campaigns), in order to optimize the services they offer.<\/p>\n<\/td>\n<td colspan=\"2\" width=\"225\">\n<p>\u2013 <a href=\"https:\/\/safety.google\/security-privacy\/\">Google Privacy Center<\/a><\/p>\n<p>\u2013 <a href=\"https:\/\/tools.google.com\/dlpage\/gaoptout?hl=en\">Google Analytics opt-out plugin<\/a><\/p>\n<\/td>\n<\/tr>\n<tr>\n<td width=\"72\">\n<p>Google Analytics<\/p>\n<\/td>\n<td colspan=\"2\" width=\"131\">\n<p>__gid<\/p>\n<\/td>\n<td colspan=\"3\" width=\"140\">\n<p>It is used to identify the same user for a single day.<\/p>\n<\/td>\n<td colspan=\"2\" width=\"225\">\n<p>\u2013 <a href=\"https:\/\/safety.google\/security-privacy\/\">Google Privacy Center<\/a><\/p>\n<p>\u2013 <a href=\"https:\/\/tools.google.com\/dlpage\/gaoptout?hl=en\">Google Analytics opt-out plugin<\/a><\/p>\n<\/td>\n<\/tr>\n<tr>\n<td width=\"72\">\n<p>Google Analytics<\/p>\n<\/td>\n<td colspan=\"2\" width=\"131\">\n<p>___gat<\/p>\n<\/td>\n<td colspan=\"3\" width=\"140\">\n<p>It is used to differentiate between the different tracker objects created in the session. The cookie is updated every time you send data to Google Analytics.<\/p>\n<\/td>\n<td colspan=\"2\" width=\"225\">\n<p>\u2013 <a href=\"https:\/\/safety.google\/security-privacy\/\">Google Privacy Center<\/a><\/p>\n<p>\u2013 <a href=\"https:\/\/tools.google.com\/dlpage\/gaoptout?hl=en\">Google Analytics opt-out plugin<\/a><\/p>\n<\/td>\n<\/tr>\n<\/tbody>\n<\/table>\n<p>The cookies\u2019 storage time depends on the type of cookie and it will be always the bare minimum to get their purpose.&nbsp;<\/p>\n<p>In any case, the users may set their navigator to deactivate or to block the reception of all or just a part of the cookies. If the user don\u2019t want to receive these cookies, this is not an obstacle to access to the information of the Responsible\u2018s websites. However, the use of some services may be limit. If the user decides to take back the consent, when it was granted, the cookies\u2019 store in the user\u2019s equipment will be delete through the different options of the navigators.&nbsp;<\/p>\n<p>The way to set the different navigators to exercise the identified actions in the previous paragraphs, it may consult in:<\/p>\n<table width=\"583\">\n<tbody>\n<tr>\n<td width=\"583\">\n<p>Explorer: <a href=\"https:\/\/support.microsoft.com\/es-es\/help\/17442\/windows-internet-explorer-delete-manage-cookies#ie=ie-10\">https:\/\/support.microsoft.com\/es<\/a><a href=\"https:\/\/support.microsoft.com\/es-es\/help\/17442\/windows-internet-explorer-delete-manage-cookies#ie=ie-10\">&#8211;<\/a><a href=\"https:\/\/support.microsoft.com\/es-es\/help\/17442\/windows-internet-explorer-delete-manage-cookies#ie=ie-10\">es\/help\/17442\/windows<\/a><a href=\"https:\/\/support.microsoft.com\/es-es\/help\/17442\/windows-internet-explorer-delete-manage-cookies#ie=ie-10\">&#8211;<\/a><a href=\"https:\/\/support.microsoft.com\/es-es\/help\/17442\/windows-internet-explorer-delete-manage-cookies#ie=ie-10\">internet<\/a><a href=\"https:\/\/support.microsoft.com\/es-es\/help\/17442\/windows-internet-explorer-delete-manage-cookies#ie=ie-10\">&#8211;<\/a><a href=\"https:\/\/support.microsoft.com\/es-es\/help\/17442\/windows-internet-explorer-delete-manage-cookies#ie=ie-10\">explorer<\/a><a href=\"https:\/\/support.microsoft.com\/es-es\/help\/17442\/windows-internet-explorer-delete-manage-cookies#ie=ie-10\">delete<\/a><a href=\"https:\/\/support.microsoft.com\/es-es\/help\/17442\/windows-internet-explorer-delete-manage-cookies#ie=ie-10\">&#8211;<\/a><a href=\"https:\/\/support.microsoft.com\/es-es\/help\/17442\/windows-internet-explorer-delete-manage-cookies#ie=ie-10\">manage<\/a><a href=\"https:\/\/support.microsoft.com\/es-es\/help\/17442\/windows-internet-explorer-delete-manage-cookies#ie=ie-10\">&#8211;<\/a><a href=\"https:\/\/support.microsoft.com\/es-es\/help\/17442\/windows-internet-explorer-delete-manage-cookies#ie=ie-10\">cookies#ie=ie<\/a><a href=\"https:\/\/support.microsoft.com\/es-es\/help\/17442\/windows-internet-explorer-delete-manage-cookies#ie=ie-10\">&#8211;<\/a><a href=\"https:\/\/support.microsoft.com\/es-es\/help\/17442\/windows-internet-explorer-delete-manage-cookies#ie=ie-10\">10<\/a><\/p>\n<\/td>\n<\/tr>\n<tr>\n<td width=\"583\">\n<p>Chrome: <a href=\"https:\/\/support.google.com\/chrome\/answer\/95647?hl=es\">https:\/\/support.google.com\/chrome\/answer\/95647?hl=es<\/a><\/p>\n<\/td>\n<\/tr>\n<tr>\n<td width=\"583\">\n<p>Firefox: <u>https:\/\/support.mozilla.org\/es\/kb\/habilitar-y-deshabilitar-cookies-sitios-webrastrear-preferencias?redirectlocale=es&amp;redirectslug=habilitar-y-deshabilitar-cookiesque-los-sitios-we<\/u><\/p>\n<\/td>\n<\/tr>\n<tr>\n<td width=\"583\">\n<p>Safari: <a href=\"https:\/\/support.apple.com\/kb\/ph21411?locale=es_ES\">https:\/\/support.apple.com\/kb\/ph21411?locale=es_ES<\/a><\/p>\n<\/td>\n<\/tr>\n<tr>\n<td width=\"583\">\n<p>Opera: <u>https:\/\/help.opera.com\/es\/Windows\/11.50\/es-ES\/cookies.html<\/u><\/p>\n<\/td>\n<\/tr>\n<\/tbody>\n<\/table>\n<p>*Extension of Google Analytics<\/p>\n<p>This webpage uses Google Analytics which is a web analytic service provided by Google, Inc. (Google, from now on). Google Analytics uses cookies which are text files settle in the computer and they allow the analysis of the behaviour of the Internet\u2019s users. The information that the cookie collects by the user about the use of the webpages is transmitted and stored in Google services in United States. If the user activates the option IP anonymous in the webpage, the IP address does not appear completely within countries of European Union or the other countries that they have agreed within the economic area of European Union. Exceptionally, the complete IP address will be transmitted to a Google services in United States and, once there, it will be shortened.<\/p>\n<p>Only with the authorization of user\u2019s page, Google uses this information to evaluate the behaviour of the user in the webpage, generates reports about web\u2019s activities and offers services related with the web\u2019s use and Internet to the webpage\u2019s owner. The IP address is transmitted by the user\u2019s navigator within the framework of Google Analytics that it will not associate with other Google details. The user can avoid cookies storage if it sets the navigator in a way that they cannot storage. This setting may affect to the plenty functionality of the webpage. With the use of this webpage, the user is agreed with Google\u2019s data processing as the way mentioned before. Furthermore, the user may avoid the registration of the data generated by cookies and all these connected with the use of the webpage (including IP address), as well as the processing of them when the user downloaded and installed the following plug in for the available navigator through this link: <a href=\"http:\/\/tools.google.com\/dlpage\/gaoptout\">http:\/\/tools.google.com\/dlpage\/gaoptout<\/a><\/p>\n<p>The user may find more information about the terms and the conditions of the use and the privacy policy in the use conditions of Google Analytics or in the general conditions of Google Analytics. Keep in mind that in this webpage the code of Google Analytics includes the label \u201cgat._anonymizelp();\u201d which ensures the collecting of anonymous IP addresses (IP mask)<\/p>\t\t\t\t\t\t<\/div>\n\t\t\t\t<\/div>\n\t\t\t\t\t<\/div>\n\t\t<\/div>\n\t\t\t\t\t<\/div>\n\t\t<\/section>\n\t\t\t\t<\/div>\n\t\t","protected":false},"excerpt":{"rendered":"<p>Cookies Policy Through this document, FUNDACI\u00d3 IRIS-CC (INSTITUT DE RECERCA I INNOVACI\u00d3 EN CI\u00c8NCIES DE LA VIDA I LA SALUT A LA CATALUNYA CENTRAL) \u201cthe Responsible\u201d, collects its Policy of collection and cookies\u2019 handle in accordance with the article 22.2. of the Law 34\/2002, on the 11th of July, of Information Society Services and Electronic&hellip;<\/p>\n","protected":false},"author":1,"featured_media":0,"parent":0,"menu_order":0,"comment_status":"closed","ping_status":"closed","template":"","meta":{"footnotes":""},"class_list":["post-9771","page","type-page","status-publish","hentry"],"yoast_head":"<!-- This site is optimized with the Yoast SEO plugin v23.9 - https:\/\/yoast.com\/wordpress\/plugins\/seo\/ -->\n<title>Cookies Policy - IRIS-CC<\/title>\n<meta name=\"robots\" content=\"noindex, follow\" \/>\n<meta property=\"og:locale\" content=\"en_US\" \/>\n<meta property=\"og:type\" content=\"article\" \/>\n<meta property=\"og:title\" content=\"Cookies Policy - IRIS-CC\" \/>\n<meta property=\"og:description\" content=\"Cookies Policy Through this document, FUNDACI\u00d3 IRIS-CC (INSTITUT DE RECERCA I INNOVACI\u00d3 EN CI\u00c8NCIES DE LA VIDA I LA SALUT A LA CATALUNYA CENTRAL) \u201cthe Responsible\u201d, collects its Policy of collection and cookies\u2019 handle in accordance with the article 22.2. of the Law 34\/2002, on the 11th of July, of Information Society Services and Electronic&hellip;\" \/>\n<meta property=\"og:url\" content=\"https:\/\/iris-cc.cat\/en\/cookies-policy\" \/>\n<meta property=\"og:site_name\" content=\"IRIS-CC\" \/>\n<meta property=\"article:modified_time\" content=\"2022-12-14T12:57:40+00:00\" \/>\n<meta name=\"twitter:card\" content=\"summary_large_image\" \/>\n<meta name=\"twitter:label1\" content=\"Est. reading time\" \/>\n\t<meta name=\"twitter:data1\" content=\"6 minutes\" \/>\n<script type=\"application\/ld+json\" class=\"yoast-schema-graph\">{\"@context\":\"https:\/\/schema.org\",\"@graph\":[{\"@type\":\"WebPage\",\"@id\":\"https:\/\/iris-cc.cat\/en\/cookies-policy\",\"url\":\"https:\/\/iris-cc.cat\/en\/cookies-policy\",\"name\":\"Cookies Policy - IRIS-CC\",\"isPartOf\":{\"@id\":\"https:\/\/iris-cc.cat\/en#website\"},\"datePublished\":\"2022-09-14T14:31:10+00:00\",\"dateModified\":\"2022-12-14T12:57:40+00:00\",\"breadcrumb\":{\"@id\":\"https:\/\/iris-cc.cat\/en\/cookies-policy#breadcrumb\"},\"inLanguage\":\"en-US\",\"potentialAction\":[{\"@type\":\"ReadAction\",\"target\":[\"https:\/\/iris-cc.cat\/en\/cookies-policy\"]}]},{\"@type\":\"BreadcrumbList\",\"@id\":\"https:\/\/iris-cc.cat\/en\/cookies-policy#breadcrumb\",\"itemListElement\":[{\"@type\":\"ListItem\",\"position\":1,\"name\":\"Inici\",\"item\":\"https:\/\/iris-cc.cat\/en\"},{\"@type\":\"ListItem\",\"position\":2,\"name\":\"Cookies Policy\"}]},{\"@type\":\"WebSite\",\"@id\":\"https:\/\/iris-cc.cat\/en#website\",\"url\":\"https:\/\/iris-cc.cat\/en\",\"name\":\"IRIS-CC\",\"description\":\"Institut de Recerca i Innovaci\u00f3 en Ci\u00e8ncies de la Vida i de la Salut a la Catalunya Central\",\"publisher\":{\"@id\":\"https:\/\/iris-cc.cat\/en#organization\"},\"potentialAction\":[{\"@type\":\"SearchAction\",\"target\":{\"@type\":\"EntryPoint\",\"urlTemplate\":\"https:\/\/iris-cc.cat\/en?s={search_term_string}\"},\"query-input\":{\"@type\":\"PropertyValueSpecification\",\"valueRequired\":true,\"valueName\":\"search_term_string\"}}],\"inLanguage\":\"en-US\"},{\"@type\":\"Organization\",\"@id\":\"https:\/\/iris-cc.cat\/en#organization\",\"name\":\"Institut de Recerca i Innovaci\u00f3 en Ci\u00e8ncies de la Vida i de la Salut a la Catalunya Central\",\"url\":\"https:\/\/iris-cc.cat\/en\",\"logo\":{\"@type\":\"ImageObject\",\"inLanguage\":\"en-US\",\"@id\":\"https:\/\/iris-cc.cat\/en#\/schema\/logo\/image\/\",\"url\":\"https:\/\/iris-cc.cat\/wp-content\/uploads\/2022\/08\/iris-cc-logo.png\",\"contentUrl\":\"https:\/\/iris-cc.cat\/wp-content\/uploads\/2022\/08\/iris-cc-logo.png\",\"width\":628,\"height\":172,\"caption\":\"Institut de Recerca i Innovaci\u00f3 en Ci\u00e8ncies de la Vida i de la Salut a la Catalunya Central\"},\"image\":{\"@id\":\"https:\/\/iris-cc.cat\/en#\/schema\/logo\/image\/\"}}]}<\/script>\n<!-- \/ Yoast SEO plugin. -->","yoast_head_json":{"title":"Cookies Policy - IRIS-CC","robots":{"index":"noindex","follow":"follow"},"og_locale":"en_US","og_type":"article","og_title":"Cookies Policy - IRIS-CC","og_description":"Cookies Policy Through this document, FUNDACI\u00d3 IRIS-CC (INSTITUT DE RECERCA I INNOVACI\u00d3 EN CI\u00c8NCIES DE LA VIDA I LA SALUT A LA CATALUNYA CENTRAL) \u201cthe Responsible\u201d, collects its Policy of collection and cookies\u2019 handle in accordance with the article 22.2. of the Law 34\/2002, on the 11th of July, of Information Society Services and Electronic&hellip;","og_url":"https:\/\/iris-cc.cat\/en\/cookies-policy","og_site_name":"IRIS-CC","article_modified_time":"2022-12-14T12:57:40+00:00","twitter_card":"summary_large_image","twitter_misc":{"Est. reading time":"6 minutes"},"schema":{"@context":"https:\/\/schema.org","@graph":[{"@type":"WebPage","@id":"https:\/\/iris-cc.cat\/en\/cookies-policy","url":"https:\/\/iris-cc.cat\/en\/cookies-policy","name":"Cookies Policy - IRIS-CC","isPartOf":{"@id":"https:\/\/iris-cc.cat\/en#website"},"datePublished":"2022-09-14T14:31:10+00:00","dateModified":"2022-12-14T12:57:40+00:00","breadcrumb":{"@id":"https:\/\/iris-cc.cat\/en\/cookies-policy#breadcrumb"},"inLanguage":"en-US","potentialAction":[{"@type":"ReadAction","target":["https:\/\/iris-cc.cat\/en\/cookies-policy"]}]},{"@type":"BreadcrumbList","@id":"https:\/\/iris-cc.cat\/en\/cookies-policy#breadcrumb","itemListElement":[{"@type":"ListItem","position":1,"name":"Inici","item":"https:\/\/iris-cc.cat\/en"},{"@type":"ListItem","position":2,"name":"Cookies Policy"}]},{"@type":"WebSite","@id":"https:\/\/iris-cc.cat\/en#website","url":"https:\/\/iris-cc.cat\/en","name":"IRIS-CC","description":"Institut de Recerca i Innovaci\u00f3 en Ci\u00e8ncies de la Vida i de la Salut a la Catalunya Central","publisher":{"@id":"https:\/\/iris-cc.cat\/en#organization"},"potentialAction":[{"@type":"SearchAction","target":{"@type":"EntryPoint","urlTemplate":"https:\/\/iris-cc.cat\/en?s={search_term_string}"},"query-input":{"@type":"PropertyValueSpecification","valueRequired":true,"valueName":"search_term_string"}}],"inLanguage":"en-US"},{"@type":"Organization","@id":"https:\/\/iris-cc.cat\/en#organization","name":"Institut de Recerca i Innovaci\u00f3 en Ci\u00e8ncies de la Vida i de la Salut a la Catalunya Central","url":"https:\/\/iris-cc.cat\/en","logo":{"@type":"ImageObject","inLanguage":"en-US","@id":"https:\/\/iris-cc.cat\/en#\/schema\/logo\/image\/","url":"https:\/\/iris-cc.cat\/wp-content\/uploads\/2022\/08\/iris-cc-logo.png","contentUrl":"https:\/\/iris-cc.cat\/wp-content\/uploads\/2022\/08\/iris-cc-logo.png","width":628,"height":172,"caption":"Institut de Recerca i Innovaci\u00f3 en Ci\u00e8ncies de la Vida i de la Salut a la Catalunya Central"},"image":{"@id":"https:\/\/iris-cc.cat\/en#\/schema\/logo\/image\/"}}]}},"_links":{"self":[{"href":"https:\/\/iris-cc.cat\/en\/wp-json\/wp\/v2\/pages\/9771","targetHints":{"allow":["GET"]}}],"collection":[{"href":"https:\/\/iris-cc.cat\/en\/wp-json\/wp\/v2\/pages"}],"about":[{"href":"https:\/\/iris-cc.cat\/en\/wp-json\/wp\/v2\/types\/page"}],"author":[{"embeddable":true,"href":"https:\/\/iris-cc.cat\/en\/wp-json\/wp\/v2\/users\/1"}],"replies":[{"embeddable":true,"href":"https:\/\/iris-cc.cat\/en\/wp-json\/wp\/v2\/comments?post=9771"}],"version-history":[{"count":4,"href":"https:\/\/iris-cc.cat\/en\/wp-json\/wp\/v2\/pages\/9771\/revisions"}],"predecessor-version":[{"id":9782,"href":"https:\/\/iris-cc.cat\/en\/wp-json\/wp\/v2\/pages\/9771\/revisions\/9782"}],"wp:attachment":[{"href":"https:\/\/iris-cc.cat\/en\/wp-json\/wp\/v2\/media?parent=9771"}],"curies":[{"name":"wp","href":"https:\/\/api.w.org\/{rel}","templated":true}]}}