{"id":8074,"date":"2022-08-22T13:37:25","date_gmt":"2022-08-22T13:37:25","guid":{"rendered":"https:\/\/iris-cc.cat\/portada-2"},"modified":"2022-12-12T12:16:45","modified_gmt":"2022-12-12T12:16:45","slug":"portada-2","status":"publish","type":"page","link":"https:\/\/iris-cc.cat\/es","title":{"rendered":"Portada"},"content":{"rendered":"\t\t<div data-elementor-type=\"wp-page\" data-elementor-id=\"8074\" class=\"elementor elementor-8074 elementor-6296\" data-elementor-post-type=\"page\">\n\t\t\t\t\t\t<section class=\"elementor-section elementor-top-section elementor-element elementor-element-97566d4 elementor-section-height-full elementor-section-items-stretch home-slider elementor-section-full_width elementor-hidden-mobile elementor-section-height-default\" data-id=\"97566d4\" data-element_type=\"section\">\n\t\t\t\t\t\t<div class=\"elementor-container elementor-column-gap-default\">\n\t\t\t\t\t<div class=\"elementor-column elementor-col-100 elementor-top-column elementor-element elementor-element-c33e85c\" data-id=\"c33e85c\" data-element_type=\"column\">\n\t\t\t<div class=\"elementor-widget-wrap elementor-element-populated\">\n\t\t\t\t\t\t<div class=\"elementor-element elementor-element-aab47e4 elementor-widget elementor-widget-heading\" data-id=\"aab47e4\" data-element_type=\"widget\" data-widget_type=\"heading.default\">\n\t\t\t\t<div class=\"elementor-widget-container\">\n\t\t\t<h2 class=\"elementor-heading-title elementor-size-default\">Institut de Recerca i Innovaci\u00f3 en Ci\u00e8ncies de la Vida i de la Salut a la Catalunya Central<\/h2>\t\t<\/div>\n\t\t\t\t<\/div>\n\t\t\t\t<div class=\"elementor-element elementor-element-925a5b4 elementor-absolute elementor-widget elementor-widget-image\" data-id=\"925a5b4\" data-element_type=\"widget\" data-settings=\"{&quot;_position&quot;:&quot;absolute&quot;}\" data-widget_type=\"image.default\">\n\t\t\t\t<div class=\"elementor-widget-container\">\n\t\t\t\t\t\t\t\t\t\t\t\t\t<img fetchpriority=\"high\" decoding=\"async\" width=\"2008\" height=\"597\" src=\"https:\/\/iris-cc.cat\/wp-content\/uploads\/2022\/08\/iris-cc-title.png\" class=\"attachment-full size-full wp-image-7991\" alt=\"\" srcset=\"https:\/\/iris-cc.cat\/wp-content\/uploads\/2022\/08\/iris-cc-title.png 2008w, https:\/\/iris-cc.cat\/wp-content\/uploads\/2022\/08\/iris-cc-title-300x89.png 300w, https:\/\/iris-cc.cat\/wp-content\/uploads\/2022\/08\/iris-cc-title-1024x304.png 1024w, https:\/\/iris-cc.cat\/wp-content\/uploads\/2022\/08\/iris-cc-title-768x228.png 768w, https:\/\/iris-cc.cat\/wp-content\/uploads\/2022\/08\/iris-cc-title-1536x457.png 1536w\" sizes=\"(max-width: 2008px) 100vw, 2008px\" \/>\t\t\t\t\t\t\t\t\t\t\t\t\t<\/div>\n\t\t\t\t<\/div>\n\t\t\t\t\t<\/div>\n\t\t<\/div>\n\t\t\t\t\t<\/div>\n\t\t<\/section>\n\t\t\t\t<section class=\"elementor-section elementor-top-section elementor-element elementor-element-54590e0 elementor-section-full_width home-intro elementor-section-height-default elementor-section-height-default\" data-id=\"54590e0\" data-element_type=\"section\">\n\t\t\t\t\t\t<div class=\"elementor-container elementor-column-gap-default\">\n\t\t\t\t\t<div class=\"elementor-column elementor-col-100 elementor-top-column elementor-element elementor-element-446cc20\" data-id=\"446cc20\" data-element_type=\"column\">\n\t\t\t<div class=\"elementor-widget-wrap elementor-element-populated\">\n\t\t\t\t\t\t<div class=\"elementor-element elementor-element-0bbca47 elementor-widget elementor-widget-heading\" data-id=\"0bbca47\" data-element_type=\"widget\" data-widget_type=\"heading.default\">\n\t\t\t\t<div class=\"elementor-widget-container\">\n\t\t\t<h2 class=\"elementor-heading-title elementor-size-default\">La misi\u00f3n del IRIS-CC es generar conocimiento cient\u00edfico en ciencias de la vida y de la salud, orientado a las necesidades y mejora de la calidad de vida de las personas; as\u00ed como crear el ecosistema innovador que fomente el desarrollo territorial y proporcione los productos y servicios que la sociedad necesita.<\/h2>\t\t<\/div>\n\t\t\t\t<\/div>\n\t\t\t\t\t<\/div>\n\t\t<\/div>\n\t\t\t\t\t<\/div>\n\t\t<\/section>\n\t\t\t\t<section class=\"elementor-section elementor-top-section elementor-element elementor-element-7b5ba74 elementor-section-full_width elementor-section-height-default elementor-section-height-default\" data-id=\"7b5ba74\" data-element_type=\"section\">\n\t\t\t\t\t\t<div class=\"elementor-container elementor-column-gap-default\">\n\t\t\t\t\t<div class=\"elementor-column elementor-col-100 elementor-top-column elementor-element elementor-element-483d320\" data-id=\"483d320\" data-element_type=\"column\">\n\t\t\t<div class=\"elementor-widget-wrap elementor-element-populated\">\n\t\t\t\t\t\t<div class=\"elementor-element elementor-element-4b92136 elementor-widget elementor-widget-image\" data-id=\"4b92136\" data-element_type=\"widget\" data-widget_type=\"image.default\">\n\t\t\t\t<div class=\"elementor-widget-container\">\n\t\t\t\t\t\t\t\t\t\t\t\t\t<img decoding=\"async\" width=\"1920\" height=\"1080\" src=\"https:\/\/iris-cc.cat\/wp-content\/uploads\/2022\/09\/iris-entrada-portada.jpg\" class=\"attachment-full size-full wp-image-8069\" alt=\"\" srcset=\"https:\/\/iris-cc.cat\/wp-content\/uploads\/2022\/09\/iris-entrada-portada.jpg 1920w, https:\/\/iris-cc.cat\/wp-content\/uploads\/2022\/09\/iris-entrada-portada-300x169.jpg 300w, https:\/\/iris-cc.cat\/wp-content\/uploads\/2022\/09\/iris-entrada-portada-1024x576.jpg 1024w, https:\/\/iris-cc.cat\/wp-content\/uploads\/2022\/09\/iris-entrada-portada-768x432.jpg 768w, https:\/\/iris-cc.cat\/wp-content\/uploads\/2022\/09\/iris-entrada-portada-1536x864.jpg 1536w\" sizes=\"(max-width: 1920px) 100vw, 1920px\" \/>\t\t\t\t\t\t\t\t\t\t\t\t\t<\/div>\n\t\t\t\t<\/div>\n\t\t\t\t\t<\/div>\n\t\t<\/div>\n\t\t\t\t\t<\/div>\n\t\t<\/section>\n\t\t\t\t<section class=\"elementor-section elementor-top-section elementor-element elementor-element-06566cb elementor-section-full_width elementor-section-height-default elementor-section-height-default\" data-id=\"06566cb\" data-element_type=\"section\">\n\t\t\t\t\t\t<div class=\"elementor-container elementor-column-gap-default\">\n\t\t\t\t\t<div class=\"elementor-column elementor-col-100 elementor-top-column elementor-element elementor-element-cd90f5d\" data-id=\"cd90f5d\" data-element_type=\"column\">\n\t\t\t<div class=\"elementor-widget-wrap elementor-element-populated\">\n\t\t\t\t\t\t<div class=\"elementor-element elementor-element-aebde2a elementor-widget elementor-widget-heading\" data-id=\"aebde2a\" data-element_type=\"widget\" data-widget_type=\"heading.default\">\n\t\t\t\t<div class=\"elementor-widget-container\">\n\t\t\t<h2 class=\"elementor-heading-title elementor-size-default\">ACTUALIDAD<\/h2>\t\t<\/div>\n\t\t\t\t<\/div>\n\t\t\t\t\t<\/div>\n\t\t<\/div>\n\t\t\t\t\t<\/div>\n\t\t<\/section>\n\t\t\t\t<section class=\"elementor-section elementor-top-section elementor-element elementor-element-5a76e27 elementor-section-full_width elementor-section-height-default elementor-section-height-default\" data-id=\"5a76e27\" data-element_type=\"section\">\n\t\t\t\t\t\t<div class=\"elementor-container elementor-column-gap-default\">\n\t\t\t\t\t<div class=\"elementor-column elementor-col-100 elementor-top-column elementor-element elementor-element-e51803c\" data-id=\"e51803c\" data-element_type=\"column\">\n\t\t\t<div class=\"elementor-widget-wrap elementor-element-populated\">\n\t\t\t\t\t\t<div class=\"elementor-element elementor-element-0a6f1e1 home-actualitat-posts preserve-img-ratio-cover elementor-widget elementor-widget-the7_elements\" data-id=\"0a6f1e1\" data-element_type=\"widget\" data-widget_type=\"the7_elements.default\">\n\t\t\t\t<div class=\"elementor-widget-container\">\n\t\t\t<div class=\"portfolio-shortcode the7-elementor-widget the7_elements-0a6f1e1 mode-grid dt-css-grid-wrap classic-layout-list description-under-image content-bg-on resize-by-browser-width loading-effect-none jquery-filter\" data-padding=\"90px\" data-mobile-columns-num=\"1\" data-tablet-columns-num=\"2\" data-desktop-columns-num=\"2\" data-wide-desktop-columns-num=\"2\" data-post-limit=\"-1\" data-pagination-mode=\"none\" data-scroll-offset=\"\" aria-live=\"assertive\"><div class=\"dt-css-grid custom-pagination-handler\"><div class=\"visible wf-cell\" data-post-id=\"16449\" data-date=\"2026-01-12T08:36:55+00:00\" data-name=\"Criterios de priorizaci\u00f3n de la convocatoria de Ayudas Joan Or\u00f3 (FI 2026)\"><article class=\"post visible no-img post-16449 type-post status-publish format-standard hentry category-sin-categorizar category-41 description-off\" data-name=\"Criterios de priorizaci\u00f3n de la convocatoria de Ayudas Joan Or\u00f3 (FI 2026)\" data-date=\"2026-01-12T08:36:55+00:00\">\n\n<div class=\"post-entry-content\">\n\n\t<h3 class=\"ele-entry-title\"><a href=\"https:\/\/iris-cc.cat\/es\/criterios-de-priorizacion-de-la-convocatoria-de-ayudas-joan-oro-fi-2026\" rel=\"bookmark\" title=\"Criterios de priorizaci\u00f3n de la convocatoria de Ayudas Joan Or\u00f3 (FI 2026)\">Criterios de priorizaci\u00f3n de la convocatoria de Ayudas Joan Or\u00f3 (FI 2026)<\/a><\/h3><div class=\"entry-meta\"><a href=\"https:\/\/iris-cc.cat\/es\/2026\/01\/12\" title=\"8:36 am\" class=\"meta-item data-link\" rel=\"bookmark\"><time class=\"entry-date updated\" datetime=\"2026-01-12T08:36:55+00:00\">12.01.26<\/time><\/a><\/div><div class=\"entry-excerpt\"><p>El IRIS-CC ha publicado en la web los criterios de priorizaci\u00f3n de las solicitudes presentadas para la convocatoria de ayudas Joan Or\u00f3 para contratar personal&hellip;<\/p>\n<\/div>\n<\/div><\/article><\/div><div class=\"visible wf-cell\" data-post-id=\"16340\" data-date=\"2025-10-22T06:50:36+00:00\" data-name=\"El IRIS-CC asiste a la Cena solidaria Osona contra el C\u00e0ncer 2025\"><article class=\"post visible no-img post-16340 type-post status-publish format-standard hentry category-sin-categorizar category-41 description-off\" data-name=\"El IRIS-CC asiste a la Cena solidaria Osona contra el C\u00e0ncer 2025\" data-date=\"2025-10-22T06:50:36+00:00\">\n\n<div class=\"post-entry-content\">\n\n\t<h3 class=\"ele-entry-title\"><a href=\"https:\/\/iris-cc.cat\/es\/liris-cc-assisteix-al-sopar-solidari-osona-contra-el-cancer-2025\" rel=\"bookmark\" title=\"El IRIS-CC asiste a la Cena solidaria Osona contra el C\u00e0ncer 2025\">El IRIS-CC asiste a la Cena solidaria Osona contra el C\u00e0ncer 2025<\/a><\/h3><div class=\"entry-meta\"><a href=\"https:\/\/iris-cc.cat\/es\/2025\/10\/22\" title=\"6:50 am\" class=\"meta-item data-link\" rel=\"bookmark\"><time class=\"entry-date updated\" datetime=\"2025-10-22T06:50:36+00:00\">22.10.25<\/time><\/a><\/div><div class=\"entry-excerpt\"><p>El viernes, 17 de octubre, se la celebrado el Encuentro anual de Osona contra el C\u00e0ncer, al que han asistido el presidente del IRIS-CC, Josep&hellip;<\/p>\n<\/div>\n<\/div><\/article><\/div><div class=\"visible wf-cell\" data-post-id=\"16293\" data-date=\"2025-10-10T09:38:40+00:00\" data-name=\"Conferencia del Dr. Carlos Molina sobre la Inteligencia Artificial en el Ictus\"><article class=\"post visible no-img post-16293 type-post status-publish format-standard hentry category-sin-categorizar category-41 description-off\" data-name=\"Conferencia del Dr. Carlos Molina sobre la Inteligencia Artificial en el Ictus\" data-date=\"2025-10-10T09:38:40+00:00\">\n\n<div class=\"post-entry-content\">\n\n\t<h3 class=\"ele-entry-title\"><a href=\"https:\/\/iris-cc.cat\/es\/conferencia-del-dr-carlos-molina-sobre-la-inteligencia-artificial-en-el-ictus\" rel=\"bookmark\" title=\"Conferencia del Dr. Carlos Molina sobre la Inteligencia Artificial en el Ictus\">Conferencia del Dr. Carlos Molina sobre la Inteligencia Artificial en el Ictus<\/a><\/h3><div class=\"entry-meta\"><a href=\"https:\/\/iris-cc.cat\/es\/2025\/10\/10\" title=\"9:38 am\" class=\"meta-item data-link\" rel=\"bookmark\"><time class=\"entry-date updated\" datetime=\"2025-10-10T09:38:40+00:00\">10.10.25<\/time><\/a><\/div><div class=\"entry-excerpt\"><p>El Dr. Carlos Molina, jefe de secci\u00f3n de Neurolog\u00eda del Hospital Vall d\u2019Hebron y director del Centro Ictus del Hospital Universitario Vall d\u2019Hebron, ha pronunciado&hellip;<\/p>\n<\/div>\n<\/div><\/article><\/div><div class=\"visible wf-cell\" data-post-id=\"15899\" data-date=\"2025-06-16T13:36:14+00:00\" data-name=\"Conferencia del Dr. Jordi Ambl\u00e0s Novellas sobre la medicina de precisi\u00f3n y la integraci\u00f3n de la atenci\u00f3n para personas fr\u00e1giles\"><article class=\"post visible no-img post-15899 type-post status-publish format-standard hentry category-sin-categorizar category-41 description-off\" data-name=\"Conferencia del Dr. Jordi Ambl\u00e0s Novellas sobre la medicina de precisi\u00f3n y la integraci\u00f3n de la atenci\u00f3n para personas fr\u00e1giles\" data-date=\"2025-06-16T13:36:14+00:00\">\n\n<div class=\"post-entry-content\">\n\n\t<h3 class=\"ele-entry-title\"><a href=\"https:\/\/iris-cc.cat\/es\/conferencia-del-dr-jordi-amblas-novellas-sobre-la-medicina-de-precision-y-la-integracion-de-la-atencion-para-personas-fragiles\" rel=\"bookmark\" title=\"Conferencia del Dr. Jordi Ambl\u00e0s Novellas sobre la medicina de precisi\u00f3n y la integraci\u00f3n de la atenci\u00f3n para personas fr\u00e1giles\">Conferencia del Dr. Jordi Ambl\u00e0s Novellas sobre la medicina de precisi\u00f3n y la integraci\u00f3n de la atenci\u00f3n para personas fr\u00e1giles<\/a><\/h3><div class=\"entry-meta\"><a href=\"https:\/\/iris-cc.cat\/es\/2025\/06\/16\" title=\"1:36 pm\" class=\"meta-item data-link\" rel=\"bookmark\"><time class=\"entry-date updated\" datetime=\"2025-06-16T13:36:14+00:00\">16.06.25<\/time><\/a><\/div><div class=\"entry-excerpt\"><p>El Dr. Jordi Ambl\u00e0s Novellas, m\u00e9dico geriatra, profesor titular de la Facultad de Medicina de la UVic-UCC, coordinador del \u00e1rea de envejecimiento y cronicidad del&hellip;<\/p>\n<\/div>\n<\/div><\/article><\/div><\/div><!-- iso-container|iso-grid --><\/div>\t\t<\/div>\n\t\t\t\t<\/div>\n\t\t\t\t<div class=\"elementor-element elementor-element-7b6e968 home-actualitat-button elementor-widget elementor-widget-the7_button_widget\" data-id=\"7b6e968\" data-element_type=\"widget\" data-widget_type=\"the7_button_widget.default\">\n\t\t\t\t<div class=\"elementor-widget-container\">\n\t\t\t<div class=\"elementor-button-wrapper\"><a href=\"https:\/\/iris-cc.cat\/actualitat\" class=\"box-button elementor-button elementor-size-lg no-text\"><i aria-hidden=\"true\" class=\"elementor-button-icon  icomoon-the7-font-the7-plus-04\"><\/i><\/a><\/div>\t\t<\/div>\n\t\t\t\t<\/div>\n\t\t\t\t<div class=\"elementor-element elementor-element-2573d69 elementor-widget elementor-widget-html\" data-id=\"2573d69\" data-element_type=\"widget\" data-widget_type=\"html.default\">\n\t\t\t\t<div class=\"elementor-widget-container\">\n\t\t\t<script>jQuery(window).load(function(){\n  jQuery('.elementor-widget-the7_elements article .post-entry-content').each(function(){  \n      var highestBox = 0;\n      jQuery('.ele-entry-title', this).each(function(){\n          if(jQuery(this).height() > highestBox) {\n              highestBox = jQuery(this).height(); \n          }\n      });\n      jQuery('.entry-meta', this).each(function(){\n          if(jQuery(this).height() > highestBox) {\n              highestBox = jQuery(this).height(); \n          }\n      });  \n      jQuery('.ele-entry-title',this).height(highestBox);\n      jQuery('.entry-meta',this).height(highestBox);\n  }); \n});\njQuery(window).resize(function(){\n    jQuery('.ele-entry-title').css('height', '');\n    jQuery('.entry-meta').css('height', '');\n    jQuery('.elementor-widget-the7_elements article .post-entry-content').each(function(){  \n      var highestBox = 0;\n      jQuery('.ele-entry-title', this).each(function(){\n          if(jQuery(this).height() > highestBox) {\n              highestBox = jQuery(this).height(); \n          }\n      });\n      jQuery('.entry-meta', this).each(function(){\n          if(jQuery(this).height() > highestBox) {\n              highestBox = jQuery(this).height(); \n          }\n      });  \n      jQuery('.ele-entry-title',this).height(highestBox);\n      jQuery('.entry-meta',this).height(highestBox);\n  }); \n});\n<\/script>\t\t<\/div>\n\t\t\t\t<\/div>\n\t\t\t\t\t<\/div>\n\t\t<\/div>\n\t\t\t\t\t<\/div>\n\t\t<\/section>\n\t\t\t\t<\/div>\n\t\t","protected":false},"excerpt":{"rendered":"<p>Institut de Recerca i Innovaci\u00f3 en Ci\u00e8ncies de la Vida i de la Salut a la Catalunya Central La misi\u00f3n del IRIS-CC es generar conocimiento cient\u00edfico en ciencias de la vida y de la salud, orientado a las necesidades y mejora de la calidad de vida de las personas; as\u00ed como crear el ecosistema innovador&hellip;<\/p>\n","protected":false},"author":1,"featured_media":0,"parent":0,"menu_order":0,"comment_status":"closed","ping_status":"closed","template":"","meta":{"footnotes":""},"class_list":["post-8074","page","type-page","status-publish","hentry","category-41","description-off"],"yoast_head":"<!-- This site is optimized with the Yoast SEO plugin v23.9 - https:\/\/yoast.com\/wordpress\/plugins\/seo\/ -->\n<title>Institut de Recerca i Innovaci\u00f3 en Ci\u00e8ncies de la Vida i de la Salut a la Catalunya Central<\/title>\n<meta name=\"description\" content=\"La misi\u00f3n del IRIS-CC es generar conocimiento cient\u00edfico en ciencias de la vida y de la salud, orientado a las necesidades y mejora de la calidad de vida de las personas; as\u00ed como crear el ecosistema innovador que fomente el desarrollo territorial y proporcione los productos y servicios que la sociedad pide.\" \/>\n<meta name=\"robots\" content=\"index, follow, max-snippet:-1, max-image-preview:large, max-video-preview:-1\" \/>\n<link rel=\"canonical\" href=\"https:\/\/iris-cc.cat\/es\" \/>\n<meta property=\"og:locale\" content=\"es_ES\" \/>\n<meta property=\"og:type\" content=\"article\" \/>\n<meta property=\"og:title\" content=\"Institut de Recerca i Innovaci\u00f3 en Ci\u00e8ncies de la Vida i de la Salut a la Catalunya Central\" \/>\n<meta property=\"og:description\" content=\"La misi\u00f3n del IRIS-CC es generar conocimiento cient\u00edfico en ciencias de la vida y de la salud, orientado a las necesidades y mejora de la calidad de vida de las personas; as\u00ed como crear el ecosistema innovador que fomente el desarrollo territorial y proporcione los productos y servicios que la sociedad pide.\" \/>\n<meta property=\"og:url\" content=\"https:\/\/iris-cc.cat\/es\" \/>\n<meta property=\"og:site_name\" content=\"IRIS-CC\" \/>\n<meta property=\"article:modified_time\" content=\"2022-12-12T12:16:45+00:00\" \/>\n<meta property=\"og:image\" content=\"https:\/\/iris-cc.cat\/wp-content\/uploads\/2022\/08\/iris-cc-title.png\" \/>\n<meta name=\"twitter:card\" content=\"summary_large_image\" \/>\n<meta name=\"twitter:label1\" content=\"Tiempo de lectura\" \/>\n\t<meta name=\"twitter:data1\" content=\"4 minutos\" \/>\n<script type=\"application\/ld+json\" class=\"yoast-schema-graph\">{\"@context\":\"https:\/\/schema.org\",\"@graph\":[{\"@type\":\"WebPage\",\"@id\":\"https:\/\/iris-cc.cat\/es\",\"url\":\"https:\/\/iris-cc.cat\/es\",\"name\":\"Institut de Recerca i Innovaci\u00f3 en Ci\u00e8ncies de la Vida i de la Salut a la Catalunya Central\",\"isPartOf\":{\"@id\":\"https:\/\/iris-cc.cat\/es#website\"},\"primaryImageOfPage\":{\"@id\":\"https:\/\/iris-cc.cat\/es#primaryimage\"},\"image\":{\"@id\":\"https:\/\/iris-cc.cat\/es#primaryimage\"},\"thumbnailUrl\":\"https:\/\/iris-cc.cat\/wp-content\/uploads\/2022\/08\/iris-cc-title.png\",\"datePublished\":\"2022-08-22T13:37:25+00:00\",\"dateModified\":\"2022-12-12T12:16:45+00:00\",\"description\":\"La misi\u00f3n del IRIS-CC es generar conocimiento cient\u00edfico en ciencias de la vida y de la salud, orientado a las necesidades y mejora de la calidad de vida de las personas; as\u00ed como crear el ecosistema innovador que fomente el desarrollo territorial y proporcione los productos y servicios que la sociedad pide.\",\"breadcrumb\":{\"@id\":\"https:\/\/iris-cc.cat\/es#breadcrumb\"},\"inLanguage\":\"es\",\"potentialAction\":[{\"@type\":\"ReadAction\",\"target\":[\"https:\/\/iris-cc.cat\/es\"]}]},{\"@type\":\"ImageObject\",\"inLanguage\":\"es\",\"@id\":\"https:\/\/iris-cc.cat\/es#primaryimage\",\"url\":\"https:\/\/iris-cc.cat\/wp-content\/uploads\/2022\/08\/iris-cc-title.png\",\"contentUrl\":\"https:\/\/iris-cc.cat\/wp-content\/uploads\/2022\/08\/iris-cc-title.png\"},{\"@type\":\"BreadcrumbList\",\"@id\":\"https:\/\/iris-cc.cat\/es#breadcrumb\",\"itemListElement\":[{\"@type\":\"ListItem\",\"position\":1,\"name\":\"Inici\",\"item\":\"https:\/\/iris-cc.cat\/es\"},{\"@type\":\"ListItem\",\"position\":2,\"name\":\"Portada\"}]},{\"@type\":\"WebSite\",\"@id\":\"https:\/\/iris-cc.cat\/es#website\",\"url\":\"https:\/\/iris-cc.cat\/es\",\"name\":\"IRIS-CC\",\"description\":\"Institut de Recerca i Innovaci\u00f3 en Ci\u00e8ncies de la Vida i de la Salut a la Catalunya Central\",\"publisher\":{\"@id\":\"https:\/\/iris-cc.cat\/es#organization\"},\"potentialAction\":[{\"@type\":\"SearchAction\",\"target\":{\"@type\":\"EntryPoint\",\"urlTemplate\":\"https:\/\/iris-cc.cat\/es?s={search_term_string}\"},\"query-input\":{\"@type\":\"PropertyValueSpecification\",\"valueRequired\":true,\"valueName\":\"search_term_string\"}}],\"inLanguage\":\"es\"},{\"@type\":\"Organization\",\"@id\":\"https:\/\/iris-cc.cat\/es#organization\",\"name\":\"Institut de Recerca i Innovaci\u00f3 en Ci\u00e8ncies de la Vida i de la Salut a la Catalunya Central\",\"url\":\"https:\/\/iris-cc.cat\/es\",\"logo\":{\"@type\":\"ImageObject\",\"inLanguage\":\"es\",\"@id\":\"https:\/\/iris-cc.cat\/es#\/schema\/logo\/image\/\",\"url\":\"https:\/\/iris-cc.cat\/wp-content\/uploads\/2022\/08\/iris-cc-logo.png\",\"contentUrl\":\"https:\/\/iris-cc.cat\/wp-content\/uploads\/2022\/08\/iris-cc-logo.png\",\"width\":628,\"height\":172,\"caption\":\"Institut de Recerca i Innovaci\u00f3 en Ci\u00e8ncies de la Vida i de la Salut a la Catalunya Central\"},\"image\":{\"@id\":\"https:\/\/iris-cc.cat\/es#\/schema\/logo\/image\/\"}}]}<\/script>\n<!-- \/ Yoast SEO plugin. -->","yoast_head_json":{"title":"Institut de Recerca i Innovaci\u00f3 en Ci\u00e8ncies de la Vida i de la Salut a la Catalunya Central","description":"La misi\u00f3n del IRIS-CC es generar conocimiento cient\u00edfico en ciencias de la vida y de la salud, orientado a las necesidades y mejora de la calidad de vida de las personas; as\u00ed como crear el ecosistema innovador que fomente el desarrollo territorial y proporcione los productos y servicios que la sociedad pide.","robots":{"index":"index","follow":"follow","max-snippet":"max-snippet:-1","max-image-preview":"max-image-preview:large","max-video-preview":"max-video-preview:-1"},"canonical":"https:\/\/iris-cc.cat\/es","og_locale":"es_ES","og_type":"article","og_title":"Institut de Recerca i Innovaci\u00f3 en Ci\u00e8ncies de la Vida i de la Salut a la Catalunya Central","og_description":"La misi\u00f3n del IRIS-CC es generar conocimiento cient\u00edfico en ciencias de la vida y de la salud, orientado a las necesidades y mejora de la calidad de vida de las personas; as\u00ed como crear el ecosistema innovador que fomente el desarrollo territorial y proporcione los productos y servicios que la sociedad pide.","og_url":"https:\/\/iris-cc.cat\/es","og_site_name":"IRIS-CC","article_modified_time":"2022-12-12T12:16:45+00:00","og_image":[{"url":"https:\/\/iris-cc.cat\/wp-content\/uploads\/2022\/08\/iris-cc-title.png"}],"twitter_card":"summary_large_image","twitter_misc":{"Tiempo de lectura":"4 minutos"},"schema":{"@context":"https:\/\/schema.org","@graph":[{"@type":"WebPage","@id":"https:\/\/iris-cc.cat\/es","url":"https:\/\/iris-cc.cat\/es","name":"Institut de Recerca i Innovaci\u00f3 en Ci\u00e8ncies de la Vida i de la Salut a la Catalunya Central","isPartOf":{"@id":"https:\/\/iris-cc.cat\/es#website"},"primaryImageOfPage":{"@id":"https:\/\/iris-cc.cat\/es#primaryimage"},"image":{"@id":"https:\/\/iris-cc.cat\/es#primaryimage"},"thumbnailUrl":"https:\/\/iris-cc.cat\/wp-content\/uploads\/2022\/08\/iris-cc-title.png","datePublished":"2022-08-22T13:37:25+00:00","dateModified":"2022-12-12T12:16:45+00:00","description":"La misi\u00f3n del IRIS-CC es generar conocimiento cient\u00edfico en ciencias de la vida y de la salud, orientado a las necesidades y mejora de la calidad de vida de las personas; as\u00ed como crear el ecosistema innovador que fomente el desarrollo territorial y proporcione los productos y servicios que la sociedad pide.","breadcrumb":{"@id":"https:\/\/iris-cc.cat\/es#breadcrumb"},"inLanguage":"es","potentialAction":[{"@type":"ReadAction","target":["https:\/\/iris-cc.cat\/es"]}]},{"@type":"ImageObject","inLanguage":"es","@id":"https:\/\/iris-cc.cat\/es#primaryimage","url":"https:\/\/iris-cc.cat\/wp-content\/uploads\/2022\/08\/iris-cc-title.png","contentUrl":"https:\/\/iris-cc.cat\/wp-content\/uploads\/2022\/08\/iris-cc-title.png"},{"@type":"BreadcrumbList","@id":"https:\/\/iris-cc.cat\/es#breadcrumb","itemListElement":[{"@type":"ListItem","position":1,"name":"Inici","item":"https:\/\/iris-cc.cat\/es"},{"@type":"ListItem","position":2,"name":"Portada"}]},{"@type":"WebSite","@id":"https:\/\/iris-cc.cat\/es#website","url":"https:\/\/iris-cc.cat\/es","name":"IRIS-CC","description":"Institut de Recerca i Innovaci\u00f3 en Ci\u00e8ncies de la Vida i de la Salut a la Catalunya Central","publisher":{"@id":"https:\/\/iris-cc.cat\/es#organization"},"potentialAction":[{"@type":"SearchAction","target":{"@type":"EntryPoint","urlTemplate":"https:\/\/iris-cc.cat\/es?s={search_term_string}"},"query-input":{"@type":"PropertyValueSpecification","valueRequired":true,"valueName":"search_term_string"}}],"inLanguage":"es"},{"@type":"Organization","@id":"https:\/\/iris-cc.cat\/es#organization","name":"Institut de Recerca i Innovaci\u00f3 en Ci\u00e8ncies de la Vida i de la Salut a la Catalunya Central","url":"https:\/\/iris-cc.cat\/es","logo":{"@type":"ImageObject","inLanguage":"es","@id":"https:\/\/iris-cc.cat\/es#\/schema\/logo\/image\/","url":"https:\/\/iris-cc.cat\/wp-content\/uploads\/2022\/08\/iris-cc-logo.png","contentUrl":"https:\/\/iris-cc.cat\/wp-content\/uploads\/2022\/08\/iris-cc-logo.png","width":628,"height":172,"caption":"Institut de Recerca i Innovaci\u00f3 en Ci\u00e8ncies de la Vida i de la Salut a la Catalunya Central"},"image":{"@id":"https:\/\/iris-cc.cat\/es#\/schema\/logo\/image\/"}}]}},"_links":{"self":[{"href":"https:\/\/iris-cc.cat\/es\/wp-json\/wp\/v2\/pages\/8074","targetHints":{"allow":["GET"]}}],"collection":[{"href":"https:\/\/iris-cc.cat\/es\/wp-json\/wp\/v2\/pages"}],"about":[{"href":"https:\/\/iris-cc.cat\/es\/wp-json\/wp\/v2\/types\/page"}],"author":[{"embeddable":true,"href":"https:\/\/iris-cc.cat\/es\/wp-json\/wp\/v2\/users\/1"}],"replies":[{"embeddable":true,"href":"https:\/\/iris-cc.cat\/es\/wp-json\/wp\/v2\/comments?post=8074"}],"version-history":[{"count":15,"href":"https:\/\/iris-cc.cat\/es\/wp-json\/wp\/v2\/pages\/8074\/revisions"}],"predecessor-version":[{"id":10706,"href":"https:\/\/iris-cc.cat\/es\/wp-json\/wp\/v2\/pages\/8074\/revisions\/10706"}],"wp:attachment":[{"href":"https:\/\/iris-cc.cat\/es\/wp-json\/wp\/v2\/media?parent=8074"}],"curies":[{"name":"wp","href":"https:\/\/api.w.org\/{rel}","templated":true}]}}