{"id":8113,"date":"2022-09-14T14:37:25","date_gmt":"2022-09-14T14:37:25","guid":{"rendered":"https:\/\/iris-cc.cat\/avis-legal"},"modified":"2022-12-14T14:02:28","modified_gmt":"2022-12-14T14:02:28","slug":"aviso-legal","status":"publish","type":"page","link":"https:\/\/iris-cc.cat\/es\/aviso-legal","title":{"rendered":"Aviso legal"},"content":{"rendered":"\t\t<div data-elementor-type=\"wp-page\" data-elementor-id=\"8113\" class=\"elementor elementor-8113 elementor-7459\" data-elementor-post-type=\"page\">\n\t\t\t\t\t\t<section class=\"elementor-section elementor-top-section elementor-element elementor-element-26b1845 elementor-section-boxed elementor-section-height-default elementor-section-height-default\" data-id=\"26b1845\" data-element_type=\"section\">\n\t\t\t\t\t\t<div class=\"elementor-container elementor-column-gap-default\">\n\t\t\t\t\t<div class=\"elementor-column elementor-col-100 elementor-top-column elementor-element elementor-element-9361d7f\" data-id=\"9361d7f\" data-element_type=\"column\">\n\t\t\t<div class=\"elementor-widget-wrap elementor-element-populated\">\n\t\t\t\t\t\t<div class=\"elementor-element elementor-element-bfcc32f elementor-widget elementor-widget-heading\" data-id=\"bfcc32f\" data-element_type=\"widget\" data-widget_type=\"heading.default\">\n\t\t\t\t<div class=\"elementor-widget-container\">\n\t\t\t<h2 class=\"elementor-heading-title elementor-size-default\">Aviso legal<\/h2>\t\t<\/div>\n\t\t\t\t<\/div>\n\t\t\t\t<div class=\"elementor-element elementor-element-db7372b elementor-widget elementor-widget-text-editor\" data-id=\"db7372b\" data-element_type=\"widget\" data-widget_type=\"text-editor.default\">\n\t\t\t\t<div class=\"elementor-widget-container\">\n\t\t\t\t\t\t\t<p>En cumplimiento del art\u00edculo 10 de la Ley 34\/2002, de 11 de julio, de Servicios de la Sociedad de la Informaci\u00f3n y Comercio Electr\u00f3nico (LSSI-CE), a continuaci\u00f3n se detallan los datos identificativos de la Fundaci\u00f3n:<\/p><ul><li><strong>Raz\u00f3n social:<\/strong> FUNDACI\u00d3 IRIS-CC (INSTITUT DE RECERCA I INNOVACI\u00d3 EN CI\u00c8NCIES DE LA VIDA I DE LA SALUT A LA CATALUNYA CENTRAL)<\/li><li><strong>NIF: <\/strong>G09998055<\/li><li><strong>Direcci\u00f3n: <\/strong>CTRA. DE RODA N\u00daM. 70 08500 VIC &#8211; BARCELONA<\/li><li><strong>Tel\u00e9fono: <\/strong>93 135 83 15<\/li><li><strong>Correo electr\u00f3nico: <\/strong>info@iris-cc.cat<\/li><li><strong>Registro de Fundaciones: <\/strong>N\u00famero de inscripci\u00f3n 3291 de 4 de julio de 2022<\/li><\/ul><p><u>Finalidad de la p\u00e1gina web<\/u><\/p><p>La finalidad de esta p\u00e1gina web es atender a sus consultas y peticiones.<\/p><p>El presente aviso legal (en adelante, \u00abAviso Legal\u00bb) regula el uso de este sitio web: www.iris-cc.cat<\/p><p><u>Legislaci\u00f3n<\/u><\/p><p>Con car\u00e1cter general las relaciones entre FUNDACI\u00d3 IRIS-CC (INSTITUT DE RECERCA I INNOVACI\u00d3 EN CI\u00c8NCIES DE LA VIDA I DE LA SALUT A LA CATALUNYA CENTRAL), en adelante, el RESPONSABLE, con los usuarios de sus servicios telem\u00e1ticos, presentes en este lugar web, se encuentran sometidos a la legislaci\u00f3n y jurisdicci\u00f3n espa\u00f1olas.<\/p><p><u>Uso y acceso de usuarios<\/u><\/p><p>El usuario queda informado, y acepta, que el acceso a la presente web no supone, de modo alguno, el inicio de una relaci\u00f3n comercial con el RESPONSABLE o cualquiera de sus delegaciones.<\/p><p><u>Propiedad intelectual e industrial<\/u><\/p><p>Los derechos de propiedad intelectual del contenido de las p\u00e1ginas web, su dise\u00f1o gr\u00e1fico y c\u00f3digos son titularidad del RESPONSABLE y, por tanto, queda prohibida su reproducci\u00f3n, distribuci\u00f3n, comunicaci\u00f3n p\u00fablica, transformaci\u00f3n o cualquier otra actividad que se pueda realizar con los contenidos de sus p\u00e1ginas web, ni siquiera citando las fuentes, salvo consentimiento por escrito del RESPONSABLE.<\/p><p><u>Contenido de la web y enlaces (links)<\/u><\/p><p>El RESPONSABLE se reserva el derecho a actualizar, modificar o eliminar la informaci\u00f3n contenida en sus p\u00e1ginas web pudiendo incluso limitar o no permitir el acceso a esa informaci\u00f3n a ciertos usuarios.<\/p><p>El RESPONSABLE no asume responsabilidad alguna por la informaci\u00f3n contenida en p\u00e1ginas web de terceros a las que se pueda acceder por \u00ablinks\u00bb o enlaces desde cualquier p\u00e1gina web propiedad del RESPONSABLE. La presencia de \u00ablinks\u00bb o enlaces a las p\u00e1ginas web del RESPONSABLE tiene finalidad meramente informativa y en ning\u00fan caso supone sugerencia, invitaci\u00f3n o recomendaci\u00f3n sobre los mismos.<\/p>\t\t\t\t\t\t<\/div>\n\t\t\t\t<\/div>\n\t\t\t\t\t<\/div>\n\t\t<\/div>\n\t\t\t\t\t<\/div>\n\t\t<\/section>\n\t\t\t\t<\/div>\n\t\t","protected":false},"excerpt":{"rendered":"<p>Aviso legal En cumplimiento del art\u00edculo 10 de la Ley 34\/2002, de 11 de julio, de Servicios de la Sociedad de la Informaci\u00f3n y Comercio Electr\u00f3nico (LSSI-CE), a continuaci\u00f3n se detallan los datos identificativos de la Fundaci\u00f3n: Raz\u00f3n social: FUNDACI\u00d3 IRIS-CC (INSTITUT DE RECERCA I INNOVACI\u00d3 EN CI\u00c8NCIES DE LA VIDA I DE LA SALUT&hellip;<\/p>\n","protected":false},"author":1,"featured_media":0,"parent":0,"menu_order":0,"comment_status":"closed","ping_status":"closed","template":"","meta":{"footnotes":""},"class_list":["post-8113","page","type-page","status-publish","hentry"],"yoast_head":"<!-- This site is optimized with the Yoast SEO plugin v23.9 - https:\/\/yoast.com\/wordpress\/plugins\/seo\/ -->\n<title>Aviso legal - IRIS-CC<\/title>\n<meta name=\"robots\" content=\"noindex, follow\" \/>\n<meta property=\"og:locale\" content=\"es_ES\" \/>\n<meta property=\"og:type\" content=\"article\" \/>\n<meta property=\"og:title\" content=\"Aviso legal - IRIS-CC\" \/>\n<meta property=\"og:description\" content=\"Aviso legal En cumplimiento del art\u00edculo 10 de la Ley 34\/2002, de 11 de julio, de Servicios de la Sociedad de la Informaci\u00f3n y Comercio Electr\u00f3nico (LSSI-CE), a continuaci\u00f3n se detallan los datos identificativos de la Fundaci\u00f3n: Raz\u00f3n social: FUNDACI\u00d3 IRIS-CC (INSTITUT DE RECERCA I INNOVACI\u00d3 EN CI\u00c8NCIES DE LA VIDA I DE LA SALUT&hellip;\" \/>\n<meta property=\"og:url\" content=\"https:\/\/iris-cc.cat\/es\/aviso-legal\" \/>\n<meta property=\"og:site_name\" content=\"IRIS-CC\" \/>\n<meta property=\"article:modified_time\" content=\"2022-12-14T14:02:28+00:00\" \/>\n<meta name=\"twitter:card\" content=\"summary_large_image\" \/>\n<meta name=\"twitter:label1\" content=\"Tiempo de lectura\" \/>\n\t<meta name=\"twitter:data1\" content=\"3 minutos\" \/>\n<script type=\"application\/ld+json\" class=\"yoast-schema-graph\">{\"@context\":\"https:\/\/schema.org\",\"@graph\":[{\"@type\":\"WebPage\",\"@id\":\"https:\/\/iris-cc.cat\/es\/aviso-legal\",\"url\":\"https:\/\/iris-cc.cat\/es\/aviso-legal\",\"name\":\"Aviso legal - IRIS-CC\",\"isPartOf\":{\"@id\":\"https:\/\/iris-cc.cat\/es#website\"},\"datePublished\":\"2022-09-14T14:37:25+00:00\",\"dateModified\":\"2022-12-14T14:02:28+00:00\",\"breadcrumb\":{\"@id\":\"https:\/\/iris-cc.cat\/es\/aviso-legal#breadcrumb\"},\"inLanguage\":\"es\",\"potentialAction\":[{\"@type\":\"ReadAction\",\"target\":[\"https:\/\/iris-cc.cat\/es\/aviso-legal\"]}]},{\"@type\":\"BreadcrumbList\",\"@id\":\"https:\/\/iris-cc.cat\/es\/aviso-legal#breadcrumb\",\"itemListElement\":[{\"@type\":\"ListItem\",\"position\":1,\"name\":\"Inici\",\"item\":\"https:\/\/iris-cc.cat\/es\"},{\"@type\":\"ListItem\",\"position\":2,\"name\":\"Aviso legal\"}]},{\"@type\":\"WebSite\",\"@id\":\"https:\/\/iris-cc.cat\/es#website\",\"url\":\"https:\/\/iris-cc.cat\/es\",\"name\":\"IRIS-CC\",\"description\":\"Institut de Recerca i Innovaci\u00f3 en Ci\u00e8ncies de la Vida i de la Salut a la Catalunya Central\",\"publisher\":{\"@id\":\"https:\/\/iris-cc.cat\/es#organization\"},\"potentialAction\":[{\"@type\":\"SearchAction\",\"target\":{\"@type\":\"EntryPoint\",\"urlTemplate\":\"https:\/\/iris-cc.cat\/es?s={search_term_string}\"},\"query-input\":{\"@type\":\"PropertyValueSpecification\",\"valueRequired\":true,\"valueName\":\"search_term_string\"}}],\"inLanguage\":\"es\"},{\"@type\":\"Organization\",\"@id\":\"https:\/\/iris-cc.cat\/es#organization\",\"name\":\"Institut de Recerca i Innovaci\u00f3 en Ci\u00e8ncies de la Vida i de la Salut a la Catalunya Central\",\"url\":\"https:\/\/iris-cc.cat\/es\",\"logo\":{\"@type\":\"ImageObject\",\"inLanguage\":\"es\",\"@id\":\"https:\/\/iris-cc.cat\/es#\/schema\/logo\/image\/\",\"url\":\"https:\/\/iris-cc.cat\/wp-content\/uploads\/2022\/08\/iris-cc-logo.png\",\"contentUrl\":\"https:\/\/iris-cc.cat\/wp-content\/uploads\/2022\/08\/iris-cc-logo.png\",\"width\":628,\"height\":172,\"caption\":\"Institut de Recerca i Innovaci\u00f3 en Ci\u00e8ncies de la Vida i de la Salut a la Catalunya Central\"},\"image\":{\"@id\":\"https:\/\/iris-cc.cat\/es#\/schema\/logo\/image\/\"}}]}<\/script>\n<!-- \/ Yoast SEO plugin. -->","yoast_head_json":{"title":"Aviso legal - IRIS-CC","robots":{"index":"noindex","follow":"follow"},"og_locale":"es_ES","og_type":"article","og_title":"Aviso legal - IRIS-CC","og_description":"Aviso legal En cumplimiento del art\u00edculo 10 de la Ley 34\/2002, de 11 de julio, de Servicios de la Sociedad de la Informaci\u00f3n y Comercio Electr\u00f3nico (LSSI-CE), a continuaci\u00f3n se detallan los datos identificativos de la Fundaci\u00f3n: Raz\u00f3n social: FUNDACI\u00d3 IRIS-CC (INSTITUT DE RECERCA I INNOVACI\u00d3 EN CI\u00c8NCIES DE LA VIDA I DE LA SALUT&hellip;","og_url":"https:\/\/iris-cc.cat\/es\/aviso-legal","og_site_name":"IRIS-CC","article_modified_time":"2022-12-14T14:02:28+00:00","twitter_card":"summary_large_image","twitter_misc":{"Tiempo de lectura":"3 minutos"},"schema":{"@context":"https:\/\/schema.org","@graph":[{"@type":"WebPage","@id":"https:\/\/iris-cc.cat\/es\/aviso-legal","url":"https:\/\/iris-cc.cat\/es\/aviso-legal","name":"Aviso legal - IRIS-CC","isPartOf":{"@id":"https:\/\/iris-cc.cat\/es#website"},"datePublished":"2022-09-14T14:37:25+00:00","dateModified":"2022-12-14T14:02:28+00:00","breadcrumb":{"@id":"https:\/\/iris-cc.cat\/es\/aviso-legal#breadcrumb"},"inLanguage":"es","potentialAction":[{"@type":"ReadAction","target":["https:\/\/iris-cc.cat\/es\/aviso-legal"]}]},{"@type":"BreadcrumbList","@id":"https:\/\/iris-cc.cat\/es\/aviso-legal#breadcrumb","itemListElement":[{"@type":"ListItem","position":1,"name":"Inici","item":"https:\/\/iris-cc.cat\/es"},{"@type":"ListItem","position":2,"name":"Aviso legal"}]},{"@type":"WebSite","@id":"https:\/\/iris-cc.cat\/es#website","url":"https:\/\/iris-cc.cat\/es","name":"IRIS-CC","description":"Institut de Recerca i Innovaci\u00f3 en Ci\u00e8ncies de la Vida i de la Salut a la Catalunya Central","publisher":{"@id":"https:\/\/iris-cc.cat\/es#organization"},"potentialAction":[{"@type":"SearchAction","target":{"@type":"EntryPoint","urlTemplate":"https:\/\/iris-cc.cat\/es?s={search_term_string}"},"query-input":{"@type":"PropertyValueSpecification","valueRequired":true,"valueName":"search_term_string"}}],"inLanguage":"es"},{"@type":"Organization","@id":"https:\/\/iris-cc.cat\/es#organization","name":"Institut de Recerca i Innovaci\u00f3 en Ci\u00e8ncies de la Vida i de la Salut a la Catalunya Central","url":"https:\/\/iris-cc.cat\/es","logo":{"@type":"ImageObject","inLanguage":"es","@id":"https:\/\/iris-cc.cat\/es#\/schema\/logo\/image\/","url":"https:\/\/iris-cc.cat\/wp-content\/uploads\/2022\/08\/iris-cc-logo.png","contentUrl":"https:\/\/iris-cc.cat\/wp-content\/uploads\/2022\/08\/iris-cc-logo.png","width":628,"height":172,"caption":"Institut de Recerca i Innovaci\u00f3 en Ci\u00e8ncies de la Vida i de la Salut a la Catalunya Central"},"image":{"@id":"https:\/\/iris-cc.cat\/es#\/schema\/logo\/image\/"}}]}},"_links":{"self":[{"href":"https:\/\/iris-cc.cat\/es\/wp-json\/wp\/v2\/pages\/8113","targetHints":{"allow":["GET"]}}],"collection":[{"href":"https:\/\/iris-cc.cat\/es\/wp-json\/wp\/v2\/pages"}],"about":[{"href":"https:\/\/iris-cc.cat\/es\/wp-json\/wp\/v2\/types\/page"}],"author":[{"embeddable":true,"href":"https:\/\/iris-cc.cat\/es\/wp-json\/wp\/v2\/users\/1"}],"replies":[{"embeddable":true,"href":"https:\/\/iris-cc.cat\/es\/wp-json\/wp\/v2\/comments?post=8113"}],"version-history":[{"count":14,"href":"https:\/\/iris-cc.cat\/es\/wp-json\/wp\/v2\/pages\/8113\/revisions"}],"predecessor-version":[{"id":9805,"href":"https:\/\/iris-cc.cat\/es\/wp-json\/wp\/v2\/pages\/8113\/revisions\/9805"}],"wp:attachment":[{"href":"https:\/\/iris-cc.cat\/es\/wp-json\/wp\/v2\/media?parent=8113"}],"curies":[{"name":"wp","href":"https:\/\/api.w.org\/{rel}","templated":true}]}}