{"id":8430,"date":"2022-09-14T14:36:51","date_gmt":"2022-09-14T14:36:51","guid":{"rendered":"https:\/\/iris-cc.cat\/politica-de-privacitat"},"modified":"2024-10-24T13:03:42","modified_gmt":"2024-10-24T13:03:42","slug":"politica-de-privacidad","status":"publish","type":"page","link":"https:\/\/iris-cc.cat\/es\/politica-de-privacidad","title":{"rendered":"Pol\u00edtica de privacidad"},"content":{"rendered":"\t\t<div data-elementor-type=\"wp-page\" data-elementor-id=\"8430\" class=\"elementor elementor-8430 elementor-7458\" data-elementor-post-type=\"page\">\n\t\t\t\t\t\t<section class=\"elementor-section elementor-top-section elementor-element elementor-element-26b1845 elementor-section-boxed elementor-section-height-default elementor-section-height-default\" data-id=\"26b1845\" data-element_type=\"section\">\n\t\t\t\t\t\t<div class=\"elementor-container elementor-column-gap-default\">\n\t\t\t\t\t<div class=\"elementor-column elementor-col-100 elementor-top-column elementor-element elementor-element-9361d7f\" data-id=\"9361d7f\" data-element_type=\"column\">\n\t\t\t<div class=\"elementor-widget-wrap elementor-element-populated\">\n\t\t\t\t\t\t<div class=\"elementor-element elementor-element-bfcc32f elementor-widget elementor-widget-heading\" data-id=\"bfcc32f\" data-element_type=\"widget\" data-widget_type=\"heading.default\">\n\t\t\t\t<div class=\"elementor-widget-container\">\n\t\t\t<h2 class=\"elementor-heading-title elementor-size-default\">Pol\u00edtica de privacidad<\/h2>\t\t<\/div>\n\t\t\t\t<\/div>\n\t\t\t\t<div class=\"elementor-element elementor-element-db7372b elementor-widget elementor-widget-text-editor\" data-id=\"db7372b\" data-element_type=\"widget\" data-widget_type=\"text-editor.default\">\n\t\t\t\t<div class=\"elementor-widget-container\">\n\t\t\t\t\t\t\t<p>A efectos de lo previsto en el Reglamento (UE) 2016\/679 de 27 de abril de 2016, la FUNDACI\u00d3N IRIS-CC (INSTITUTO DE INVESTIGACI\u00d3N E INNOVACI\u00d3N EN CIENCIAS DE LA VIDA Y LA SALUD EN LA CATALU\u00d1A CENTRAL), en adelante el RESPONSABLE, con NIF G09998055, informa al Usuario que sus datos de car\u00e1cter personal ser\u00e1n tratados con el fin de prestarle los servicios solicitados y enviarle la informaci\u00f3n sobre nuestra Fundaci\u00f3n que pueda ser de su inter\u00e9s.<\/p><p><u>Base jur\u00eddica del tratamiento<\/u><\/p><p>El RESPONSABLE tratar\u00e1 los datos personales del usuario en base al consentimiento expreso que este otorga una vez le\u00edda la Pol\u00edtica de privacidad, en atenci\u00f3n al art\u00edculo 6.1.a) Reglamento UE 2016\/679 de Protecci\u00f3n de datos personales.<\/p><p><u>Env\u00edo y registro de datos de car\u00e1cter personal<\/u><\/p><p>El env\u00edo de datos de car\u00e1cter personal es obligatorio para contactar y recibir informaci\u00f3n sobre los servicios prestados por el RESPONSABLE. Asimismo, no facilitar los datos personales solicitados o no aceptar la presente pol\u00edtica de protecci\u00f3n de datos supone la imposibilidad de suscribirse, registrarse o recibir informaci\u00f3n de estos servicios.<\/p><p>Cuando los datos de car\u00e1cter personal sean obtenidos del Usuario a trav\u00e9s de redes de comunicaciones electr\u00f3nicas o en el marco de la prestaci\u00f3n de un servicio de la sociedad de la informaci\u00f3n, as\u00ed como en aquellos otros supuestos expresamente establecidos por la ley o cuando as\u00ed lo autorice la Agencia Espa\u00f1ola de Protecci\u00f3n de Datos, el responsable del tratamiento podr\u00e1 dar cumplimiento al deber de informaci\u00f3n establecido en el art\u00edculo 13 del Reglamento (UE) 2016\/679 facilitando al afectado al menos la siguiente informaci\u00f3n b\u00e1sica:<\/p><ol><li>La identidad del responsable del tratamiento y de su representante, si procede.<\/li><li>La finalidad del tratamiento.<\/li><li>La forma en que el afectado podr\u00e1 ejercitar los derechos establecidos en los art\u00edculos 15 a 22 del Reglamento (UE) 2016\/679.<\/li><\/ol><p>Sin embargo, los responsables y encargados del tratamiento o, si procede, sus representantes deber\u00e1n mantener el registro de actividades de tratamiento al que se refiere el art\u00edculo 30 del Reglamento (UE) 2016\/679, salvo que la empresa o organizaci\u00f3n ocupen menos de 250 personas, excepto que el tratamiento que realice pueda comportar un riesgo para los derechos y libertades de los interesados, no sea ocasional, o incluya categor\u00edas especiales de datos personales indicadas en el art\u00edculo 9, apartado 1, o datos personales relativos a condenas e infracciones penales a los que se refiere el art\u00edculo 10 del Reglamento (UE) 2016\/679.<\/p><p>Finalmente, el art\u00edculo 5.1.f) del Reglamento (UE) 2016\/679 determina la necesidad de establecer garant\u00edas de seguridad adecuadas contra el tratamiento no autorizado o il\u00edcito, contra la p\u00e9rdida de los datos personales, la destrucci\u00f3n o el da\u00f1o accidental. Esto implica el establecimiento de medidas t\u00e9cnicas y organizativas encaminadas a asegurar la integridad y confidencialidad de los datos personales y la posibilidad (art\u00edculo 5.2) de demostrar que estas medidas se han llevado a la pr\u00e1ctica (responsabilidad proactiva).<\/p><p><u>Exactitud y veracidad de los datos facilitados<\/u><\/p><p>El Usuario que env\u00eda la informaci\u00f3n al RESPONSABLE es el \u00fanico responsable de la veracidad y correcci\u00f3n de los datos incluidos, exonerando al RESPONSABLE de cualquier responsabilidad al respecto.<\/p><p>Los usuarios garantizan y responden, en cualquier caso, de la exactitud, vigencia y autenticidad de los datos personales facilitados, comprometi\u00e9ndose a mantenerlos debidamente actualizados. El Usuario acepta proporcionar informaci\u00f3n completa y correcta en el formulario de registro o suscripci\u00f3n.<\/p><p>El RESPONSABLE no responde de la veracidad de las informaciones que no sean de elaboraci\u00f3n propia y de las que se indique otra fuente, por lo que tampoco asume responsabilidad alguna en cuanto a hipot\u00e9ticos perjuicios que pudieran originarse por el uso de esta informaci\u00f3n. Se exonera al RESPONSABLE de responsabilidad ante cualquier da\u00f1o o perjuicio que pudiera sufrir el Usuario como consecuencia de errores, defectos u omisiones, en la informaci\u00f3n facilitada por el RESPONSABLE siempre que proceda de fuentes ajenas al RESPONSABLE.<\/p><p><u>Cesi\u00f3n de datos a terceros<\/u><\/p><p>El RESPONSABLE no ceder\u00e1 los datos personales a terceros. Sin embargo, en el caso de ser cedidos a alg\u00fan tercero, se producir\u00eda una informaci\u00f3n previa solicitando el consentimiento expreso del afectado en virtud del art\u00edculo 4.11 del Reglamento (UE) 2016\/679 de 27 de abril de 2016.<\/p><p><u>Conservaci\u00f3n de los datos<\/u><\/p><p>En cualquier caso, el tiempo de conservaci\u00f3n ser\u00e1 el indispensable y deber\u00e1 mantenerse como m\u00ednimo:<\/p><ul><li>4 a\u00f1os: Ley sobre infracciones y sanciones en el orden social (obligaciones en materia de afiliaci\u00f3n, altas, bajas, cotizaci\u00f3n, pago de salarios &#8230;); Arts. 66 y Ley general tributaria (libros de contabilidad&#8230;)<\/li><li>5 a\u00f1os: Art. 1964 C\u00f3digo Civil (acciones personales sin plazo especial)<\/li><li>6 a\u00f1os: Art. 30 C\u00f3digo de Comercio (libros de contabilidad, facturas&#8230;)<\/li><li>10 a\u00f1os: Art. 25 Ley de Prevenci\u00f3n del Blanqueo de Capitales y Financiaci\u00f3n del Terrorismo.<\/li><\/ul><p><u>Ejercicio de derechos de acceso, rectificaci\u00f3n, supresi\u00f3n, limitaci\u00f3n, portabilidad y oposici\u00f3n.<\/u><\/p><p>Podr\u00e1 dirigir sus comunicaciones y ejercitar los derechos de acceso, rectificaci\u00f3n, supresi\u00f3n, limitaci\u00f3n, portabilidad y oposici\u00f3n a trav\u00e9s de correo postal a FUNDACI\u00d3N IRIS-CC (INSTITUTO DE INVESTIGACI\u00d3N E INNOVACI\u00d3N EN CIENCIAS DE LA VIDA Y DE LA SALUD EN LA CATALU\u00d1A CENTRAL), CTRA. DE RODA N\u00daM. 70, 08500 VIC &#8211; BARCELONA o en el email <a href=\"mailto:dpd@iris-cc.cat\" target=\"_blank\" rel=\"noopener\">dpd@iris-cc.cat<\/a>, junto con prueba v\u00e1lida en derecho, como fotocopia del DNI e indicando en el asunto \u00abPROTECCI\u00d3N DE DATOS\u00bb.<\/p><p>Sin embargo, puede dirigirse a la Autoridad de Control en materia de Protecci\u00f3n de Datos competente para obtener informaci\u00f3n adicional o presentar una reclamaci\u00f3n.<\/p><p><u>Aceptaci\u00f3n y consentimiento<\/u><\/p><p>El Usuario declara haber sido informado de las condiciones sobre protecci\u00f3n de datos de car\u00e1cter personal, aceptando y consintiendo el tratamiento de estas por parte del RESPONSABLE, en la forma y para las finalidades indicadas en la presente Pol\u00edtica de Protecci\u00f3n de Datos Personales.<\/p><p><u>Cambios en la presente pol\u00edtica de privacidad<\/u><\/p><p>El RESPONSABLE se reserva el derecho a modificar la presente pol\u00edtica para adaptarla a novedades legislativas o jurisprudenciales as\u00ed como a pr\u00e1cticas de la industria. En tales supuestos, el RESPONSABLE anunciar\u00e1 en esta p\u00e1gina los cambios introducidos con razonable antelaci\u00f3n a su puesta en pr\u00e1ctica.<\/p><p><u>* reCAPTCHA<\/u><\/p><p>Utilizamos el servicio reCAPTCHA de Google Inc. (Google, en adelante) para proteger los datos enviados a trav\u00e9s de los formularios de las p\u00e1ginas de nuestros usuarios. Este servicio permite diferencias los datos enviados por personas de los mensajes automatizados y supone la transmisi\u00f3n de la direcci\u00f3n IP y otros datos requeridos por Google para el uso del servicio reCAPTCHA. Con esta finalidad, los datos ser\u00e1n transmitidos a Google para poder ser utilizados. La direcci\u00f3n IP ser\u00e1 encriptada por Google en los estados miembros de la Uni\u00f3n Europea, as\u00ed como en los estados asociados al espacio econ\u00f3mico europeo. S\u00f3lo en algunos casos excepcionales las direcciones IP ser\u00e1n transmitidas al servidor de Google en Estados Unidos para su encriptaci\u00f3n. En nombre del propietario de este lugar web, Google utilizar\u00e1 estas informaciones para evaluar el uso del servicio por parte de los usuarios. La direcci\u00f3n IP transmitida por reCAPTCHA se mantendr\u00e1 separada de otros datos de Google. Para estos datos es v\u00e1lida la pol\u00edtica de privacidad de Google. Todos los detalles sobre la pol\u00edtica de privacidad de Google se pueden leer en la p\u00e1gina https:\/\/www.google.com\/intl\/es\/policies\/privacy\/.<\/p><p>Al utilizar el servicio reCAPTCHA, el usuario consiente el tratamiento de los datos sobre \u00e9l de los que Google dispone en la forma y prop\u00f3sitos antes establecidos.<\/p><p><strong><u>POL\u00cdTICA DE PRIVACIDAD REDES SOCIALES<\/u><\/strong><\/p><p>En cumplimiento del Reglamento (UE) 2016\/679 de 27 de abril de 2016 (RGPD) y la Ley 34\/2002, de 11 de julio, de Servicios de la Sociedad de la Informaci\u00f3n y de Comercio Electr\u00f3nico (LSSI-CE), la FUNDACI\u00d3N IRIS-CC (INSTITUTO DE INVESTIGACI\u00d3N E INNOVACI\u00d3N EN CIENCIAS DE LA VIDA Y DE LA SALUD EN LA CATALU\u00d1A CENTRAL), en adelante el RESPONSABLE, informa a los usuarios que ha procedido a crear un perfil en las Redes Sociales <em>Twitter<\/em> y <em>Linkedin<\/em> con el fin principal de publicitar sus servicios.<\/p><ul><li><strong>Datos de la FUNDACI\u00d3N IRIS-CC (INSTITUTO DE INVESTIGACI\u00d3N E INNOVACI\u00d3N EN CIENCIAS DE LA VIDA Y DE LA SALUD EN LA CATALU\u00d1A CENTRAL)<\/strong><\/li><li><strong>NIF: <\/strong>G09998055<\/li><li><strong>Direcci\u00f3n: <\/strong>CTRA. DE RODA N\u00daM. 70 08500 VIC &#8211; BARCELONA<\/li><li><strong>Tel\u00e9fono: <\/strong>93 135 83 15<\/li><li><strong>Correo electr\u00f3nico:<\/strong><a href=\"mailto:dpd@iris-cc.cat\" target=\"_blank\" rel=\"noopener\">dpd@iris-cc.cat<\/a><\/li><li><strong>P\u00e1gina web: <\/strong>iris-cc.cat<\/li><li><strong>Registro de Fundaciones: <\/strong>N\u00famero de inscripci\u00f3n 3291 de 4 de julio de 2022<\/li><\/ul><p>El Usuario dispone de un perfil en la propia Red Social y ha decidido unirse a la p\u00e1gina creada por el RESPONSABLE, mostrando as\u00ed inter\u00e9s en la informaci\u00f3n que se publicite en la Red. Al unirse a nuestra p\u00e1gina, nos facilita su consentimiento para el tratamiento de aquellos datos personales publicados en su perfil.<\/p><p>El Usuario puede acceder en todo momento a las pol\u00edticas de privacidad de la propia Red Social, as\u00ed como configurar su perfil para garantizar su privacidad.<\/p><p>El RESPONSABLE tiene acceso y trata aquella informaci\u00f3n p\u00fablica del Usuario, especialmente, su nombre de contacto. Estos datos s\u00f3lo son utilizados dentro de la propia Red Social. No son incorporados a ning\u00fan archivo.<\/p><p>En relaci\u00f3n con los derechos de acceso, rectificaci\u00f3n, supresi\u00f3n, limitaci\u00f3n, portabilidad y oposici\u00f3n, de los que usted dispone y que pueden ser ejercitados ante el RESPONSABLE, de acuerdo con el Reglamento (UE) 2016\/679 de 27 de abril de 2016, debe tener en cuenta los siguientes matices:<\/p><p>*<u>Acceso<\/u>: vendr\u00e1 definido por la funcionalidad de la Red Social y la capacidad de acceso a la informaci\u00f3n de los perfiles de usuarios.<\/p><p>*<u>Rectificaci\u00f3n<\/u>: solo podr\u00e1 satisfacerse en relaci\u00f3n a aquella informaci\u00f3n que se encuentre bajo el control del RESPONSABLE, por ejemplo, eliminar comentarios publicados en su propia p\u00e1gina. Normalmente, este derecho deber\u00e1 ejercerlo ante la Red Social.\u00a0<\/p><p>*<u>Supresi\u00f3n y\/o Oposici\u00f3n<\/u>: como en el caso anterior, solo podr\u00e1 satisfacerse en relaci\u00f3n a aquella informaci\u00f3n que se encuentre bajo el control del RESPONSABLE, por ejemplo, dejar de estar unido al perfil.<\/p><p>*<u>Portabilidad<\/u>: se prev\u00e9 la posibilidad de transmitir los datos de un responsable a otro, por lo que el interesado tendr\u00e1 derecho a que sus datos personales se transmitan directamente cuando sea t\u00e9cnicamente posible.<\/p><p>*<u>Limitaci\u00f3n<\/u>: Se trata de una medida cautelar que reduce el tratamiento de datos personales a la conservaci\u00f3n. Los supuestos en los que el interesado tendr\u00e1 derecho a obtener del responsable del tratamiento la limitaci\u00f3n del tratamiento de los datos est\u00e1n tasados por la norma y son:<\/p><p>&#8211; Cuando el interesado impugne la exactitud de los datos personales, durante un plazo que permita al responsable verificar la exactitud de los mismos.<\/p><p>&#8211; Cuando el tratamiento sea il\u00edcito y el interesado se oponga a la supresi\u00f3n de los datos personales y solicite en su lugar la limitaci\u00f3n de su uso.<\/p><p>&#8211; Cuando el responsable ya no necesite los datos personales para los fines del tratamiento, pero el interesado los necesite para la formulaci\u00f3n, ejercicio o defensa de reclamaciones.<\/p><p>&#8211; Cuando el interesado se haya opuesto al tratamiento ejercitando su derecho de oposici\u00f3n, mientras se verifica si los motivos leg\u00edtimos del responsable prevalecen sobre los del interesado.<\/p><p>El RESPONSABLE realizar\u00e1 las siguientes actuaciones:<\/p><ul><li>Acceso a la informaci\u00f3n p\u00fablica del perfil.<\/li><li>Publicaci\u00f3n en el perfil del Usuario de toda aquella informaci\u00f3n ya publicada en la p\u00e1gina del RESPONSABLE.<\/li><li>Enviar mensajes personales e individuales a trav\u00e9s de los canales de la Red Social.<\/li><li>Actualizaciones del estado de la p\u00e1gina que se publicar\u00e1n en el perfil del Usuario.<\/li><\/ul><p>El Usuario siempre puede controlar sus conexiones, eliminar los contenidos que dejen de interesarle y restringir con quien comparte sus conexiones, para lo cual deber\u00e1 acceder a su configuraci\u00f3n de privacidad.<\/p><p><u>Publicaciones<\/u><\/p><p>El Usuario, una vez unido a la p\u00e1gina del RESPONSABLE, podr\u00e1 publicar en esta \u00faltima comentarios, enlaces, im\u00e1genes o fotograf\u00edas o cualquier otro tipo de contenido multimedia soportado por la Red Social. El Usuario, en todos los casos, debe ser el titular de los mismos, gozar de los derechos de autor y de propiedad intelectual o contar con el consentimiento de los terceros afectados. Se proh\u00edbe expresamente cualquier publicaci\u00f3n en la p\u00e1gina, ya sean textos, gr\u00e1ficos, fotograf\u00edas, v\u00eddeos, etc. que atenten o sean susceptibles de atentar contra la moral, la \u00e9tica, el buen gusto o lo decoro, y\/o que infrinjan, violen o infrinjan los derechos de propiedad intelectual o industrial, el derecho a la imagen o la Ley. En estos casos, el RESPONSABLE se reserva el derecho a retirar de inmediato el contenido, pudiendo solicitar el bloqueo permanente del Usuario.<\/p><p>El RESPONSABLE no se har\u00e1 responsable de los contenidos que libremente ha publicado un usuario.<\/p><p>El Usuario debe tener presente que sus publicaciones ser\u00e1n conocidas por los dem\u00e1s usuarios, por lo que \u00e9l mismo es el principal responsable de su privacidad.<\/p><p>Las im\u00e1genes que puedan publicarse en la p\u00e1gina no ser\u00e1n almacenadas en ning\u00fan archivo por parte del RESPONSABLE, pero s\u00ed permanecer\u00e1n en la Red Social.<\/p><p><u>Concursos y promociones<\/u><\/p><p>El RESPONSABLE se reserva el derecho a realizar concursos y promociones, en los que podr\u00e1 participar el Usuario unido a su p\u00e1gina. Las bases de cada uno de ellos, cuando se utilice para ello la plataforma de la Red Social, ser\u00e1n publicadas en la misma. Cumpliendo siempre con la LSSI-CE y cualquier otra norma que le sea aplicable.<\/p><p>La Red Social no patrocina, avala ni administra, de modo alguno, ninguna de nuestras promociones, ni est\u00e1 asociada a ninguna de ellas.<\/p><p><u>Publicidad<\/u><\/p><p>El RESPONSABLE utilizar\u00e1 la Red Social para publicitar sus productos y servicios, en cualquier caso, si decide tratar sus datos de contacto para realizar acciones directas de prospecci\u00f3n comercial, ser\u00e1 siempre cumpliendo con las exigencias legales del REGLAMENTO (UE) 2016\/679 y de la LSSI-CE.<\/p><p>No se considerar\u00e1 publicidad recomendar a otros usuarios la p\u00e1gina del RESPONSABLE para que tambi\u00e9n ellos puedan disfrutar de las promociones o estar informados de su actividad.<\/p><p>A continuaci\u00f3n detallamos el enlace a la pol\u00edtica de privacidad de la Red Social:<\/p><ul><li>Twitter, <a href=\"https:\/\/twitter.com\/privacy\" target=\"_blank\" rel=\"noopener\">https:\/\/twitter.com\/privacy<\/a><\/li><li>Linkedin, <a href=\"http:\/\/www.linkedin.com\/legal\/privacy-policy?trk=hb_ft_priv\" target=\"_blank\" rel=\"noopener\">http:\/\/www.linkedin.com\/legal\/privacy-policy?trk=hb_ft_priv<\/a><\/li><\/ul>\t\t\t\t\t\t<\/div>\n\t\t\t\t<\/div>\n\t\t\t\t\t<\/div>\n\t\t<\/div>\n\t\t\t\t\t<\/div>\n\t\t<\/section>\n\t\t\t\t<\/div>\n\t\t","protected":false},"excerpt":{"rendered":"<p>Pol\u00edtica de privacidad A efectos de lo previsto en el Reglamento (UE) 2016\/679 de 27 de abril de 2016, la FUNDACI\u00d3N IRIS-CC (INSTITUTO DE INVESTIGACI\u00d3N E INNOVACI\u00d3N EN CIENCIAS DE LA VIDA Y LA SALUD EN LA CATALU\u00d1A CENTRAL), en adelante el RESPONSABLE, con NIF G09998055, informa al Usuario que sus datos de car\u00e1cter personal&hellip;<\/p>\n","protected":false},"author":1,"featured_media":0,"parent":0,"menu_order":0,"comment_status":"closed","ping_status":"closed","template":"","meta":{"footnotes":""},"class_list":["post-8430","page","type-page","status-publish","hentry"],"yoast_head":"<!-- This site is optimized with the Yoast SEO plugin v23.9 - https:\/\/yoast.com\/wordpress\/plugins\/seo\/ -->\n<title>Pol\u00edtica de privacidad - IRIS-CC<\/title>\n<meta name=\"robots\" content=\"noindex, follow\" \/>\n<meta property=\"og:locale\" content=\"es_ES\" \/>\n<meta property=\"og:type\" content=\"article\" \/>\n<meta property=\"og:title\" content=\"Pol\u00edtica de privacidad - IRIS-CC\" \/>\n<meta property=\"og:description\" content=\"Pol\u00edtica de privacidad A efectos de lo previsto en el Reglamento (UE) 2016\/679 de 27 de abril de 2016, la FUNDACI\u00d3N IRIS-CC (INSTITUTO DE INVESTIGACI\u00d3N E INNOVACI\u00d3N EN CIENCIAS DE LA VIDA Y LA SALUD EN LA CATALU\u00d1A CENTRAL), en adelante el RESPONSABLE, con NIF G09998055, informa al Usuario que sus datos de car\u00e1cter personal&hellip;\" \/>\n<meta property=\"og:url\" content=\"https:\/\/iris-cc.cat\/es\/politica-de-privacidad\" \/>\n<meta property=\"og:site_name\" content=\"IRIS-CC\" \/>\n<meta property=\"article:modified_time\" content=\"2024-10-24T13:03:42+00:00\" \/>\n<meta name=\"twitter:card\" content=\"summary_large_image\" \/>\n<meta name=\"twitter:label1\" content=\"Tiempo de lectura\" \/>\n\t<meta name=\"twitter:data1\" content=\"11 minutos\" \/>\n<script type=\"application\/ld+json\" class=\"yoast-schema-graph\">{\"@context\":\"https:\/\/schema.org\",\"@graph\":[{\"@type\":\"WebPage\",\"@id\":\"https:\/\/iris-cc.cat\/es\/politica-de-privacidad\",\"url\":\"https:\/\/iris-cc.cat\/es\/politica-de-privacidad\",\"name\":\"Pol\u00edtica de privacidad - IRIS-CC\",\"isPartOf\":{\"@id\":\"https:\/\/iris-cc.cat\/es#website\"},\"datePublished\":\"2022-09-14T14:36:51+00:00\",\"dateModified\":\"2024-10-24T13:03:42+00:00\",\"breadcrumb\":{\"@id\":\"https:\/\/iris-cc.cat\/es\/politica-de-privacidad#breadcrumb\"},\"inLanguage\":\"es\",\"potentialAction\":[{\"@type\":\"ReadAction\",\"target\":[\"https:\/\/iris-cc.cat\/es\/politica-de-privacidad\"]}]},{\"@type\":\"BreadcrumbList\",\"@id\":\"https:\/\/iris-cc.cat\/es\/politica-de-privacidad#breadcrumb\",\"itemListElement\":[{\"@type\":\"ListItem\",\"position\":1,\"name\":\"Inici\",\"item\":\"https:\/\/iris-cc.cat\/es\"},{\"@type\":\"ListItem\",\"position\":2,\"name\":\"Pol\u00edtica de privacidad\"}]},{\"@type\":\"WebSite\",\"@id\":\"https:\/\/iris-cc.cat\/es#website\",\"url\":\"https:\/\/iris-cc.cat\/es\",\"name\":\"IRIS-CC\",\"description\":\"Institut de Recerca i Innovaci\u00f3 en Ci\u00e8ncies de la Vida i de la Salut a la Catalunya Central\",\"publisher\":{\"@id\":\"https:\/\/iris-cc.cat\/es#organization\"},\"potentialAction\":[{\"@type\":\"SearchAction\",\"target\":{\"@type\":\"EntryPoint\",\"urlTemplate\":\"https:\/\/iris-cc.cat\/es?s={search_term_string}\"},\"query-input\":{\"@type\":\"PropertyValueSpecification\",\"valueRequired\":true,\"valueName\":\"search_term_string\"}}],\"inLanguage\":\"es\"},{\"@type\":\"Organization\",\"@id\":\"https:\/\/iris-cc.cat\/es#organization\",\"name\":\"Institut de Recerca i Innovaci\u00f3 en Ci\u00e8ncies de la Vida i de la Salut a la Catalunya Central\",\"url\":\"https:\/\/iris-cc.cat\/es\",\"logo\":{\"@type\":\"ImageObject\",\"inLanguage\":\"es\",\"@id\":\"https:\/\/iris-cc.cat\/es#\/schema\/logo\/image\/\",\"url\":\"https:\/\/iris-cc.cat\/wp-content\/uploads\/2022\/08\/iris-cc-logo.png\",\"contentUrl\":\"https:\/\/iris-cc.cat\/wp-content\/uploads\/2022\/08\/iris-cc-logo.png\",\"width\":628,\"height\":172,\"caption\":\"Institut de Recerca i Innovaci\u00f3 en Ci\u00e8ncies de la Vida i de la Salut a la Catalunya Central\"},\"image\":{\"@id\":\"https:\/\/iris-cc.cat\/es#\/schema\/logo\/image\/\"}}]}<\/script>\n<!-- \/ Yoast SEO plugin. -->","yoast_head_json":{"title":"Pol\u00edtica de privacidad - IRIS-CC","robots":{"index":"noindex","follow":"follow"},"og_locale":"es_ES","og_type":"article","og_title":"Pol\u00edtica de privacidad - IRIS-CC","og_description":"Pol\u00edtica de privacidad A efectos de lo previsto en el Reglamento (UE) 2016\/679 de 27 de abril de 2016, la FUNDACI\u00d3N IRIS-CC (INSTITUTO DE INVESTIGACI\u00d3N E INNOVACI\u00d3N EN CIENCIAS DE LA VIDA Y LA SALUD EN LA CATALU\u00d1A CENTRAL), en adelante el RESPONSABLE, con NIF G09998055, informa al Usuario que sus datos de car\u00e1cter personal&hellip;","og_url":"https:\/\/iris-cc.cat\/es\/politica-de-privacidad","og_site_name":"IRIS-CC","article_modified_time":"2024-10-24T13:03:42+00:00","twitter_card":"summary_large_image","twitter_misc":{"Tiempo de lectura":"11 minutos"},"schema":{"@context":"https:\/\/schema.org","@graph":[{"@type":"WebPage","@id":"https:\/\/iris-cc.cat\/es\/politica-de-privacidad","url":"https:\/\/iris-cc.cat\/es\/politica-de-privacidad","name":"Pol\u00edtica de privacidad - IRIS-CC","isPartOf":{"@id":"https:\/\/iris-cc.cat\/es#website"},"datePublished":"2022-09-14T14:36:51+00:00","dateModified":"2024-10-24T13:03:42+00:00","breadcrumb":{"@id":"https:\/\/iris-cc.cat\/es\/politica-de-privacidad#breadcrumb"},"inLanguage":"es","potentialAction":[{"@type":"ReadAction","target":["https:\/\/iris-cc.cat\/es\/politica-de-privacidad"]}]},{"@type":"BreadcrumbList","@id":"https:\/\/iris-cc.cat\/es\/politica-de-privacidad#breadcrumb","itemListElement":[{"@type":"ListItem","position":1,"name":"Inici","item":"https:\/\/iris-cc.cat\/es"},{"@type":"ListItem","position":2,"name":"Pol\u00edtica de privacidad"}]},{"@type":"WebSite","@id":"https:\/\/iris-cc.cat\/es#website","url":"https:\/\/iris-cc.cat\/es","name":"IRIS-CC","description":"Institut de Recerca i Innovaci\u00f3 en Ci\u00e8ncies de la Vida i de la Salut a la Catalunya Central","publisher":{"@id":"https:\/\/iris-cc.cat\/es#organization"},"potentialAction":[{"@type":"SearchAction","target":{"@type":"EntryPoint","urlTemplate":"https:\/\/iris-cc.cat\/es?s={search_term_string}"},"query-input":{"@type":"PropertyValueSpecification","valueRequired":true,"valueName":"search_term_string"}}],"inLanguage":"es"},{"@type":"Organization","@id":"https:\/\/iris-cc.cat\/es#organization","name":"Institut de Recerca i Innovaci\u00f3 en Ci\u00e8ncies de la Vida i de la Salut a la Catalunya Central","url":"https:\/\/iris-cc.cat\/es","logo":{"@type":"ImageObject","inLanguage":"es","@id":"https:\/\/iris-cc.cat\/es#\/schema\/logo\/image\/","url":"https:\/\/iris-cc.cat\/wp-content\/uploads\/2022\/08\/iris-cc-logo.png","contentUrl":"https:\/\/iris-cc.cat\/wp-content\/uploads\/2022\/08\/iris-cc-logo.png","width":628,"height":172,"caption":"Institut de Recerca i Innovaci\u00f3 en Ci\u00e8ncies de la Vida i de la Salut a la Catalunya Central"},"image":{"@id":"https:\/\/iris-cc.cat\/es#\/schema\/logo\/image\/"}}]}},"_links":{"self":[{"href":"https:\/\/iris-cc.cat\/es\/wp-json\/wp\/v2\/pages\/8430","targetHints":{"allow":["GET"]}}],"collection":[{"href":"https:\/\/iris-cc.cat\/es\/wp-json\/wp\/v2\/pages"}],"about":[{"href":"https:\/\/iris-cc.cat\/es\/wp-json\/wp\/v2\/types\/page"}],"author":[{"embeddable":true,"href":"https:\/\/iris-cc.cat\/es\/wp-json\/wp\/v2\/users\/1"}],"replies":[{"embeddable":true,"href":"https:\/\/iris-cc.cat\/es\/wp-json\/wp\/v2\/comments?post=8430"}],"version-history":[{"count":26,"href":"https:\/\/iris-cc.cat\/es\/wp-json\/wp\/v2\/pages\/8430\/revisions"}],"predecessor-version":[{"id":14591,"href":"https:\/\/iris-cc.cat\/es\/wp-json\/wp\/v2\/pages\/8430\/revisions\/14591"}],"wp:attachment":[{"href":"https:\/\/iris-cc.cat\/es\/wp-json\/wp\/v2\/media?parent=8430"}],"curies":[{"name":"wp","href":"https:\/\/api.w.org\/{rel}","templated":true}]}}