{"id":9226,"date":"2022-12-02T07:49:36","date_gmt":"2022-12-02T07:49:36","guid":{"rendered":"https:\/\/iris-cc.cat\/politica-de-donacions"},"modified":"2022-12-02T07:55:55","modified_gmt":"2022-12-02T07:55:55","slug":"politica-de-donaciones","status":"publish","type":"page","link":"https:\/\/iris-cc.cat\/es\/politica-de-donaciones","title":{"rendered":"Pol\u00edtica de donaciones"},"content":{"rendered":"\t\t<div data-elementor-type=\"wp-page\" data-elementor-id=\"9226\" class=\"elementor elementor-9226 elementor-9219\" data-elementor-post-type=\"page\">\n\t\t\t\t\t\t<section class=\"elementor-section elementor-top-section elementor-element elementor-element-26b1845 elementor-section-boxed elementor-section-height-default elementor-section-height-default\" data-id=\"26b1845\" data-element_type=\"section\">\n\t\t\t\t\t\t<div class=\"elementor-container elementor-column-gap-default\">\n\t\t\t\t\t<div class=\"elementor-column elementor-col-100 elementor-top-column elementor-element elementor-element-9361d7f\" data-id=\"9361d7f\" data-element_type=\"column\">\n\t\t\t<div class=\"elementor-widget-wrap elementor-element-populated\">\n\t\t\t\t\t\t<div class=\"elementor-element elementor-element-bfcc32f elementor-widget elementor-widget-heading\" data-id=\"bfcc32f\" data-element_type=\"widget\" data-widget_type=\"heading.default\">\n\t\t\t\t<div class=\"elementor-widget-container\">\n\t\t\t<h2 class=\"elementor-heading-title elementor-size-default\">Pol\u00edtica de donaciones<\/h2>\t\t<\/div>\n\t\t\t\t<\/div>\n\t\t\t\t<div class=\"elementor-element elementor-element-db7372b elementor-widget elementor-widget-text-editor\" data-id=\"db7372b\" data-element_type=\"widget\" data-widget_type=\"text-editor.default\">\n\t\t\t\t<div class=\"elementor-widget-container\">\n\t\t\t\t\t\t\t<p>En cumplimiento de la Ley 34\/2002, de 11 de julio, de Servicios de la Sociedad de la Informaci\u00f3n y de Comercio electr\u00f3nico, se informa al Usuario que el titular de la p\u00e1gina web <a href=\"mailto:info@iris-cc.cat\">info@iris-cc.cat<\/a> es FUNDACI\u00d3 IRIS-CC (INSTITUT DE RECERCA I INNOVACI\u00d3 EN CI\u00c8NCIES DE LA VIDA I LA SALUT A LA CATALUNYA CENTRAL), ahora en adelante el RESPONSABLE, y sus datos de identificaci\u00f3n son las siguientes:&nbsp;<\/p>\n<ul>\n<li><strong>Raz\u00f3n social: FUNDACI\u00d3 IRIS-CC (INSTITUT DE RECERCA I INNOVACI\u00d3 EN CI\u00c8NCIES DE LA VIDA I LA SALUT A LA CATALUNYA CENTRAL)<\/strong><\/li>\n<li><strong>NIF: G09998055<\/strong><\/li>\n<li><strong>Direcci\u00f3n: DE RODA N\u00daM. 70 08500 VIC &#8211; BARCELONA<\/strong><\/li>\n<li><strong>Tel\u00e9fono: 938815537<\/strong><\/li>\n<li><strong>Email: info@iris-cc.cat<\/strong><\/li>\n<li><strong>Registro de Fundaciones: N\u00famero de inscripci\u00f3n 3291 con fecha 4 de julio de 2022.<\/strong><\/li>\n<\/ul>\n<p><u><br><\/u><\/p><p><u>Objeto<\/u><\/p>\n<p>El RESPONSABLE promover\u00e1 un modelo solidario con el fin de fomentar la participaci\u00f3n de la sociedad (ciudadanos, empresas, fundaciones y entidades p\u00fablicas y privadas) en la financiaci\u00f3n de las \u00e1reas prioritarias de investigaci\u00f3n orientadas a resolver los problemas de salud de las personas.<\/p>\n<p>El RESPONSABLE tiene grupos de investigaci\u00f3n especializados en: envejecimiento, atenci\u00f3n a la gente mayor, salud p\u00fablica y comunitaria, investigaci\u00f3n cl\u00ednica en enfermedades prevalentes, medicina regenerativa y aplicaci\u00f3n de nuevas tecnolog\u00edas a los problemas de salud.<\/p>\n<p>El RESPONSABLE ofrece, a trav\u00e9s de esta p\u00e1gina web, la posibilidad de realizar donaciones desde el apartado \u201cDonaciones\u201d. Las donaciones siempre ser\u00e1n puntuales y se destinar\u00e1n para apoyar a nuestros programas de investigaci\u00f3n relativos a los problemas de salud de las personas.<\/p>\n<p><u><br><\/u><\/p><p><u>Tratamiento de datos<\/u><\/p>\n<p>El RESPONSABLE, de conformidad con el Reglamento (UE) 2016\/679, de 27 de abril de 2016, relativo a la protecci\u00f3n de las personas f\u00edsicas en lo que respecta al tratamiento de datos personales y a la libre circulaci\u00f3n de estos datos, as\u00ed como con la Ley Org\u00e1nica 3\/2018, de 5 de diciembre, de Protecci\u00f3n de Datos Personales y garant\u00eda de los derechos digitales, en calidad de Responsable del Tratamiento de los datos personales proporcionados, le indica la siguiente informaci\u00f3n:<\/p>\n<ul>\n<li>Finalidad del tratamiento de datos\n<ul>\n<li>Los datos se tratar\u00e1n con la finalidad de tramitar la donaci\u00f3n.<\/li>\n<li>Facilitar el correspondiente certificado fiscal.<\/li>\n<\/ul>\n<\/li>\n<\/ul>\n<ul>\n<li>Base jur\u00eddica para el tratamiento de datos\n<ul>\n<li>La base que legitima del tratamiento de los datos de car\u00e1cter personal es el consentimiento del interesado, en virtud del art\u00edculo 6.1.a) del RGPD, as\u00ed como para el cumplimiento de una obligaci\u00f3n legal aplicable al responsable del tratamiento, en virtud del art\u00edculo 6.1 c), en cuanto a la tramitaci\u00f3n del certificado fiscal.<\/li>\n<\/ul>\n<\/li>\n<\/ul>\n<ul>\n<li>Plazo de conservaci\u00f3n\n<ul>\n<li>Los no se conservar\u00e1n m\u00e1s tiempo del necesario para los cuales han sido recabados, excepto que exista una obligaci\u00f3n legal.<\/li>\n<\/ul>\n<\/li>\n<\/ul>\n<ul>\n<li>Transferencias internacionales de datos\n<ul>\n<li>No se prev\u00e9 ninguna transferencia internacional de datos personales.<\/li>\n<\/ul>\n<\/li>\n<\/ul>\n<ul>\n<li>Cesi\u00f3n de datos a terceros\n<ul>\n<li>El RESPONSABLE no ceder\u00e1 los datos personales a terceros. Sin embargo, en el caso de ser cedidos a alg\u00fan tercero se producir\u00eda una informaci\u00f3n previa solicitante el consentimiento expreso del afectado en virtud del art\u00edculo 4.11 del Reglamento (UE) 2016\/679.<\/li>\n<\/ul>\n<\/li>\n<\/ul>\n<ul>\n<li>Ejercicio de derechos de acceso, rectificaci\u00f3n, supresi\u00f3n, limitaci\u00f3n, portabilidad y oposici\u00f3n\n<ul>\n<li>Podr\u00e1 dirigir sus comunicaciones y ejercitar los derechos de acceso, rectificaci\u00f3n, supresi\u00f3n, limitaci\u00f3n, portabilidad y oposici\u00f3n a trav\u00e9s de correo postal en el RESPONSABLE CTRA. DE RODA N\u00daM. 70 08500 VIC &#8211; BARCELONA o al email: info@iris-cc.cat junto con prueba v\u00e1lida en derecho, como fotocopia del D.N.I. e indicando en el asunto \u00abPROTECCI\u00d3N DE DATOS\u00bb.<\/li>\n<li>Asimismo, puede dirigirse a la Autoridad de Control en materia de Protecci\u00f3n de Datos competente para obtener informaci\u00f3n adicional o presentar una reclamaci\u00f3n.<\/li>\n<\/ul>\n<\/li>\n<\/ul>\n<p><u><br><\/u><\/p><p><u>Formas de pago<\/u><\/p>\n<p>El usuario podr\u00e1 realizar donaciones al RESPONSABLE mediante la siguiente forma de pago:<\/p>\n<ul>\n<li>Tarjeta de cr\u00e9dito<\/li>\n<\/ul>\n<p>Todas las operaciones que implican la transmisi\u00f3n de datos personales o bancarios se realizan utilizando un entorno seguro, un servidor basado en la tecnolog\u00eda de seguridad est\u00e1ndar SSL (Secure Sockets Layer). Toda la informaci\u00f3n que nos transmita viaja cifrada a trav\u00e9s de la red.<\/p>\n<p>Asimismo, los datos sobre su tarjeta de cr\u00e9dito son introducidos directamente en la p\u00e1gina del banco, en el TPV (Terminal Punto de venta del Banco) y no son introducidos ni registrados en ning\u00fan servidor del RESPONSABLE.<\/p>\n<p>Al pagar con tarjeta VISA o MASTERCARD se le solicitar\u00e1n siempre los siguientes datos: el n\u00famero de tarjeta, la fecha de caducidad, y un C\u00f3digo de Validaci\u00f3n que coincide con las 3 \u00faltimas cifras del n\u00famero impreso en cursiva en el reverso de su tarjeta VISA o MASTERCARD, ofreciendo, de esta forma, m\u00e1s garant\u00edas acerca de la seguridad de la transacci\u00f3n.<\/p>\n<p>Esta forma de pago es v\u00e1lida \u00fanicamente en la web.<\/p>\n<p>Cuando el importe de una compra hubiese sido cargado fraudulenta o indebidamente utilizando el n\u00famero de una tarjeta de pago, su titular podr\u00e1 exigir la inmediata anulaci\u00f3n del cargo. En tal caso, las correspondientes anotaciones de adeudo y reabono en las cuentas del proveedor y del titular se efectuar\u00e1n a la mayor brevedad.<\/p>\n<p>Sin embargo, si la compra hubiese sido efectivamente realizada por el titular de la tarjeta y la exigencia de devoluci\u00f3n no fuera consecuencia de haberse ejercido el derecho de desistimiento o de resoluci\u00f3n y, por tanto, hubiese exigido indebidamente la anulaci\u00f3n del correspondiente cargo, aquel quedar\u00e1 obligado frente a el RESPONSABLE al resarcimiento de los da\u00f1os y perjuicios ocasionados como consecuencia de dicha anulaci\u00f3n.<\/p>\n<p><em>*Si el usuario desea realizar su donativo a trav\u00e9s de transferencia bancaria o utilizando otro m\u00e9todo de pago, podr\u00e1 contactar con el RESPONSABLE en el correo electr\u00f3nico <\/em><a href=\"mailto:info@iris-cc.cat\"><em>info@iris-cc.cat<\/em><\/a><em>. <\/em><\/p>\n<p><u><br><\/u><\/p><p><u>Deducciones fiscales aplicables a tus donaciones<\/u><\/p>\n<p>Como socio o donante del RESPONSABLE, le informamos, que todas las donaciones hechas a nuestra entidad por un donante residente fiscal en Espa\u00f1a disfrutan de una deducci\u00f3n en la cuota del impuesto de la renta de las personas f\u00edsicas (si el donante es persona f\u00edsica) o en el impuesto sobre sociedades (si el donante es persona jur\u00eddica). En el caso de donaciones del exterior, el tratamiento fiscal queda relegado a las leyes de cada pa\u00eds. Si requiere un recibo f\u00edsico de la donaci\u00f3n por motivos fiscales, puede solicitarlo en el correo electr\u00f3nico <a href=\"mailto:info@iris-cc.cat\">info@iris-cc.cat<\/a>.<\/p>\n<p><u><br><\/u><\/p><p><u>C\u00f3mo darse de baja<\/u><\/p>\n<p>Las personas donantes habituales o socias del RESPONSABLE, pueden darse de baja en cualquier momento escribiendo a <a href=\"mailto:info@iris-cc.cat\">info@iris-cc.cat<\/a> o enviando un correo postal a la siguiente direcci\u00f3n: CTRA. DE RODA N\u00daM. 70 08500 VIC &#8211; BARCELONA; especificando el motivo por el que causa baja.<\/p>\n<p><u><br><\/u><\/p><p><u>Jurisdicci\u00f3n<\/u><\/p>\n<p>El RESPONSABLE se reserva la facultad de presentar las acciones civiles o penales que considere oportunas por la utilizaci\u00f3n indebida de su sitio web y contenidos o por el incumplimiento de la presente pol\u00edtica de donaciones.<\/p>\n<p>La relaci\u00f3n entre el usuario y el RESPONSABLE se regir\u00e1 por la normativa vigente y de aplicaci\u00f3n en el territorio espa\u00f1ol. De surgir cualquier controversia las partes podr\u00e1n someter sus conflictos a arbitraje o acudir a la jurisdicci\u00f3n ordinaria cumpliendo con las normas sobre jurisdicci\u00f3n y competencia al respecto. El RESPONSABLE tiene su domicilio en C\/ CAL XIC 28 08560 MANLLEU &#8211; BARCELONA, Espa\u00f1a.<\/p>\t\t\t\t\t\t<\/div>\n\t\t\t\t<\/div>\n\t\t\t\t\t<\/div>\n\t\t<\/div>\n\t\t\t\t\t<\/div>\n\t\t<\/section>\n\t\t\t\t<\/div>\n\t\t","protected":false},"excerpt":{"rendered":"<p>Pol\u00edtica de donaciones En cumplimiento de la Ley 34\/2002, de 11 de julio, de Servicios de la Sociedad de la Informaci\u00f3n y de Comercio electr\u00f3nico, se informa al Usuario que el titular de la p\u00e1gina web info@iris-cc.cat es FUNDACI\u00d3 IRIS-CC (INSTITUT DE RECERCA I INNOVACI\u00d3 EN CI\u00c8NCIES DE LA VIDA I LA SALUT A LA&hellip;<\/p>\n","protected":false},"author":1,"featured_media":0,"parent":0,"menu_order":0,"comment_status":"closed","ping_status":"closed","template":"","meta":{"footnotes":""},"class_list":["post-9226","page","type-page","status-publish","hentry"],"yoast_head":"<!-- This site is optimized with the Yoast SEO plugin v23.9 - https:\/\/yoast.com\/wordpress\/plugins\/seo\/ -->\n<title>Pol\u00edtica de donaciones - IRIS-CC<\/title>\n<meta name=\"robots\" content=\"noindex, follow\" \/>\n<meta property=\"og:locale\" content=\"es_ES\" \/>\n<meta property=\"og:type\" content=\"article\" \/>\n<meta property=\"og:title\" content=\"Pol\u00edtica de donaciones - IRIS-CC\" \/>\n<meta property=\"og:description\" content=\"Pol\u00edtica de donaciones En cumplimiento de la Ley 34\/2002, de 11 de julio, de Servicios de la Sociedad de la Informaci\u00f3n y de Comercio electr\u00f3nico, se informa al Usuario que el titular de la p\u00e1gina web info@iris-cc.cat es FUNDACI\u00d3 IRIS-CC (INSTITUT DE RECERCA I INNOVACI\u00d3 EN CI\u00c8NCIES DE LA VIDA I LA SALUT A LA&hellip;\" \/>\n<meta property=\"og:url\" content=\"https:\/\/iris-cc.cat\/es\/politica-de-donaciones\" \/>\n<meta property=\"og:site_name\" content=\"IRIS-CC\" \/>\n<meta property=\"article:modified_time\" content=\"2022-12-02T07:55:55+00:00\" \/>\n<meta name=\"twitter:card\" content=\"summary_large_image\" \/>\n<meta name=\"twitter:label1\" content=\"Tiempo de lectura\" \/>\n\t<meta name=\"twitter:data1\" content=\"6 minutos\" \/>\n<script type=\"application\/ld+json\" class=\"yoast-schema-graph\">{\"@context\":\"https:\/\/schema.org\",\"@graph\":[{\"@type\":\"WebPage\",\"@id\":\"https:\/\/iris-cc.cat\/es\/politica-de-donaciones\",\"url\":\"https:\/\/iris-cc.cat\/es\/politica-de-donaciones\",\"name\":\"Pol\u00edtica de donaciones - IRIS-CC\",\"isPartOf\":{\"@id\":\"https:\/\/iris-cc.cat\/es#website\"},\"datePublished\":\"2022-12-02T07:49:36+00:00\",\"dateModified\":\"2022-12-02T07:55:55+00:00\",\"breadcrumb\":{\"@id\":\"https:\/\/iris-cc.cat\/es\/politica-de-donaciones#breadcrumb\"},\"inLanguage\":\"es\",\"potentialAction\":[{\"@type\":\"ReadAction\",\"target\":[\"https:\/\/iris-cc.cat\/es\/politica-de-donaciones\"]}]},{\"@type\":\"BreadcrumbList\",\"@id\":\"https:\/\/iris-cc.cat\/es\/politica-de-donaciones#breadcrumb\",\"itemListElement\":[{\"@type\":\"ListItem\",\"position\":1,\"name\":\"Inici\",\"item\":\"https:\/\/iris-cc.cat\/es\"},{\"@type\":\"ListItem\",\"position\":2,\"name\":\"Pol\u00edtica de donaciones\"}]},{\"@type\":\"WebSite\",\"@id\":\"https:\/\/iris-cc.cat\/es#website\",\"url\":\"https:\/\/iris-cc.cat\/es\",\"name\":\"IRIS-CC\",\"description\":\"Institut de Recerca i Innovaci\u00f3 en Ci\u00e8ncies de la Vida i de la Salut a la Catalunya Central\",\"publisher\":{\"@id\":\"https:\/\/iris-cc.cat\/es#organization\"},\"potentialAction\":[{\"@type\":\"SearchAction\",\"target\":{\"@type\":\"EntryPoint\",\"urlTemplate\":\"https:\/\/iris-cc.cat\/es?s={search_term_string}\"},\"query-input\":{\"@type\":\"PropertyValueSpecification\",\"valueRequired\":true,\"valueName\":\"search_term_string\"}}],\"inLanguage\":\"es\"},{\"@type\":\"Organization\",\"@id\":\"https:\/\/iris-cc.cat\/es#organization\",\"name\":\"Institut de Recerca i Innovaci\u00f3 en Ci\u00e8ncies de la Vida i de la Salut a la Catalunya Central\",\"url\":\"https:\/\/iris-cc.cat\/es\",\"logo\":{\"@type\":\"ImageObject\",\"inLanguage\":\"es\",\"@id\":\"https:\/\/iris-cc.cat\/es#\/schema\/logo\/image\/\",\"url\":\"https:\/\/iris-cc.cat\/wp-content\/uploads\/2022\/08\/iris-cc-logo.png\",\"contentUrl\":\"https:\/\/iris-cc.cat\/wp-content\/uploads\/2022\/08\/iris-cc-logo.png\",\"width\":628,\"height\":172,\"caption\":\"Institut de Recerca i Innovaci\u00f3 en Ci\u00e8ncies de la Vida i de la Salut a la Catalunya Central\"},\"image\":{\"@id\":\"https:\/\/iris-cc.cat\/es#\/schema\/logo\/image\/\"}}]}<\/script>\n<!-- \/ Yoast SEO plugin. -->","yoast_head_json":{"title":"Pol\u00edtica de donaciones - IRIS-CC","robots":{"index":"noindex","follow":"follow"},"og_locale":"es_ES","og_type":"article","og_title":"Pol\u00edtica de donaciones - IRIS-CC","og_description":"Pol\u00edtica de donaciones En cumplimiento de la Ley 34\/2002, de 11 de julio, de Servicios de la Sociedad de la Informaci\u00f3n y de Comercio electr\u00f3nico, se informa al Usuario que el titular de la p\u00e1gina web info@iris-cc.cat es FUNDACI\u00d3 IRIS-CC (INSTITUT DE RECERCA I INNOVACI\u00d3 EN CI\u00c8NCIES DE LA VIDA I LA SALUT A LA&hellip;","og_url":"https:\/\/iris-cc.cat\/es\/politica-de-donaciones","og_site_name":"IRIS-CC","article_modified_time":"2022-12-02T07:55:55+00:00","twitter_card":"summary_large_image","twitter_misc":{"Tiempo de lectura":"6 minutos"},"schema":{"@context":"https:\/\/schema.org","@graph":[{"@type":"WebPage","@id":"https:\/\/iris-cc.cat\/es\/politica-de-donaciones","url":"https:\/\/iris-cc.cat\/es\/politica-de-donaciones","name":"Pol\u00edtica de donaciones - IRIS-CC","isPartOf":{"@id":"https:\/\/iris-cc.cat\/es#website"},"datePublished":"2022-12-02T07:49:36+00:00","dateModified":"2022-12-02T07:55:55+00:00","breadcrumb":{"@id":"https:\/\/iris-cc.cat\/es\/politica-de-donaciones#breadcrumb"},"inLanguage":"es","potentialAction":[{"@type":"ReadAction","target":["https:\/\/iris-cc.cat\/es\/politica-de-donaciones"]}]},{"@type":"BreadcrumbList","@id":"https:\/\/iris-cc.cat\/es\/politica-de-donaciones#breadcrumb","itemListElement":[{"@type":"ListItem","position":1,"name":"Inici","item":"https:\/\/iris-cc.cat\/es"},{"@type":"ListItem","position":2,"name":"Pol\u00edtica de donaciones"}]},{"@type":"WebSite","@id":"https:\/\/iris-cc.cat\/es#website","url":"https:\/\/iris-cc.cat\/es","name":"IRIS-CC","description":"Institut de Recerca i Innovaci\u00f3 en Ci\u00e8ncies de la Vida i de la Salut a la Catalunya Central","publisher":{"@id":"https:\/\/iris-cc.cat\/es#organization"},"potentialAction":[{"@type":"SearchAction","target":{"@type":"EntryPoint","urlTemplate":"https:\/\/iris-cc.cat\/es?s={search_term_string}"},"query-input":{"@type":"PropertyValueSpecification","valueRequired":true,"valueName":"search_term_string"}}],"inLanguage":"es"},{"@type":"Organization","@id":"https:\/\/iris-cc.cat\/es#organization","name":"Institut de Recerca i Innovaci\u00f3 en Ci\u00e8ncies de la Vida i de la Salut a la Catalunya Central","url":"https:\/\/iris-cc.cat\/es","logo":{"@type":"ImageObject","inLanguage":"es","@id":"https:\/\/iris-cc.cat\/es#\/schema\/logo\/image\/","url":"https:\/\/iris-cc.cat\/wp-content\/uploads\/2022\/08\/iris-cc-logo.png","contentUrl":"https:\/\/iris-cc.cat\/wp-content\/uploads\/2022\/08\/iris-cc-logo.png","width":628,"height":172,"caption":"Institut de Recerca i Innovaci\u00f3 en Ci\u00e8ncies de la Vida i de la Salut a la Catalunya Central"},"image":{"@id":"https:\/\/iris-cc.cat\/es#\/schema\/logo\/image\/"}}]}},"_links":{"self":[{"href":"https:\/\/iris-cc.cat\/es\/wp-json\/wp\/v2\/pages\/9226","targetHints":{"allow":["GET"]}}],"collection":[{"href":"https:\/\/iris-cc.cat\/es\/wp-json\/wp\/v2\/pages"}],"about":[{"href":"https:\/\/iris-cc.cat\/es\/wp-json\/wp\/v2\/types\/page"}],"author":[{"embeddable":true,"href":"https:\/\/iris-cc.cat\/es\/wp-json\/wp\/v2\/users\/1"}],"replies":[{"embeddable":true,"href":"https:\/\/iris-cc.cat\/es\/wp-json\/wp\/v2\/comments?post=9226"}],"version-history":[{"count":4,"href":"https:\/\/iris-cc.cat\/es\/wp-json\/wp\/v2\/pages\/9226\/revisions"}],"predecessor-version":[{"id":9234,"href":"https:\/\/iris-cc.cat\/es\/wp-json\/wp\/v2\/pages\/9226\/revisions\/9234"}],"wp:attachment":[{"href":"https:\/\/iris-cc.cat\/es\/wp-json\/wp\/v2\/media?parent=9226"}],"curies":[{"name":"wp","href":"https:\/\/api.w.org\/{rel}","templated":true}]}}