{"id":9736,"date":"2022-11-29T13:01:41","date_gmt":"2022-11-29T13:01:41","guid":{"rendered":"https:\/\/iris-cc.cat\/mecenatge-2"},"modified":"2022-12-21T08:36:04","modified_gmt":"2022-12-21T08:36:04","slug":"mecenazgo","status":"publish","type":"page","link":"https:\/\/iris-cc.cat\/es\/mecenazgo","title":{"rendered":"Mecenazgo"},"content":{"rendered":"\t\t<div data-elementor-type=\"wp-page\" data-elementor-id=\"9736\" class=\"elementor elementor-9736 elementor-8959\" data-elementor-post-type=\"page\">\n\t\t\t\t\t\t<section class=\"elementor-section elementor-top-section elementor-element elementor-element-12ec45a elementor-section-boxed elementor-section-height-default elementor-section-height-default\" data-id=\"12ec45a\" data-element_type=\"section\">\n\t\t\t\t\t\t<div class=\"elementor-container elementor-column-gap-default\">\n\t\t\t\t\t<div class=\"elementor-column elementor-col-100 elementor-top-column elementor-element elementor-element-b5ae156\" data-id=\"b5ae156\" data-element_type=\"column\">\n\t\t\t<div class=\"elementor-widget-wrap elementor-element-populated\">\n\t\t\t\t\t\t<div class=\"elementor-element elementor-element-099002d elementor-widget elementor-widget-heading\" data-id=\"099002d\" data-element_type=\"widget\" data-widget_type=\"heading.default\">\n\t\t\t\t<div class=\"elementor-widget-container\">\n\t\t\t<h1 class=\"elementor-heading-title elementor-size-default\">MECENAZGO<\/h1>\t\t<\/div>\n\t\t\t\t<\/div>\n\t\t\t\t\t<\/div>\n\t\t<\/div>\n\t\t\t\t\t<\/div>\n\t\t<\/section>\n\t\t\t\t<section class=\"elementor-section elementor-top-section elementor-element elementor-element-26b1845 elementor-section-boxed elementor-section-height-default elementor-section-height-default\" data-id=\"26b1845\" data-element_type=\"section\">\n\t\t\t\t\t\t<div class=\"elementor-container elementor-column-gap-default\">\n\t\t\t\t\t<div class=\"elementor-column elementor-col-100 elementor-top-column elementor-element elementor-element-9361d7f\" data-id=\"9361d7f\" data-element_type=\"column\">\n\t\t\t<div class=\"elementor-widget-wrap elementor-element-populated\">\n\t\t\t\t\t\t<div class=\"elementor-element elementor-element-df30cce elementor-widget elementor-widget-text-editor\" data-id=\"df30cce\" data-element_type=\"widget\" data-widget_type=\"text-editor.default\">\n\t\t\t\t<div class=\"elementor-widget-container\">\n\t\t\t\t\t\t\t<p>La Fundaci\u00f3 IRIS-CC promover\u00e1 un modelo solidario con la finalidad de fomentar la participaci\u00f3n de la sociedad (ciudadanos, empresas, fundaciones y entidades p\u00fablicas y privadas) en la financiaci\u00f3n de las \u00e1reas prioritarias de investigaci\u00f3n orientadas a resolver los problemas de salud de las personas.<\/p><p>El IRIS-CC tiene grupos de investigaci\u00f3n especializados en: envejecimiento, atenci\u00f3n a las personas mayores, salud p\u00fablica y comunitaria, investigaci\u00f3n cl\u00ednica en enfermedades prevalentes, medicina regenerativa y aplicaci\u00f3n de nuevas tecnolog\u00edas a los problemas de salud.<\/p><p><strong>Formas de colaborar:<\/strong><\/p><ul><li>Donaciones an\u00f3nimas<\/li><li>Donaciones personales (generales o vinculadas a proyectos)<\/li><li>Contribuci\u00f3n a la cartera de proyectos de mecenazgo<\/li><\/ul><p><strong>\u00bfDesea formar parte de amigos del IRIS-CC?<\/strong><\/p><p>Contacto:<\/p><p><a href=\"mailto:info@iris-cc.cat\">info@iris-cc.cat<\/a><\/p><p>Telf: 931358315<br \/>Ctra. De Roda n\u00fam. 70<br \/>08500 Vic<\/p>\t\t\t\t\t\t<\/div>\n\t\t\t\t<\/div>\n\t\t\t\t\t<\/div>\n\t\t<\/div>\n\t\t\t\t\t<\/div>\n\t\t<\/section>\n\t\t\t\t<section class=\"elementor-section elementor-top-section elementor-element elementor-element-af61ca8 elementor-section-boxed elementor-section-height-default elementor-section-height-default\" data-id=\"af61ca8\" data-element_type=\"section\">\n\t\t\t\t\t\t<div class=\"elementor-container elementor-column-gap-default\">\n\t\t\t\t\t<div class=\"elementor-column elementor-col-100 elementor-top-column elementor-element elementor-element-6a92607\" data-id=\"6a92607\" data-element_type=\"column\">\n\t\t\t<div class=\"elementor-widget-wrap elementor-element-populated\">\n\t\t\t\t\t\t<div class=\"elementor-element elementor-element-432c7b2 elementor-widget elementor-widget-heading\" data-id=\"432c7b2\" data-element_type=\"widget\" data-widget_type=\"heading.default\">\n\t\t\t\t<div class=\"elementor-widget-container\">\n\t\t\t<h2 class=\"elementor-heading-title elementor-size-default\">Dona ahora<\/h2>\t\t<\/div>\n\t\t\t\t<\/div>\n\t\t\t\t<div class=\"elementor-element elementor-element-315b730 elementor-widget elementor-widget-text-editor\" data-id=\"315b730\" data-element_type=\"widget\" data-widget_type=\"text-editor.default\">\n\t\t\t\t<div class=\"elementor-widget-container\">\n\t\t\t\t\t\t\t<p>Tu colaboraci\u00f3n con la Fundaci\u00f3 IRIS-CC disfruta de los beneficios fiscales recogidos en la Ley 49\/2002, por la que las personas o empresas tenemos derecho a <strong>deducir nuestros donativos en la declaraci\u00f3n de la renta o de sociedades<\/strong>.<\/p>\t\t\t\t\t\t<\/div>\n\t\t\t\t<\/div>\n\t\t\t\t<div class=\"elementor-element elementor-element-9ad5de1 elementor-widget elementor-widget-shortcode\" data-id=\"9ad5de1\" data-element_type=\"widget\" data-widget_type=\"shortcode.default\">\n\t\t\t\t<div class=\"elementor-widget-container\">\n\t\t\t\t\t<div class=\"elementor-shortcode\">\n<div class=\"wpcf7 no-js\" id=\"wpcf7-f9746-o1\" lang=\"ca\" dir=\"ltr\" data-wpcf7-id=\"9746\">\n<div class=\"screen-reader-response\"><p role=\"status\" aria-live=\"polite\" aria-atomic=\"true\"><\/p> <ul><\/ul><\/div>\n<form action=\"\/es\/wp-json\/wp\/v2\/pages\/9736#wpcf7-f9746-o1\" method=\"post\" class=\"wpcf7-form init cf7mls-no-scroll cf7mls-no-moving-animation wpcf7-acceptance-as-validation\" aria-label=\"Formulari de contacte\" novalidate=\"novalidate\" data-status=\"init\">\n<div style=\"display: none;\">\n<input type=\"hidden\" name=\"_wpcf7\" value=\"9746\" \/>\n<input type=\"hidden\" name=\"_wpcf7_version\" value=\"6.0\" \/>\n<input type=\"hidden\" name=\"_wpcf7_locale\" value=\"ca\" \/>\n<input type=\"hidden\" name=\"_wpcf7_unit_tag\" value=\"wpcf7-f9746-o1\" \/>\n<input type=\"hidden\" name=\"_wpcf7_container_post\" value=\"0\" \/>\n<input type=\"hidden\" name=\"_wpcf7_posted_data_hash\" value=\"\" \/>\n<input type=\"hidden\" name=\"_wpcf7_recaptcha_response\" value=\"\" \/>\n<\/div>\n<div class=\"fieldset-cf7mls-wrapper\" data-transition-effects><fieldset class=\"fieldset-cf7mls cf7mls_current_fs\"><p>Cantidad:<br \/>\n<a href=\"#\" class=\"btn-mecenatge-qtt\" data-quantitat=\"30\">30 \u20ac<\/a><a href=\"#\" class=\"btn-mecenatge-qtt\" data-quantitat=\"60\">60 \u20ac<\/a><a href=\"#\" class=\"btn-mecenatge-qtt\" data-quantitat=\"90\">90 \u20ac<\/a><a href=\"#\" class=\"btn-mecenatge-qtt\" data-quantitat=\"\">Otra cantidad<\/a>\n<\/p>\n<div class=\"wrapper_quantitat\">\n\t<p><label>Especificar cantidad:<br \/>\n<span class=\"wpcf7-form-control-wrap\" data-name=\"quantitat\"><input size=\"40\" maxlength=\"4\" minlength=\"1\" class=\"wpcf7-form-control wpcf7-text wpcf7-validates-as-required\" aria-required=\"true\" aria-invalid=\"false\" value=\"\" type=\"text\" name=\"quantitat\" \/><\/span> <\/label>\n\t<\/p>\n<\/div>\n<p><div class=\"cf7mls-btns \"><button type=\"button\" class=\"cf7mls_next cf7mls_btn action-button\" name=\"cf7mls_next\" id=\"cf7mls-next-btn-cf7mls_step-1\">Continuar<img decoding=\"async\" src=\"https:\/\/iris-cc.cat\/wp-content\/plugins\/cf7-multi-step\/assets\/frontend\/img\/loader.svg\" alt=\"Step Loading\" data-lazy-src=\"https:\/\/iris-cc.cat\/wp-content\/plugins\/cf7-multi-step\/assets\/frontend\/img\/loader.svg\" style=\"display: none;\" \/><\/button><\/div><p><\/p><\/fieldset><fieldset class=\"fieldset-cf7mls\"><span style=\"float: right\">*todos los campos son obligatorios<\/span><br \/>\n<label>Nombre y apellidos*:<br \/>\n<span class=\"wpcf7-form-control-wrap\" data-name=\"nom\"><input size=\"40\" maxlength=\"400\" class=\"wpcf7-form-control wpcf7-text wpcf7-validates-as-required\" aria-required=\"true\" aria-invalid=\"false\" value=\"\" type=\"text\" name=\"nom\" \/><\/span> <\/label><br \/>\n<label>DNI*:<br \/>\n<span class=\"wpcf7-form-control-wrap\" data-name=\"dni\"><input size=\"40\" maxlength=\"400\" class=\"wpcf7-form-control wpcf7-text wpcf7-validates-as-required\" aria-required=\"true\" aria-invalid=\"false\" value=\"\" type=\"text\" name=\"dni\" \/><\/span> <\/label><br \/>\n<label>Direcci\u00f3n*:<br \/>\n<span class=\"wpcf7-form-control-wrap\" data-name=\"adreca\"><input size=\"40\" maxlength=\"400\" class=\"wpcf7-form-control wpcf7-text wpcf7-validates-as-required\" aria-required=\"true\" aria-invalid=\"false\" value=\"\" type=\"text\" name=\"adreca\" \/><\/span> <\/label><br \/>\n<label>Poblaci\u00f3n*:<br \/>\n<span class=\"wpcf7-form-control-wrap\" data-name=\"poblacio\"><input size=\"40\" maxlength=\"400\" class=\"wpcf7-form-control wpcf7-text wpcf7-validates-as-required\" aria-required=\"true\" aria-invalid=\"false\" value=\"\" type=\"text\" name=\"poblacio\" \/><\/span> <\/label><br \/>\n<label>C\u00f3digo Postal*:<br \/>\n<span class=\"wpcf7-form-control-wrap\" data-name=\"cp\"><input size=\"40\" maxlength=\"400\" class=\"wpcf7-form-control wpcf7-text wpcf7-validates-as-required\" aria-required=\"true\" aria-invalid=\"false\" value=\"\" type=\"text\" name=\"cp\" \/><\/span> <\/label><br \/>\n<label>Pa\u00eds*:<br \/>\n<span class=\"wpcf7-form-control-wrap\" data-name=\"pais\"><input size=\"40\" maxlength=\"400\" class=\"wpcf7-form-control wpcf7-text wpcf7-validates-as-required\" aria-required=\"true\" aria-invalid=\"false\" value=\"\" type=\"text\" name=\"pais\" \/><\/span> <\/label><br \/>\n<label>Email*:<br \/>\n<span class=\"wpcf7-form-control-wrap\" data-name=\"email\"><input size=\"40\" maxlength=\"400\" class=\"wpcf7-form-control wpcf7-email wpcf7-validates-as-required wpcf7-text wpcf7-validates-as-email\" aria-required=\"true\" aria-invalid=\"false\" value=\"\" type=\"email\" name=\"email\" \/><\/span> <\/label><br \/>\n<label>Tel\u00e9fono*:<br \/>\n<span class=\"wpcf7-form-control-wrap\" data-name=\"telefon\"><input size=\"40\" maxlength=\"400\" class=\"wpcf7-form-control wpcf7-text wpcf7-validates-as-required\" aria-required=\"true\" aria-invalid=\"false\" value=\"\" type=\"text\" name=\"telefon\" \/><\/span> <\/label><br \/>\n<label>Comentarios u observaciones (opcional):<br \/>\n<span class=\"wpcf7-form-control-wrap\" data-name=\"comentari\"><textarea cols=\"40\" rows=\"10\" maxlength=\"2000\" class=\"wpcf7-form-control wpcf7-textarea\" aria-invalid=\"false\" name=\"comentari\"><\/textarea><\/span> <\/label><br \/>\n<span class=\"wpcf7-form-control-wrap\" data-name=\"acceptacio\"><span class=\"wpcf7-form-control wpcf7-acceptance\"><span class=\"wpcf7-list-item\"><label><input type=\"checkbox\" name=\"acceptacio\" value=\"1\" aria-invalid=\"false\" \/><span class=\"wpcf7-list-item-label\">He le\u00eddo y acepto la <a href=\"https:\/\/iris-cc.cat\/es\/politica-de-donaciones\" target=\"_blank\" style=\"text-decoration:underline;\">Pol\u00edtica de donaciones<\/a> y la <a href=\"https:\/\/iris-cc.cat\/es\/politica-de-privacidad\" target=\"_blank\" style=\"text-decoration:underline;\">Pol\u00edtica de privacidad<\/a><\/span><\/label><\/span><\/span><\/span><br \/>\n<input class=\"wpcf7-form-control wpcf7-submit has-spinner\" type=\"submit\" value=\"Finalizar\" \/><div class=\"cf7mls-btns cf7mls-btns-last-step\"><button type=\"button\" class=\"cf7mls_back action-button\" name=\"cf7mls_back\" id=\"cf7mls-back-btn-cf7mls_step-2\">Atr\u00e1s<\/button><button type=\"button\" style=\"display: none;\" class=\"cf7mls_next cf7mls_btn action-button\" name=\"cf7mls_next\" id=\"cf7mls-next-btn-cf7mls_step-2\"><img decoding=\"async\" src=\"https:\/\/iris-cc.cat\/wp-content\/plugins\/cf7-multi-step\/assets\/frontend\/img\/loader.svg\" alt=\"Step Loading\" data-lazy-src=\"https:\/\/iris-cc.cat\/wp-content\/plugins\/cf7-multi-step\/assets\/frontend\/img\/loader.svg\" style=\"display: none;\" \/><\/button>\n<\/p><\/fieldset><\/div><div class=\"wpcf7-response-output\" aria-hidden=\"true\"><\/div>\n<\/form>\n<\/div>\n<\/div>\n\t\t\t\t<\/div>\n\t\t\t\t<\/div>\n\t\t\t\t<div class=\"elementor-element elementor-element-88898fb elementor-widget elementor-widget-text-editor\" data-id=\"88898fb\" data-element_type=\"widget\" data-widget_type=\"text-editor.default\">\n\t\t\t\t<div class=\"elementor-widget-container\">\n\t\t\t\t\t\t\t<p style=\"text-align: center;\">Si quieres hacer tu donativo a trav\u00e9s de transferencia bancaria o utilizando otro m\u00e9todo de pago, contacta con nosotros a <a href=\"mailto:info@iris-cc.cat\">info@iris-cc.cat<\/a>.<\/p>\t\t\t\t\t\t<\/div>\n\t\t\t\t<\/div>\n\t\t\t\t<div class=\"elementor-element elementor-element-d7e4be6 elementor-widget elementor-widget-html\" data-id=\"d7e4be6\" data-element_type=\"widget\" data-widget_type=\"html.default\">\n\t\t\t\t<div class=\"elementor-widget-container\">\n\t\t\t<script>\njQuery(document).ready(function(){\n    var regExp = \/[0-9\\.\\,]\/;\n    jQuery('input[name=\"quantitat\"]').on('keydown keyup', function(e) {\n    \tvar value = String.fromCharCode(e.which) || e.key;\n    \t\/\/ Only numbers, dots and commas\n    \tif (!regExp.test(value)\n    \t&& e.which != 188 \/\/ ,\n    \t&& e.which != 110 \/\/ ,\n    \t&& e.which != 190 \/\/ .\n    \t&& e.which != 8   \/\/ backspace\n    \t&& e.which != 46  \/\/ delete\n    \t&& (e.which < 37  \/\/ arrow keys\n    \t  || e.which > 40)\n    \t&& (e.which < 96  \/\/ arrow keys\n    \t  || e.which > 105)) {\n    \t    e.preventDefault();\n    \t    return false;\n    \t}\n    });\n\n\tjQuery('body').on('click', 'a.btn-mecenatge-qtt', function(e) {\n\t   e.preventDefault();\n\t   jQuery(\"a.btn-mecenatge-qtt\").removeClass(\"active\");\n\t   jQuery(this).addClass(\"active\");\n\t   jQuery('input[name=\"quantitat\"]').val(jQuery(this).attr(\"data-quantitat\"));\n\t   if(jQuery(this).attr(\"data-quantitat\")){\n\t       jQuery(\".wrapper_quantitat\").hide();\n\t   }else{\n\t       jQuery(\".wrapper_quantitat\").slideDown(200);\n\t   }\n\t});\n});\n<\/script>\t\t<\/div>\n\t\t\t\t<\/div>\n\t\t\t\t\t<\/div>\n\t\t<\/div>\n\t\t\t\t\t<\/div>\n\t\t<\/section>\n\t\t\t\t<\/div>\n\t\t","protected":false},"excerpt":{"rendered":"<p>MECENAZGO La Fundaci\u00f3 IRIS-CC promover\u00e1 un modelo solidario con la finalidad de fomentar la participaci\u00f3n de la sociedad (ciudadanos, empresas, fundaciones y entidades p\u00fablicas y privadas) en la financiaci\u00f3n de las \u00e1reas prioritarias de investigaci\u00f3n orientadas a resolver los problemas de salud de las personas. El IRIS-CC tiene grupos de investigaci\u00f3n especializados en: envejecimiento, atenci\u00f3n&hellip;<\/p>\n","protected":false},"author":1,"featured_media":0,"parent":0,"menu_order":0,"comment_status":"closed","ping_status":"closed","template":"","meta":{"footnotes":""},"class_list":["post-9736","page","type-page","status-publish","hentry"],"yoast_head":"<!-- This site is optimized with the Yoast SEO plugin v23.9 - https:\/\/yoast.com\/wordpress\/plugins\/seo\/ -->\n<title>Mecenazgo - IRIS-CC<\/title>\n<meta name=\"robots\" content=\"index, follow, max-snippet:-1, max-image-preview:large, max-video-preview:-1\" \/>\n<link rel=\"canonical\" href=\"https:\/\/iris-cc.cat\/es\/mecenazgo\" \/>\n<meta property=\"og:locale\" content=\"es_ES\" \/>\n<meta property=\"og:type\" content=\"article\" \/>\n<meta property=\"og:title\" content=\"Mecenazgo - IRIS-CC\" \/>\n<meta property=\"og:description\" content=\"MECENAZGO La Fundaci\u00f3 IRIS-CC promover\u00e1 un modelo solidario con la finalidad de fomentar la participaci\u00f3n de la sociedad (ciudadanos, empresas, fundaciones y entidades p\u00fablicas y privadas) en la financiaci\u00f3n de las \u00e1reas prioritarias de investigaci\u00f3n orientadas a resolver los problemas de salud de las personas. El IRIS-CC tiene grupos de investigaci\u00f3n especializados en: envejecimiento, atenci\u00f3n&hellip;\" \/>\n<meta property=\"og:url\" content=\"https:\/\/iris-cc.cat\/es\/mecenazgo\" \/>\n<meta property=\"og:site_name\" content=\"IRIS-CC\" \/>\n<meta property=\"article:modified_time\" content=\"2022-12-21T08:36:04+00:00\" \/>\n<meta name=\"twitter:card\" content=\"summary_large_image\" \/>\n<meta name=\"twitter:label1\" content=\"Tiempo de lectura\" \/>\n\t<meta name=\"twitter:data1\" content=\"2 minutos\" \/>\n<script type=\"application\/ld+json\" class=\"yoast-schema-graph\">{\"@context\":\"https:\/\/schema.org\",\"@graph\":[{\"@type\":\"WebPage\",\"@id\":\"https:\/\/iris-cc.cat\/es\/mecenazgo\",\"url\":\"https:\/\/iris-cc.cat\/es\/mecenazgo\",\"name\":\"Mecenazgo - IRIS-CC\",\"isPartOf\":{\"@id\":\"https:\/\/iris-cc.cat\/es#website\"},\"datePublished\":\"2022-11-29T13:01:41+00:00\",\"dateModified\":\"2022-12-21T08:36:04+00:00\",\"breadcrumb\":{\"@id\":\"https:\/\/iris-cc.cat\/es\/mecenazgo#breadcrumb\"},\"inLanguage\":\"es\",\"potentialAction\":[{\"@type\":\"ReadAction\",\"target\":[\"https:\/\/iris-cc.cat\/es\/mecenazgo\"]}]},{\"@type\":\"BreadcrumbList\",\"@id\":\"https:\/\/iris-cc.cat\/es\/mecenazgo#breadcrumb\",\"itemListElement\":[{\"@type\":\"ListItem\",\"position\":1,\"name\":\"Inici\",\"item\":\"https:\/\/iris-cc.cat\/es\"},{\"@type\":\"ListItem\",\"position\":2,\"name\":\"Mecenazgo\"}]},{\"@type\":\"WebSite\",\"@id\":\"https:\/\/iris-cc.cat\/es#website\",\"url\":\"https:\/\/iris-cc.cat\/es\",\"name\":\"IRIS-CC\",\"description\":\"Institut de Recerca i Innovaci\u00f3 en Ci\u00e8ncies de la Vida i de la Salut a la Catalunya Central\",\"publisher\":{\"@id\":\"https:\/\/iris-cc.cat\/es#organization\"},\"potentialAction\":[{\"@type\":\"SearchAction\",\"target\":{\"@type\":\"EntryPoint\",\"urlTemplate\":\"https:\/\/iris-cc.cat\/es?s={search_term_string}\"},\"query-input\":{\"@type\":\"PropertyValueSpecification\",\"valueRequired\":true,\"valueName\":\"search_term_string\"}}],\"inLanguage\":\"es\"},{\"@type\":\"Organization\",\"@id\":\"https:\/\/iris-cc.cat\/es#organization\",\"name\":\"Institut de Recerca i Innovaci\u00f3 en Ci\u00e8ncies de la Vida i de la Salut a la Catalunya Central\",\"url\":\"https:\/\/iris-cc.cat\/es\",\"logo\":{\"@type\":\"ImageObject\",\"inLanguage\":\"es\",\"@id\":\"https:\/\/iris-cc.cat\/es#\/schema\/logo\/image\/\",\"url\":\"https:\/\/iris-cc.cat\/wp-content\/uploads\/2022\/08\/iris-cc-logo.png\",\"contentUrl\":\"https:\/\/iris-cc.cat\/wp-content\/uploads\/2022\/08\/iris-cc-logo.png\",\"width\":628,\"height\":172,\"caption\":\"Institut de Recerca i Innovaci\u00f3 en Ci\u00e8ncies de la Vida i de la Salut a la Catalunya Central\"},\"image\":{\"@id\":\"https:\/\/iris-cc.cat\/es#\/schema\/logo\/image\/\"}}]}<\/script>\n<!-- \/ Yoast SEO plugin. -->","yoast_head_json":{"title":"Mecenazgo - IRIS-CC","robots":{"index":"index","follow":"follow","max-snippet":"max-snippet:-1","max-image-preview":"max-image-preview:large","max-video-preview":"max-video-preview:-1"},"canonical":"https:\/\/iris-cc.cat\/es\/mecenazgo","og_locale":"es_ES","og_type":"article","og_title":"Mecenazgo - IRIS-CC","og_description":"MECENAZGO La Fundaci\u00f3 IRIS-CC promover\u00e1 un modelo solidario con la finalidad de fomentar la participaci\u00f3n de la sociedad (ciudadanos, empresas, fundaciones y entidades p\u00fablicas y privadas) en la financiaci\u00f3n de las \u00e1reas prioritarias de investigaci\u00f3n orientadas a resolver los problemas de salud de las personas. El IRIS-CC tiene grupos de investigaci\u00f3n especializados en: envejecimiento, atenci\u00f3n&hellip;","og_url":"https:\/\/iris-cc.cat\/es\/mecenazgo","og_site_name":"IRIS-CC","article_modified_time":"2022-12-21T08:36:04+00:00","twitter_card":"summary_large_image","twitter_misc":{"Tiempo de lectura":"2 minutos"},"schema":{"@context":"https:\/\/schema.org","@graph":[{"@type":"WebPage","@id":"https:\/\/iris-cc.cat\/es\/mecenazgo","url":"https:\/\/iris-cc.cat\/es\/mecenazgo","name":"Mecenazgo - IRIS-CC","isPartOf":{"@id":"https:\/\/iris-cc.cat\/es#website"},"datePublished":"2022-11-29T13:01:41+00:00","dateModified":"2022-12-21T08:36:04+00:00","breadcrumb":{"@id":"https:\/\/iris-cc.cat\/es\/mecenazgo#breadcrumb"},"inLanguage":"es","potentialAction":[{"@type":"ReadAction","target":["https:\/\/iris-cc.cat\/es\/mecenazgo"]}]},{"@type":"BreadcrumbList","@id":"https:\/\/iris-cc.cat\/es\/mecenazgo#breadcrumb","itemListElement":[{"@type":"ListItem","position":1,"name":"Inici","item":"https:\/\/iris-cc.cat\/es"},{"@type":"ListItem","position":2,"name":"Mecenazgo"}]},{"@type":"WebSite","@id":"https:\/\/iris-cc.cat\/es#website","url":"https:\/\/iris-cc.cat\/es","name":"IRIS-CC","description":"Institut de Recerca i Innovaci\u00f3 en Ci\u00e8ncies de la Vida i de la Salut a la Catalunya Central","publisher":{"@id":"https:\/\/iris-cc.cat\/es#organization"},"potentialAction":[{"@type":"SearchAction","target":{"@type":"EntryPoint","urlTemplate":"https:\/\/iris-cc.cat\/es?s={search_term_string}"},"query-input":{"@type":"PropertyValueSpecification","valueRequired":true,"valueName":"search_term_string"}}],"inLanguage":"es"},{"@type":"Organization","@id":"https:\/\/iris-cc.cat\/es#organization","name":"Institut de Recerca i Innovaci\u00f3 en Ci\u00e8ncies de la Vida i de la Salut a la Catalunya Central","url":"https:\/\/iris-cc.cat\/es","logo":{"@type":"ImageObject","inLanguage":"es","@id":"https:\/\/iris-cc.cat\/es#\/schema\/logo\/image\/","url":"https:\/\/iris-cc.cat\/wp-content\/uploads\/2022\/08\/iris-cc-logo.png","contentUrl":"https:\/\/iris-cc.cat\/wp-content\/uploads\/2022\/08\/iris-cc-logo.png","width":628,"height":172,"caption":"Institut de Recerca i Innovaci\u00f3 en Ci\u00e8ncies de la Vida i de la Salut a la Catalunya Central"},"image":{"@id":"https:\/\/iris-cc.cat\/es#\/schema\/logo\/image\/"}}]}},"_links":{"self":[{"href":"https:\/\/iris-cc.cat\/es\/wp-json\/wp\/v2\/pages\/9736","targetHints":{"allow":["GET"]}}],"collection":[{"href":"https:\/\/iris-cc.cat\/es\/wp-json\/wp\/v2\/pages"}],"about":[{"href":"https:\/\/iris-cc.cat\/es\/wp-json\/wp\/v2\/types\/page"}],"author":[{"embeddable":true,"href":"https:\/\/iris-cc.cat\/es\/wp-json\/wp\/v2\/users\/1"}],"replies":[{"embeddable":true,"href":"https:\/\/iris-cc.cat\/es\/wp-json\/wp\/v2\/comments?post=9736"}],"version-history":[{"count":7,"href":"https:\/\/iris-cc.cat\/es\/wp-json\/wp\/v2\/pages\/9736\/revisions"}],"predecessor-version":[{"id":9893,"href":"https:\/\/iris-cc.cat\/es\/wp-json\/wp\/v2\/pages\/9736\/revisions\/9893"}],"wp:attachment":[{"href":"https:\/\/iris-cc.cat\/es\/wp-json\/wp\/v2\/media?parent=9736"}],"curies":[{"name":"wp","href":"https:\/\/api.w.org\/{rel}","templated":true}]}}