{"id":9772,"date":"2022-09-14T14:31:10","date_gmt":"2022-09-14T14:31:10","guid":{"rendered":"https:\/\/iris-cc.cat\/politica-de-cookies"},"modified":"2022-12-14T12:56:12","modified_gmt":"2022-12-14T12:56:12","slug":"politica-de-cookies","status":"publish","type":"page","link":"https:\/\/iris-cc.cat\/es\/politica-de-cookies","title":{"rendered":"Pol\u00edtica de cookies"},"content":{"rendered":"\t\t<div data-elementor-type=\"wp-page\" data-elementor-id=\"9772\" class=\"elementor elementor-9772 elementor-7446\" data-elementor-post-type=\"page\">\n\t\t\t\t\t\t<section class=\"elementor-section elementor-top-section elementor-element elementor-element-26b1845 elementor-section-boxed elementor-section-height-default elementor-section-height-default\" data-id=\"26b1845\" data-element_type=\"section\">\n\t\t\t\t\t\t<div class=\"elementor-container elementor-column-gap-default\">\n\t\t\t\t\t<div class=\"elementor-column elementor-col-100 elementor-top-column elementor-element elementor-element-9361d7f\" data-id=\"9361d7f\" data-element_type=\"column\">\n\t\t\t<div class=\"elementor-widget-wrap elementor-element-populated\">\n\t\t\t\t\t\t<div class=\"elementor-element elementor-element-bfcc32f elementor-widget elementor-widget-heading\" data-id=\"bfcc32f\" data-element_type=\"widget\" data-widget_type=\"heading.default\">\n\t\t\t\t<div class=\"elementor-widget-container\">\n\t\t\t<h2 class=\"elementor-heading-title elementor-size-default\">Pol\u00edtica de cookies<\/h2>\t\t<\/div>\n\t\t\t\t<\/div>\n\t\t\t\t<div class=\"elementor-element elementor-element-db7372b elementor-widget elementor-widget-text-editor\" data-id=\"db7372b\" data-element_type=\"widget\" data-widget_type=\"text-editor.default\">\n\t\t\t\t<div class=\"elementor-widget-container\">\n\t\t\t\t\t\t\t<p>FUNDACI\u00d3 IRIS-CC (INSTITUT DE RECERCA I INNOVACI\u00d3 EN CI\u00c8NCIES DE LA VIDA I LA SALUT A LA CATALUNYA CENTRAL), ahora en adelante el RESPONSABLE, a trav\u00e9s del presente documento, recoge su Pol\u00edtica de recogida y tratamiento de cookies, en cumplimiento del que dispone el art\u00edculo 22.2 de la Ley 34\/2002, de 11 de julio, de Servicios de la sociedad de la Informaci\u00f3n y de Comercio Electr\u00f3nico (LSSI-CE).<\/p>\n<p>Las cookies se almacenan al equipo terminal del usuario (ordenador o dispositivo m\u00f3vil) y recopilan informaci\u00f3n al visitar la p\u00e1gina web www.iris-cc.cat, con el fin de mejorar la usabilidad de la misma, conocer los h\u00e1bitos o necesidades de navegaci\u00f3n de los usuarios para poder adaptarse a los mismos, as\u00ed como obtener informaci\u00f3n con fines estad\u00edsticos. En el caso de aquellos usuarios que ya sean clientes del RESPONSABLE, la informaci\u00f3n recogida con las cookies servir\u00e1 tambi\u00e9n para su identificaci\u00f3n al acceder a las diferentes herramientas que el RESPONSABLE pone a su disposici\u00f3n para la gesti\u00f3n de los servicios.<\/p>\n<p>La presente Pol\u00edtica de cookies se aplicar\u00e1 a aquellos usuarios que voluntariamente visiten las p\u00e1ginas web del RESPONSABLE, rellenen formularios de recogida de datos, accedan a las herramientas que el RESPONSABLE pone a disposici\u00f3n de sus clientes para gestionar sus servicios, o utilicen cualquiera otro servicio presente en el sitio web que implique la comunicaci\u00f3n de datos al RESPONSABLE, o el acceso a datos por el RESPONSABLE para la prestaci\u00f3n de sus servicios.<\/p>\n<p>El RESPONSABLE informa los usuarios de sus p\u00e1ginas web, de la existencia de cookies y pone a su disposici\u00f3n la presente Pol\u00edtica con el fin de informarlos sobre el uso y del objeto de estas. El hecho de continuar la navegaci\u00f3n a trav\u00e9s de sus p\u00e1ginas supone el conocimiento y la aceptaci\u00f3n de la presente Pol\u00edtica por parte de estos usuarios.<\/p>\n<p>El RESPONSABLE utiliza los siguientes tipos de cookies:<\/p>\n<p>Clasificadas seg\u00fan su <u>titularidad<\/u>:<\/p>\n<ul>\n<li>Cookies propias: enviadas y gestionadas directamente por el RESPONSABLE.<\/li>\n<li>Cookies de terceros: enviadas y gestionadas por un tercero ajeno a el RESPONSABLE, de forma an\u00f3nima, con el fin de realizar estudios estad\u00edsticos de navegaci\u00f3n por las p\u00e1ginas web del RESPONSABLE.<\/li>\n<\/ul>\n<p>Clasificadas seg\u00fan su <u>finalidad<\/u>:<\/p>\n<ul>\n<li>Cookies t\u00e9cnicas y\/o de personalizaci\u00f3n: facilitan la navegaci\u00f3n al identificar la sesi\u00f3n, permitir el acceso a herramientas de acceso restringido, adem\u00e1s de configurar a medida las opciones disponibles. Posibilitan la prestaci\u00f3n del servicio solicitado previamente por el usuario.<\/li>\n<li>Cookies de an\u00e1lisis y\/o publicidad: permiten conocer el n\u00famero de visitas recibidas en las diferentes secciones de las p\u00e1ginas web, los h\u00e1bitos y tendencias de sus usuarios y en consecuencia, poder mejorar la navegaci\u00f3n y el servicio ofrecido por el RESPONSABLE (fundamentalmente, Google Analytics*), as\u00ed como gestionar los espacios publicitarios incluidos en la p\u00e1gina web visitada por el usuario. Recoge datos de forma an\u00f3nima con el fin de obtener perfiles de navegaci\u00f3n de los usuarios.<\/li>\n<\/ul>\n<p>Clasificadas seg\u00fan su <u>duraci\u00f3n<\/u>:<\/p>\n<ul>\n<li>Cookies de sesi\u00f3n: recogen y almacenan los datos mientras el usuario accede en la p\u00e1gina web.<\/li>\n<li>Cookies persistentes: recaudan y almacenan los datos en el terminal del usuario durante un periodo de tiempo variable en funci\u00f3n de qu\u00e9 sea la finalidad para la cual han sido utilizadas.<\/li>\n<\/ul>\n<p><strong><br><\/strong><\/p><p><strong>\u00bfQU\u00c9 TIPO DE COOKIES UTILIZA LA WEB?<\/strong><\/p>\n<table width=\"578\">\n<thead>\n<tr>\n<td width=\"72\">\n<p>&nbsp;<strong>Cookie<\/strong><\/p>\n<\/td>\n<td width=\"141\">\n<p><strong>Nombre<\/strong><\/p>\n<\/td>\n<td width=\"131\">\n<p><strong>Finalidad<\/strong><\/p>\n<\/td>\n<td width=\"223\">\n<p><strong>M\u00e1s informaci\u00f3n<\/strong><\/p>\n<\/td>\n<\/tr>\n<\/thead>\n<tbody>\n<tr>\n<td width=\"72\">\n<p>WordPress<\/p>\n<\/td>\n<td width=\"141\">\n<p>__wpdm_client<\/p>\n<\/td>\n<td width=\"131\">\n<p>Cookie necesaria para la utilizaci\u00f3n de las opciones y servicios del sitio web<\/p>\n<\/td>\n<td width=\"223\">\n<p><a href=\"https:\/\/es.wordpress.org\/about\/privacy\/\">https:\/\/es.wordpress.org\/about\/privacy\/<\/a><\/p>\n<\/td>\n<\/tr>\n<tr>\n<td width=\"72\">\n<p>WordPress<\/p>\n<\/td>\n<td width=\"141\">\n<p>wordpress_test_cookie<\/p>\n<\/td>\n<td width=\"131\">\n<p>Esta cookie se usa para que el gestor de contenidos WordPress compruebe si el navegador tiene las cookies activadas y por tanto, si el usuario acepta cookies<\/p>\n<\/td>\n<td width=\"223\">\n<p><a href=\"https:\/\/es.wordpress.org\/about\/privacy\/\">https:\/\/es.wordpress.org\/about\/privacy\/<\/a><\/p>\n<\/td>\n<\/tr>\n<tr>\n<td width=\"72\">\n<p>WordPress<\/p>\n<\/td>\n<td width=\"141\">\n<p>wordpress_sec_<\/p>\n<\/td>\n<td width=\"131\">\n<p>Se utiliza como clave para controlar el acceso de un usuario al servicio de WordPress<\/p>\n<\/td>\n<td width=\"223\">\n<p><a href=\"https:\/\/es.wordpress.org\/about\/privacy\/\">https:\/\/es.wordpress.org\/about\/privacy\/<\/a><\/p>\n<\/td>\n<\/tr>\n<tr>\n<td width=\"72\">\n<p>WordPress<\/p>\n<\/td>\n<td width=\"141\">\n<p>wordpress_logged_in_<\/p>\n<\/td>\n<td width=\"131\">\n<p>Cookie de WordPress para usuarios con sesi\u00f3n iniciada<\/p>\n<\/td>\n<td width=\"223\">\n<p><a href=\"https:\/\/es.wordpress.org\/about\/privacy\/\">https:\/\/es.wordpress.org\/about\/privacy\/<\/a><\/p>\n<\/td>\n<\/tr>\n<tr>\n<td width=\"72\">\n<p>WordPress<\/p>\n<\/td>\n<td width=\"141\">\n<p>cookies_and_content_security_policy<\/p>\n<\/td>\n<td width=\"131\">\n<p>Se usa para poder aceptar la pol\u00edtica de cookies y que no aparezca cada vez que visitamos otra parte de la web<\/p>\n<\/td>\n<td width=\"223\">\n<p><a href=\"https:\/\/es.wordpress.org\/about\/privacy\/\">https:\/\/es.wordpress.org\/about\/privacy\/<\/a><\/p>\n<\/td>\n<\/tr>\n<tr>\n<td width=\"72\">\n<p>WordPress<\/p>\n<\/td>\n<td width=\"141\">\n<p>wp-settings-{time}-{UID}<\/p>\n<\/td>\n<td width=\"131\">\n<p>El UID situado al final del nombre de la cookie contiene el ID de usuario almacenado en la base de datos de WordPress. Se usa para almacenar el aspecto de la interfaz de administraci\u00f3n y puede ser usada para almacenar el aspecto del sitio principal<\/p>\n<\/td>\n<td width=\"223\">\n<p><a href=\"https:\/\/es.wordpress.org\/about\/privacy\/\">https:\/\/es.wordpress.org\/about\/privacy\/<\/a><\/p>\n<\/td>\n<\/tr>\n<tr>\n<td width=\"72\">\n<p>Google Analytics<\/p>\n<\/td>\n<td width=\"141\">\n<p>__gid<\/p>\n<\/td>\n<td width=\"131\">\n<p>Se utiliza para identificar al mismo usuario durante un \u00fanico d\u00eda.<\/p>\n<\/td>\n<td width=\"223\">\n<p><a href=\"http:\/\/www.google.com\/intl\/es\/analytics\/privacyoverview.html\">\u2013 Centro de privacidad de Google<\/a><br><a href=\"https:\/\/tools.google.com\/dlpage\/gaoptout?hl=es\">\u2013 Complemento de inhabilitaci\u00f3n de Google Analytics<\/a><\/p>\n<\/td>\n<\/tr>\n<tr>\n<td width=\"72\">\n<p>Google Analytics<\/p>\n<\/td>\n<td width=\"141\">\n<p>__ga<\/p>\n<\/td>\n<td width=\"131\">\n<p>Se utiliza para identificar y distinguir a un usuario. Almacenan un identificador de cliente \u00fanico (ID de cliente), que se genera aleatoriamente. Se utiliza para calcular las interacciones de los usuarios (visitas, los datos de usuarios, sesiones y campa\u00f1as), con el fin de optimizar los servicios que ofrecen.<\/p>\n<\/td>\n<td width=\"223\">\n<p><a href=\"http:\/\/www.google.com\/intl\/es\/analytics\/privacyoverview.html\">\u2013 Centro de privacidad de Google<\/a><br><a href=\"https:\/\/tools.google.com\/dlpage\/gaoptout?hl=es\">\u2013 Complemento de inhabilitaci\u00f3n de Google Analytics<\/a><\/p>\n<\/td>\n<\/tr>\n<tr>\n<td width=\"72\">\n<p>Google Analytics<\/p>\n<\/td>\n<td width=\"141\">\n<p>___gat<\/p>\n<\/td>\n<td width=\"131\">\n<p>Se utiliza para diferenciar entre los diferentes objetos de seguimiento creados en la sesi\u00f3n. La cookie se actualiza cada vez que env\u00eda los datos a Google Analytics.<\/p>\n<\/td>\n<td width=\"223\">\n<p><a href=\"http:\/\/www.google.com\/intl\/es\/analytics\/privacyoverview.html\">\u2013 Centro de privacidad de Google<\/a><br><a href=\"https:\/\/tools.google.com\/dlpage\/gaoptout?hl=es\">\u2013 Complemento de <\/a><\/p>\n<\/td>\n<\/tr>\n<\/tbody>\n<\/table>\n<p>El tiempo de conservaci\u00f3n de las cookies depender\u00e1 del tipo de que se trate y siempre ser\u00e1 el m\u00ednimo indispensable para cumplir su finalidad.<\/p>\n<p>En cualquier caso, los usuarios pueden configurar su navegador, de forma que se desactive o bloquee la recepci\u00f3n de todas o algunas de las cookies. El hecho de no desear recibir estas cookies no constituye un impedimento para poder acceder a la informaci\u00f3n de los sitios web del RESPONSABLE aunque el uso de algunos servicios podr\u00e1 ser limitado. Si una vez otorgado el consentimiento para la recepci\u00f3n de cookies se deseara retirarlo, se habr\u00e1n eliminar aquellas cookies almacenadas al equipo del usuario, a trav\u00e9s de las opciones de los diferentes navegadores.<\/p>\n<p>La forma de configurar los diferentes navegadores para ejercitar las acciones se\u00f1aladas en los p\u00e1rrafos anteriores se puede consultar a:<\/p>\n<ul>\n<li>Explorer: <a href=\"https:\/\/support.microsoft.com\/es-es\/help\/17442\/windows-internet-explorer-delete-manage-cookies#ie=ie-10\">https:\/\/support.microsoft.com\/es-es\/help\/17442\/windows-internet-explorer-delete-manage-cookies#ie=ie-10<\/a><\/li>\n<li>Chrome: <a href=\"https:\/\/support.google.com\/chrome\/answer\/95647?hl=es\">https:\/\/support.google.com\/chrome\/answer\/95647?hl=es<\/a><\/li>\n<li>Firefox: <a href=\"https:\/\/support.mozilla.org\/es\/kb\/cookies-informacion-que-los-sitios-web-guardan-en-#w_configurar-las-cookies\">https:\/\/support.mozilla.org\/es\/kb\/cookies-informacion-que-los-sitios-web-guardan-en-#w_configurar-las-cookies<\/a><\/li>\n<li>Safari: <a href=\"https:\/\/support.apple.com\/kb\/ph21411?locale=es_ES\">https:\/\/support.apple.com\/kb\/ph21411?locale=es_ES<\/a><\/li>\n<li>Opera: <a href=\"https:\/\/help.opera.com\/es\/Windows\/11.50\/es-ES\/cookies.html\">https:\/\/help.opera.com\/es\/Windows\/11.50\/es-ES\/cookies.html<\/a><\/li>\n<\/ul>\n<p><u>Ampliaci\u00f3n de Google Analytics<\/u><\/p>\n<p>Esta p\u00e1gina web utiliza Google Analytics, un servicio anal\u00edtico web proporcionado por Google, Inc. (Google, ahora en adelante). Google Analytics utiliza las llamadas \u201ccookies\u201d, archivos de texto que se instalan en el ordenador y que hacen posible el an\u00e1lisis del comportamiento de los usuarios en Internet. La informaci\u00f3n que genera la cookie acerca del uso que realiza el usuario de la p\u00e1gina web se transmite y se almacena generalmente en los servidores de Google de Estados Unidos. En caso de activar la opci\u00f3n de IP an\u00f3nima en la p\u00e1gina web, la direcci\u00f3n IP no aparecer\u00e1 completa dentro de los pa\u00edses de la Uni\u00f3n Europea o en los dem\u00e1s pa\u00edses que as\u00ed lo hayan acordado dentro del espacio econ\u00f3mico de la Uni\u00f3n Europea. S\u00f3lo excepcionalmente se transmitir\u00e1 la direcci\u00f3n IP completa a un servidor de Google en Estados Unidos y una vez all\u00ed se acortar\u00e1. \u00danicamente con autorizaci\u00f3n del usuario de la p\u00e1gina, Google utilizar\u00e1 esta informaci\u00f3n con el fin de valorar el comportamiento del usuario en la p\u00e1gina web, generar informes sobre las actividades de la web y ofrecer al due\u00f1o de la p\u00e1gina servicios relacionados con el uso web y de Internet. La direcci\u00f3n IP transmitida por su navegador en el marco de Google Analytics no se asociar\u00e1 con otros datos de Google. El usuario puede evitar el almacenamiento de cookies configurando el navegador correspondientemente de manera que no se almacenen las cookies. Esta configuraci\u00f3n puede afectar a la plena funcionalidad de la p\u00e1gina web. Con el uso de esta web, el usuario est\u00e1 de acuerdo con el procesamiento de datos por Google de la forma anteriormente mencionada. El usuario tambi\u00e9n puede evitar el registro de los datos generados por las cookies y de los relacionados al uso de la p\u00e1gina web (incluida la direcci\u00f3n IP), as\u00ed como el procesamiento de los mismos descargando e instalando el siguiente plugin para el navegador disponible a trav\u00e9s de este link: <a href=\"http:\/\/tools.google.com\/dlpage\/gaoptout\">163<\/a><\/p>\n<p>M\u00e1s informaci\u00f3n acerca de los t\u00e9rminos y condiciones de uso y pol\u00edtica de privacidad en las <a href=\"https:\/\/www.google.com\/analytics\/terms\/es.html\">condiciones de uso de Google Analytics<\/a> o en las <a href=\"https:\/\/support.google.com\/analytics\/answer\/6004245\">condiciones generales de Google Analytics<\/a>. Ten en cuenta que en esta p\u00e1gina el c\u00f3digo de Google analytics incluye la etiqueta \u201cgat._anonymizeIp();\u201d, que asegura la recolecci\u00f3n de direcciones IP de manera an\u00f3nima (m\u00e1scara de IP).<\/p>\t\t\t\t\t\t<\/div>\n\t\t\t\t<\/div>\n\t\t\t\t\t<\/div>\n\t\t<\/div>\n\t\t\t\t\t<\/div>\n\t\t<\/section>\n\t\t\t\t<\/div>\n\t\t","protected":false},"excerpt":{"rendered":"<p>Pol\u00edtica de cookies FUNDACI\u00d3 IRIS-CC (INSTITUT DE RECERCA I INNOVACI\u00d3 EN CI\u00c8NCIES DE LA VIDA I LA SALUT A LA CATALUNYA CENTRAL), ahora en adelante el RESPONSABLE, a trav\u00e9s del presente documento, recoge su Pol\u00edtica de recogida y tratamiento de cookies, en cumplimiento del que dispone el art\u00edculo 22.2 de la Ley 34\/2002, de 11&hellip;<\/p>\n","protected":false},"author":1,"featured_media":0,"parent":0,"menu_order":0,"comment_status":"closed","ping_status":"closed","template":"","meta":{"footnotes":""},"class_list":["post-9772","page","type-page","status-publish","hentry"],"yoast_head":"<!-- This site is optimized with the Yoast SEO plugin v23.9 - https:\/\/yoast.com\/wordpress\/plugins\/seo\/ -->\n<title>Pol\u00edtica de cookies - IRIS-CC<\/title>\n<meta name=\"robots\" content=\"noindex, follow\" \/>\n<meta property=\"og:locale\" content=\"es_ES\" \/>\n<meta property=\"og:type\" content=\"article\" \/>\n<meta property=\"og:title\" content=\"Pol\u00edtica de cookies - IRIS-CC\" \/>\n<meta property=\"og:description\" content=\"Pol\u00edtica de cookies FUNDACI\u00d3 IRIS-CC (INSTITUT DE RECERCA I INNOVACI\u00d3 EN CI\u00c8NCIES DE LA VIDA I LA SALUT A LA CATALUNYA CENTRAL), ahora en adelante el RESPONSABLE, a trav\u00e9s del presente documento, recoge su Pol\u00edtica de recogida y tratamiento de cookies, en cumplimiento del que dispone el art\u00edculo 22.2 de la Ley 34\/2002, de 11&hellip;\" \/>\n<meta property=\"og:url\" content=\"https:\/\/iris-cc.cat\/es\/politica-de-cookies\" \/>\n<meta property=\"og:site_name\" content=\"IRIS-CC\" \/>\n<meta property=\"article:modified_time\" content=\"2022-12-14T12:56:12+00:00\" \/>\n<meta name=\"twitter:card\" content=\"summary_large_image\" \/>\n<meta name=\"twitter:label1\" content=\"Tiempo de lectura\" \/>\n\t<meta name=\"twitter:data1\" content=\"7 minutos\" \/>\n<script type=\"application\/ld+json\" class=\"yoast-schema-graph\">{\"@context\":\"https:\/\/schema.org\",\"@graph\":[{\"@type\":\"WebPage\",\"@id\":\"https:\/\/iris-cc.cat\/es\/politica-de-cookies\",\"url\":\"https:\/\/iris-cc.cat\/es\/politica-de-cookies\",\"name\":\"Pol\u00edtica de cookies - IRIS-CC\",\"isPartOf\":{\"@id\":\"https:\/\/iris-cc.cat\/es#website\"},\"datePublished\":\"2022-09-14T14:31:10+00:00\",\"dateModified\":\"2022-12-14T12:56:12+00:00\",\"breadcrumb\":{\"@id\":\"https:\/\/iris-cc.cat\/es\/politica-de-cookies#breadcrumb\"},\"inLanguage\":\"es\",\"potentialAction\":[{\"@type\":\"ReadAction\",\"target\":[\"https:\/\/iris-cc.cat\/es\/politica-de-cookies\"]}]},{\"@type\":\"BreadcrumbList\",\"@id\":\"https:\/\/iris-cc.cat\/es\/politica-de-cookies#breadcrumb\",\"itemListElement\":[{\"@type\":\"ListItem\",\"position\":1,\"name\":\"Inici\",\"item\":\"https:\/\/iris-cc.cat\/es\"},{\"@type\":\"ListItem\",\"position\":2,\"name\":\"Pol\u00edtica de cookies\"}]},{\"@type\":\"WebSite\",\"@id\":\"https:\/\/iris-cc.cat\/es#website\",\"url\":\"https:\/\/iris-cc.cat\/es\",\"name\":\"IRIS-CC\",\"description\":\"Institut de Recerca i Innovaci\u00f3 en Ci\u00e8ncies de la Vida i de la Salut a la Catalunya Central\",\"publisher\":{\"@id\":\"https:\/\/iris-cc.cat\/es#organization\"},\"potentialAction\":[{\"@type\":\"SearchAction\",\"target\":{\"@type\":\"EntryPoint\",\"urlTemplate\":\"https:\/\/iris-cc.cat\/es?s={search_term_string}\"},\"query-input\":{\"@type\":\"PropertyValueSpecification\",\"valueRequired\":true,\"valueName\":\"search_term_string\"}}],\"inLanguage\":\"es\"},{\"@type\":\"Organization\",\"@id\":\"https:\/\/iris-cc.cat\/es#organization\",\"name\":\"Institut de Recerca i Innovaci\u00f3 en Ci\u00e8ncies de la Vida i de la Salut a la Catalunya Central\",\"url\":\"https:\/\/iris-cc.cat\/es\",\"logo\":{\"@type\":\"ImageObject\",\"inLanguage\":\"es\",\"@id\":\"https:\/\/iris-cc.cat\/es#\/schema\/logo\/image\/\",\"url\":\"https:\/\/iris-cc.cat\/wp-content\/uploads\/2022\/08\/iris-cc-logo.png\",\"contentUrl\":\"https:\/\/iris-cc.cat\/wp-content\/uploads\/2022\/08\/iris-cc-logo.png\",\"width\":628,\"height\":172,\"caption\":\"Institut de Recerca i Innovaci\u00f3 en Ci\u00e8ncies de la Vida i de la Salut a la Catalunya Central\"},\"image\":{\"@id\":\"https:\/\/iris-cc.cat\/es#\/schema\/logo\/image\/\"}}]}<\/script>\n<!-- \/ Yoast SEO plugin. -->","yoast_head_json":{"title":"Pol\u00edtica de cookies - IRIS-CC","robots":{"index":"noindex","follow":"follow"},"og_locale":"es_ES","og_type":"article","og_title":"Pol\u00edtica de cookies - IRIS-CC","og_description":"Pol\u00edtica de cookies FUNDACI\u00d3 IRIS-CC (INSTITUT DE RECERCA I INNOVACI\u00d3 EN CI\u00c8NCIES DE LA VIDA I LA SALUT A LA CATALUNYA CENTRAL), ahora en adelante el RESPONSABLE, a trav\u00e9s del presente documento, recoge su Pol\u00edtica de recogida y tratamiento de cookies, en cumplimiento del que dispone el art\u00edculo 22.2 de la Ley 34\/2002, de 11&hellip;","og_url":"https:\/\/iris-cc.cat\/es\/politica-de-cookies","og_site_name":"IRIS-CC","article_modified_time":"2022-12-14T12:56:12+00:00","twitter_card":"summary_large_image","twitter_misc":{"Tiempo de lectura":"7 minutos"},"schema":{"@context":"https:\/\/schema.org","@graph":[{"@type":"WebPage","@id":"https:\/\/iris-cc.cat\/es\/politica-de-cookies","url":"https:\/\/iris-cc.cat\/es\/politica-de-cookies","name":"Pol\u00edtica de cookies - IRIS-CC","isPartOf":{"@id":"https:\/\/iris-cc.cat\/es#website"},"datePublished":"2022-09-14T14:31:10+00:00","dateModified":"2022-12-14T12:56:12+00:00","breadcrumb":{"@id":"https:\/\/iris-cc.cat\/es\/politica-de-cookies#breadcrumb"},"inLanguage":"es","potentialAction":[{"@type":"ReadAction","target":["https:\/\/iris-cc.cat\/es\/politica-de-cookies"]}]},{"@type":"BreadcrumbList","@id":"https:\/\/iris-cc.cat\/es\/politica-de-cookies#breadcrumb","itemListElement":[{"@type":"ListItem","position":1,"name":"Inici","item":"https:\/\/iris-cc.cat\/es"},{"@type":"ListItem","position":2,"name":"Pol\u00edtica de cookies"}]},{"@type":"WebSite","@id":"https:\/\/iris-cc.cat\/es#website","url":"https:\/\/iris-cc.cat\/es","name":"IRIS-CC","description":"Institut de Recerca i Innovaci\u00f3 en Ci\u00e8ncies de la Vida i de la Salut a la Catalunya Central","publisher":{"@id":"https:\/\/iris-cc.cat\/es#organization"},"potentialAction":[{"@type":"SearchAction","target":{"@type":"EntryPoint","urlTemplate":"https:\/\/iris-cc.cat\/es?s={search_term_string}"},"query-input":{"@type":"PropertyValueSpecification","valueRequired":true,"valueName":"search_term_string"}}],"inLanguage":"es"},{"@type":"Organization","@id":"https:\/\/iris-cc.cat\/es#organization","name":"Institut de Recerca i Innovaci\u00f3 en Ci\u00e8ncies de la Vida i de la Salut a la Catalunya Central","url":"https:\/\/iris-cc.cat\/es","logo":{"@type":"ImageObject","inLanguage":"es","@id":"https:\/\/iris-cc.cat\/es#\/schema\/logo\/image\/","url":"https:\/\/iris-cc.cat\/wp-content\/uploads\/2022\/08\/iris-cc-logo.png","contentUrl":"https:\/\/iris-cc.cat\/wp-content\/uploads\/2022\/08\/iris-cc-logo.png","width":628,"height":172,"caption":"Institut de Recerca i Innovaci\u00f3 en Ci\u00e8ncies de la Vida i de la Salut a la Catalunya Central"},"image":{"@id":"https:\/\/iris-cc.cat\/es#\/schema\/logo\/image\/"}}]}},"_links":{"self":[{"href":"https:\/\/iris-cc.cat\/es\/wp-json\/wp\/v2\/pages\/9772","targetHints":{"allow":["GET"]}}],"collection":[{"href":"https:\/\/iris-cc.cat\/es\/wp-json\/wp\/v2\/pages"}],"about":[{"href":"https:\/\/iris-cc.cat\/es\/wp-json\/wp\/v2\/types\/page"}],"author":[{"embeddable":true,"href":"https:\/\/iris-cc.cat\/es\/wp-json\/wp\/v2\/users\/1"}],"replies":[{"embeddable":true,"href":"https:\/\/iris-cc.cat\/es\/wp-json\/wp\/v2\/comments?post=9772"}],"version-history":[{"count":6,"href":"https:\/\/iris-cc.cat\/es\/wp-json\/wp\/v2\/pages\/9772\/revisions"}],"predecessor-version":[{"id":9778,"href":"https:\/\/iris-cc.cat\/es\/wp-json\/wp\/v2\/pages\/9772\/revisions\/9778"}],"wp:attachment":[{"href":"https:\/\/iris-cc.cat\/es\/wp-json\/wp\/v2\/media?parent=9772"}],"curies":[{"name":"wp","href":"https:\/\/api.w.org\/{rel}","templated":true}]}}